{"id":22088,"date":"2023-03-10T08:25:33","date_gmt":"2023-03-10T08:25:33","guid":{"rendered":"https:\/\/chilimag.hu\/webshop\/?post_type=product&#038;p=22088"},"modified":"2026-02-12T00:04:40","modified_gmt":"2026-02-12T00:04:40","slug":"paradicsom-rozalux-florian-profi-bg","status":"publish","type":"product","link":"https:\/\/chilimag.hu\/webshop\/termek\/paradicsom-rozalux-florian-profi-bg\/","title":{"rendered":"Paradicsom Rozalux Profi Florian Bg"},"content":{"rendered":"","protected":false},"excerpt":{"rendered":"<p><img decoding=\"async\" class=\"img-inline\" src=\"https:\/\/brcci.eu\/cache\/thumbnails\/12ecd0e6e419f1b9b1484ef02ad361979dd8e054\/1a6c5e1406ad462ca86d17b2800862d7f837862c-829875ad0a268b741b7edd818ffce098.png\" alt=\"FLORIAN OOD\" \/><\/p>\n<p>A Rozalux paradicsom \u00faj fajt\u00e1ja (Giant t\u00edpus\u00fa Pink Tomatoes), k\u00f6zvetlen n\u00f6veked\u00e9s\u0171, hat\u00e1rozatlan, f\u00e9lkorai, nagy term\u0151k\u00e9pess\u00e9g\u0171, nagy r\u00f3zsasz\u00edn term\u00e9ssel. A n\u00f6v\u00e9nyek er\u0151sek, vastag sz\u00e1r\u00faak, r\u00f6vid \u00e9s k\u00f6zepes intern\u00f3diumokkal. Miel\u0151tt a gy\u00fcm\u00f6lcs be\u00e9rne, a farkuk k\u00f6r\u00fcl egy k\u00f6zepes m\u00e9ret\u0171 z\u00f6ld gy\u0171r\u0171 van, amely elt\u0171nik, amikor a paradicsom \u00e9rik. Az \u00e9rett term\u00e9sek r\u00f3zsasz\u00edn\u0171ek, lapos g\u00f6mb\u00f6ly\u0171ek, r\u00f6vid farokkal, sim\u00e1k vagy a farok k\u00f6r\u00fcl gyenge bord\u00e1kkal, nagyok vagy nagyon nagyok, gy\u00fcm\u00f6lcs\u00f6k s\u00falya 300-800 gramm. A Rozalux kiv\u00e1l\u00f3 \u00edztulajdons\u00e1gokkal rendelkezik, \u00e9des-savany\u00fa \u00edz\u0171, saj\u00e1tos arom\u00e1j\u00fa. A fajta f\u00e9lkorai termeszt\u00e9sre alkalmas szabadf\u00f6ld\u00f6n \u00e9s szol\u00e1ris k\u00f6rnyezetben. A Rozalux friss fogyaszt\u00e1sra k\u00e9sz\u00fclt.<\/p>\n<p>A csomag 0,3 grammot tartalmaz<\/p>\n","protected":false},"featured_media":23435,"comment_status":"closed","ping_status":"closed","template":"","meta":[],"product_brand":[],"product_cat":[381],"product_tag":[],"class_list":{"0":"post-22088","1":"product","2":"type-product","3":"status-publish","4":"has-post-thumbnail","6":"product_cat-paradicsom-vetomagok-bolgar-florian-vetomagok","8":"first","9":"instock","10":"taxable","11":"shipping-taxable","12":"purchasable","13":"product-type-simple"},"_links":{"self":[{"href":"https:\/\/chilimag.hu\/webshop\/wp-json\/wp\/v2\/product\/22088","targetHints":{"allow":["GET"]}}],"collection":[{"href":"https:\/\/chilimag.hu\/webshop\/wp-json\/wp\/v2\/product"}],"about":[{"href":"https:\/\/chilimag.hu\/webshop\/wp-json\/wp\/v2\/types\/product"}],"replies":[{"embeddable":true,"href":"https:\/\/chilimag.hu\/webshop\/wp-json\/wp\/v2\/comments?post=22088"}],"wp:featuredmedia":[{"embeddable":true,"href":"https:\/\/chilimag.hu\/webshop\/wp-json\/wp\/v2\/media\/23435"}],"wp:attachment":[{"href":"https:\/\/chilimag.hu\/webshop\/wp-json\/wp\/v2\/media?parent=22088"}],"wp:term":[{"taxonomy":"product_brand","embeddable":true,"href":"https:\/\/chilimag.hu\/webshop\/wp-json\/wp\/v2\/product_brand?post=22088"},{"taxonomy":"product_cat","embeddable":true,"href":"https:\/\/chilimag.hu\/webshop\/wp-json\/wp\/v2\/product_cat?post=22088"},{"taxonomy":"product_tag","embeddable":true,"href":"https:\/\/chilimag.hu\/webshop\/wp-json\/wp\/v2\/product_tag?post=22088"}],"curies":[{"name":"wp","href":"https:\/\/api.w.org\/{rel}","templated":true}]}}