{"id":22079,"date":"2023-03-09T20:31:26","date_gmt":"2023-03-09T20:31:26","guid":{"rendered":"https:\/\/chilimag.hu\/webshop\/?post_type=product&#038;p=22079"},"modified":"2026-05-08T04:44:42","modified_gmt":"2026-05-08T04:44:42","slug":"bab-matilda-zoldbab-z-s-sl","status":"publish","type":"product","link":"https:\/\/chilimag.hu\/webshop\/termek\/bab-matilda-zoldbab-z-s-sl\/","title":{"rendered":"Bab Matilda (Z\u00f6ldbab) Z.S SL"},"content":{"rendered":"","protected":false},"excerpt":{"rendered":"<p><img decoding=\"async\" class=\"active-logo\" src=\"https:\/\/b2b.seklos.lt\/themes\/warehouse\/img\/logo_en.png\" alt=\"Agrofirma S\u0117klos, UAB\" width=\"280\" height=\"95\" \/><\/p>\n<p>Kor\u00e1n k\u00fasz\u00f3 franciabab fajta, ellen\u00e1ll a babmozaik v\u00edrusnak. A veget\u00e1ci\u00f3s id\u0151szak 62 nap. A n\u00f6v\u00e9nyek d\u00fasak. A betakar\u00edt\u00e1s b\u0151s\u00e9ges \u00e9s kiterjedt. A h\u00fcvelyek kerekek, s\u00f6t\u00e9tz\u00f6ldek, 15-18 cm hossz\u00faak. Remek \u00edze van, szed\u00e9s ut\u00e1n is j\u00f3 marad. Alkalmas bef\u0151z\u00e9sre, s\u00fct\u00e9sre, p\u00e1rol\u00e1sra. K\u00f6z\u00e9pneh\u00e9z talajban, sz\u00e9lt\u0151l v\u00e9dett helyen n\u0151 a legjobban. Fagy\u00e9rz\u00e9keny.<br \/>\nD \u00e1rcsoport<br \/>\nMennyis\u00e9g egy csomagban 15gr<br \/>\nMagok sz\u00e1ma grammonk\u00e9nt K\u00f6r\u00fclbel\u00fcl 3-5 mag<br \/>\nSz\u00fcret VII\u2013VIII<br \/>\nNapos hely Igen<br \/>\nT\u00edpus h\u00fcvelyesek<br \/>\nTerm\u0151f\u00f6ld<br \/>\nElk\u00e9sz\u00edt\u00e9si m\u00f3dszerek H\u0171t\u00e9s, Konzerv\u00e1l\u00e1s<br \/>\nA fajta korai ideje Korai<br \/>\nVet\u00e9sid\u0151 a talajban V-VI<br \/>\nGy\u00fcm\u00f6lcs sz\u00edne Z\u00f6ld<br \/>\nGy\u00e1rt\u00f3 \u017dalia stotel\u0117<\/p>\n","protected":false},"featured_media":22080,"comment_status":"closed","ping_status":"closed","template":"","meta":[],"product_brand":[],"product_cat":[416],"product_tag":[],"class_list":{"0":"post-22079","1":"product","2":"type-product","3":"status-publish","4":"has-post-thumbnail","6":"product_cat-huvelyesek-vetomagok-zalia-stotele","8":"first","9":"instock","10":"taxable","11":"shipping-taxable","12":"purchasable","13":"product-type-simple"},"_links":{"self":[{"href":"https:\/\/chilimag.hu\/webshop\/wp-json\/wp\/v2\/product\/22079","targetHints":{"allow":["GET"]}}],"collection":[{"href":"https:\/\/chilimag.hu\/webshop\/wp-json\/wp\/v2\/product"}],"about":[{"href":"https:\/\/chilimag.hu\/webshop\/wp-json\/wp\/v2\/types\/product"}],"replies":[{"embeddable":true,"href":"https:\/\/chilimag.hu\/webshop\/wp-json\/wp\/v2\/comments?post=22079"}],"wp:featuredmedia":[{"embeddable":true,"href":"https:\/\/chilimag.hu\/webshop\/wp-json\/wp\/v2\/media\/22080"}],"wp:attachment":[{"href":"https:\/\/chilimag.hu\/webshop\/wp-json\/wp\/v2\/media?parent=22079"}],"wp:term":[{"taxonomy":"product_brand","embeddable":true,"href":"https:\/\/chilimag.hu\/webshop\/wp-json\/wp\/v2\/product_brand?post=22079"},{"taxonomy":"product_cat","embeddable":true,"href":"https:\/\/chilimag.hu\/webshop\/wp-json\/wp\/v2\/product_cat?post=22079"},{"taxonomy":"product_tag","embeddable":true,"href":"https:\/\/chilimag.hu\/webshop\/wp-json\/wp\/v2\/product_tag?post=22079"}],"curies":[{"name":"wp","href":"https:\/\/api.w.org\/{rel}","templated":true}]}}