{"id":22075,"date":"2023-03-09T20:27:00","date_gmt":"2023-03-09T20:27:00","guid":{"rendered":"https:\/\/chilimag.hu\/webshop\/?post_type=product&#038;p=22075"},"modified":"2026-05-12T06:37:18","modified_gmt":"2026-05-12T06:37:18","slug":"bab-piekny-jas-futobab-z-s-sl","status":"publish","type":"product","link":"https:\/\/chilimag.hu\/webshop\/termek\/bab-piekny-jas-futobab-z-s-sl\/","title":{"rendered":"Bab PI\u0118KNY JAS (Fut\u00f3bab) Z.S SL"},"content":{"rendered":"","protected":false},"excerpt":{"rendered":"<p><img decoding=\"async\" class=\"active-logo\" src=\"https:\/\/b2b.seklos.lt\/themes\/warehouse\/img\/logo_en.png\" alt=\"Agrofirma S\u0117klos, UAB\" width=\"280\" height=\"95\" \/><\/p>\n<p>Fut\u00f3bab \u00a0 babfajta. A veget\u00e1ci\u00f3s id\u0151szak 110-125 nap. A n\u00f6v\u00e9nyek ak\u00e1r 3 m magasra is megn\u0151nek, ez\u00e9rt \u00e1lland\u00f3 t\u00e1maszt\u00e9kot ig\u00e9nyelnek. A magok \u00e9s a nagyon nagy, feh\u00e9r, ezer mag s\u00falya meghaladja az egy kilogrammot. A magokat 6-8 cm m\u00e9lys\u00e9gbe vetik. Enyhe vagy k\u00f6zepesen neh\u00e9z talajban, meleg, sz\u00e9lt\u0151l v\u00e9dett helyen fejl\u0151dik jobban. Akkor kell vetni, amikor nincs fagyvesz\u00e9ly.<br \/>\nD \u00e1rcsoport<br \/>\nMennyis\u00e9g egy csomagban 15gr<br \/>\nMagok sz\u00e1ma grammonk\u00e9nt Kb. 0,5-2 mag<br \/>\n\u00dcltet\u00e9si t\u00e1vols\u00e1gok 30&#215;50 cm<br \/>\nNapos hely Igen<br \/>\nSp\u00e1rga t\u00edpus<br \/>\nTerm\u0151f\u00f6ld<br \/>\nA fajta korai megjelen\u00e9se K\u00e9s\u0151i<br \/>\nVet\u00e9sid\u0151 a talajban V-VI<br \/>\nGy\u00e1rt\u00f3 \u017dalia stotel\u0117<\/p>\n","protected":false},"featured_media":22076,"comment_status":"closed","ping_status":"closed","template":"","meta":[],"product_brand":[],"product_cat":[416],"product_tag":[],"class_list":{"0":"post-22075","1":"product","2":"type-product","3":"status-publish","4":"has-post-thumbnail","6":"product_cat-huvelyesek-vetomagok-zalia-stotele","8":"first","9":"instock","10":"taxable","11":"shipping-taxable","12":"purchasable","13":"product-type-simple"},"_links":{"self":[{"href":"https:\/\/chilimag.hu\/webshop\/wp-json\/wp\/v2\/product\/22075","targetHints":{"allow":["GET"]}}],"collection":[{"href":"https:\/\/chilimag.hu\/webshop\/wp-json\/wp\/v2\/product"}],"about":[{"href":"https:\/\/chilimag.hu\/webshop\/wp-json\/wp\/v2\/types\/product"}],"replies":[{"embeddable":true,"href":"https:\/\/chilimag.hu\/webshop\/wp-json\/wp\/v2\/comments?post=22075"}],"wp:featuredmedia":[{"embeddable":true,"href":"https:\/\/chilimag.hu\/webshop\/wp-json\/wp\/v2\/media\/22076"}],"wp:attachment":[{"href":"https:\/\/chilimag.hu\/webshop\/wp-json\/wp\/v2\/media?parent=22075"}],"wp:term":[{"taxonomy":"product_brand","embeddable":true,"href":"https:\/\/chilimag.hu\/webshop\/wp-json\/wp\/v2\/product_brand?post=22075"},{"taxonomy":"product_cat","embeddable":true,"href":"https:\/\/chilimag.hu\/webshop\/wp-json\/wp\/v2\/product_cat?post=22075"},{"taxonomy":"product_tag","embeddable":true,"href":"https:\/\/chilimag.hu\/webshop\/wp-json\/wp\/v2\/product_tag?post=22075"}],"curies":[{"name":"wp","href":"https:\/\/api.w.org\/{rel}","templated":true}]}}