{"id":22073,"date":"2023-03-09T20:23:24","date_gmt":"2023-03-09T20:23:24","guid":{"rendered":"https:\/\/chilimag.hu\/webshop\/?post_type=product&#038;p=22073"},"modified":"2026-02-11T07:02:10","modified_gmt":"2026-02-11T07:02:10","slug":"bab-dalmatian-szarazbab-z-s-sl","status":"publish","type":"product","link":"https:\/\/chilimag.hu\/webshop\/termek\/bab-dalmatian-szarazbab-z-s-sl\/","title":{"rendered":"Bab Dalmatin (Sz\u00e1razbab) Z.S SL"},"content":{"rendered":"","protected":false},"excerpt":{"rendered":"<p><img decoding=\"async\" class=\"active-logo\" src=\"https:\/\/b2b.seklos.lt\/themes\/warehouse\/img\/logo_en.png\" alt=\"Agrofirma S\u0117klos, UAB\" width=\"280\" height=\"95\" \/><\/p>\n<p>K\u00f6z\u00e9pkorai bokros h\u00e9j\u00fa babfajta. A h\u00fcvelyek z\u00f6ldek. A magok feh\u00e9r-feket\u00e9k, nagyok. A cs\u00edr\u00e1z\u00e1s ut\u00e1n 85\u201395 napon bel\u00fcl \u00e9rik. A n\u00f6v\u00e9nyek 30-40 cm magasra n\u0151nek, lombozatuk k\u00f6zepes s\u0171r\u0171s\u00e9g\u0171. Legjobban 20-25 \u00b0C-os, k\u00f6zepesen neh\u00e9z, nem savas, humuszban gazdag, tavasszal gyorsan felmeleged\u0151 talajon, sz\u00e9lt\u0151l v\u00e9dett helyen fejl\u0151dik a legjobban. 4-5 \u00e9v m\u00falva vethet\u0151 ugyanoda.<br \/>\nD \u00e1rcsoport<br \/>\nMennyis\u00e9g egy csomagban 10 g<br \/>\nMagok sz\u00e1ma grammonk\u00e9nt Kb. 0,5-2 mag<br \/>\nSz\u00fcret VIII-IX<br \/>\nNapos hely Igen<br \/>\nSp\u00e1rga t\u00edpus<br \/>\nTerm\u0151f\u00f6ld<br \/>\nA fajta korai ideje M\u00e9rs\u00e9kelten korai<br \/>\nVet\u00e9sid\u0151 a talajban V<br \/>\nGy\u00e1rt\u00f3 \u017dalia stotel\u0117<\/p>\n","protected":false},"featured_media":22074,"comment_status":"closed","ping_status":"closed","template":"","meta":[],"product_brand":[],"product_cat":[416],"product_tag":[],"class_list":{"0":"post-22073","1":"product","2":"type-product","3":"status-publish","4":"has-post-thumbnail","6":"product_cat-huvelyesek-vetomagok-zalia-stotele","8":"first","9":"instock","10":"taxable","11":"shipping-taxable","12":"purchasable","13":"product-type-simple"},"_links":{"self":[{"href":"https:\/\/chilimag.hu\/webshop\/wp-json\/wp\/v2\/product\/22073","targetHints":{"allow":["GET"]}}],"collection":[{"href":"https:\/\/chilimag.hu\/webshop\/wp-json\/wp\/v2\/product"}],"about":[{"href":"https:\/\/chilimag.hu\/webshop\/wp-json\/wp\/v2\/types\/product"}],"replies":[{"embeddable":true,"href":"https:\/\/chilimag.hu\/webshop\/wp-json\/wp\/v2\/comments?post=22073"}],"wp:featuredmedia":[{"embeddable":true,"href":"https:\/\/chilimag.hu\/webshop\/wp-json\/wp\/v2\/media\/22074"}],"wp:attachment":[{"href":"https:\/\/chilimag.hu\/webshop\/wp-json\/wp\/v2\/media?parent=22073"}],"wp:term":[{"taxonomy":"product_brand","embeddable":true,"href":"https:\/\/chilimag.hu\/webshop\/wp-json\/wp\/v2\/product_brand?post=22073"},{"taxonomy":"product_cat","embeddable":true,"href":"https:\/\/chilimag.hu\/webshop\/wp-json\/wp\/v2\/product_cat?post=22073"},{"taxonomy":"product_tag","embeddable":true,"href":"https:\/\/chilimag.hu\/webshop\/wp-json\/wp\/v2\/product_tag?post=22073"}],"curies":[{"name":"wp","href":"https:\/\/api.w.org\/{rel}","templated":true}]}}