{"id":22071,"date":"2023-03-09T20:20:46","date_gmt":"2023-03-09T20:20:46","guid":{"rendered":"https:\/\/chilimag.hu\/webshop\/?post_type=product&#038;p=22071"},"modified":"2025-06-16T12:48:35","modified_gmt":"2025-06-16T12:48:35","slug":"bab-blauhilde-zoldbab-z-s-sl","status":"publish","type":"product","link":"https:\/\/chilimag.hu\/webshop\/termek\/bab-blauhilde-zoldbab-z-s-sl\/","title":{"rendered":"Bab Blauhilde (Z\u00f6ldbab) Z.S SL"},"content":{"rendered":"","protected":false},"excerpt":{"rendered":"<p><img decoding=\"async\" class=\"active-logo\" src=\"https:\/\/b2b.seklos.lt\/themes\/warehouse\/img\/logo_en.png\" alt=\"Agrofirma S\u0117klos, UAB\" width=\"280\" height=\"95\" \/><\/p>\n<p>K\u00e9s\u0151i, hegym\u00e1sz\u00f3 franciabab fajta. A h\u00fcvelyek lila sz\u00edn\u0171ek. A magvakkal nem ben\u0151tt babh\u00fcvelyeket \u00e9lelmiszerk\u00e9nt haszn\u00e1lj\u00e1k. Haszn\u00e1lj\u00e1k k\u00f6rethez, levesekhez, bef\u0151z\u00e9shez. A termikus feldolgoz\u00e1s ut\u00e1n a h\u00fcvelyek z\u00f6ld sz\u00edn\u0171v\u00e9 v\u00e1lnak. A fajta ellen\u00e1ll a bakteri\u00f3zisnak. K\u00f6zvetlen\u00fcl a talajba vetve m\u00e1jus v\u00e9g\u00e9n, amikor kicsi a fagy val\u00f3sz\u00edn\u0171s\u00e9ge. A n\u00f6v\u00e9nyek t\u00e1mogat\u00e1st ig\u00e9nyelnek.<br \/>\nC \u00e1rcsoport<br \/>\nMennyis\u00e9g egy csomagban 20 g<br \/>\nMagok sz\u00e1ma grammonk\u00e9nt K\u00f6r\u00fclbel\u00fcl 3-5 mag<br \/>\nSz\u00fcret VII\u2013IX<br \/>\nNapos hely Igen<br \/>\nT\u00edpus h\u00fcvelyesek<br \/>\nTerm\u0151f\u00f6ld<br \/>\nElk\u00e9sz\u00edt\u00e9si m\u00f3dszerek H\u0171t\u00e9s, Konzerv\u00e1l\u00e1s<br \/>\nA fajta korai megjelen\u00e9se K\u00e9s\u0151i<br \/>\nVet\u00e9sid\u0151 a talajban V-VI<br \/>\nGy\u00fcm\u00f6lcs sz\u00edne lila<br \/>\nGy\u00e1rt\u00f3 \u017dalia stotel\u0117<\/p>\n","protected":false},"featured_media":22072,"comment_status":"closed","ping_status":"closed","template":"","meta":[],"product_brand":[],"product_cat":[416],"product_tag":[],"class_list":{"0":"post-22071","1":"product","2":"type-product","3":"status-publish","4":"has-post-thumbnail","6":"product_cat-huvelyesek-vetomagok-zalia-stotele","8":"first","9":"instock","10":"taxable","11":"shipping-taxable","12":"purchasable","13":"product-type-simple"},"_links":{"self":[{"href":"https:\/\/chilimag.hu\/webshop\/wp-json\/wp\/v2\/product\/22071","targetHints":{"allow":["GET"]}}],"collection":[{"href":"https:\/\/chilimag.hu\/webshop\/wp-json\/wp\/v2\/product"}],"about":[{"href":"https:\/\/chilimag.hu\/webshop\/wp-json\/wp\/v2\/types\/product"}],"replies":[{"embeddable":true,"href":"https:\/\/chilimag.hu\/webshop\/wp-json\/wp\/v2\/comments?post=22071"}],"wp:featuredmedia":[{"embeddable":true,"href":"https:\/\/chilimag.hu\/webshop\/wp-json\/wp\/v2\/media\/22072"}],"wp:attachment":[{"href":"https:\/\/chilimag.hu\/webshop\/wp-json\/wp\/v2\/media?parent=22071"}],"wp:term":[{"taxonomy":"product_brand","embeddable":true,"href":"https:\/\/chilimag.hu\/webshop\/wp-json\/wp\/v2\/product_brand?post=22071"},{"taxonomy":"product_cat","embeddable":true,"href":"https:\/\/chilimag.hu\/webshop\/wp-json\/wp\/v2\/product_cat?post=22071"},{"taxonomy":"product_tag","embeddable":true,"href":"https:\/\/chilimag.hu\/webshop\/wp-json\/wp\/v2\/product_tag?post=22071"}],"curies":[{"name":"wp","href":"https:\/\/api.w.org\/{rel}","templated":true}]}}