{"id":22069,"date":"2023-03-09T20:13:17","date_gmt":"2023-03-09T20:13:17","guid":{"rendered":"https:\/\/chilimag.hu\/webshop\/?post_type=product&#038;p=22069"},"modified":"2026-04-28T16:32:14","modified_gmt":"2026-04-28T16:32:14","slug":"bab-extra-precoce-a-grano-violetto-lobab-z-s-sl","status":"publish","type":"product","link":"https:\/\/chilimag.hu\/webshop\/termek\/bab-extra-precoce-a-grano-violetto-lobab-z-s-sl\/","title":{"rendered":"Bab Extra Precoce A Grano Violetto ( L\u00f3bab) Z.S SL"},"content":{"rendered":"","protected":false},"excerpt":{"rendered":"<p><img decoding=\"async\" class=\"active-logo\" src=\"https:\/\/b2b.seklos.lt\/themes\/warehouse\/img\/logo_en.png\" alt=\"Agrofirma S\u0117klos, UAB\" width=\"280\" height=\"95\" \/><\/p>\n<p>Nagyon kor\u00e1n \u00e9r\u0151, nagy hozam\u00fa fajta. M\u00e9g a n\u00f6v\u00e9ny als\u00f3 r\u00e9sz\u00e9n l\u00e9v\u0151 h\u00fcvelyek is term\u00e9st hoznak. A n\u00f6v\u00e9nyek 80-90 cm magasra n\u0151nek. A h\u00fcvelyek 22\u201324 cm hossz\u00faak, 7\u20138 maggal. A frissen betakar\u00edtott magok z\u00f6ldek, \u00e9s sz\u00e1r\u00edt\u00e1s ut\u00e1n vil\u00e1gos lila sz\u00edn\u0171v\u00e9 v\u00e1lnak. Kedvez\u0151 id\u0151j\u00e1r\u00e1si k\u00f6r\u00fclm\u00e9nyek k\u00f6z\u00f6tt a lehet\u0151 legkor\u00e1bban vetj\u00fck. A pal\u00e1nt\u00e1k ak\u00e1r \u20134 \u00b0C-os fagyot is b\u00edrnak. A legjobban term\u00e9keny, nem savas, nedves v\u00e1lyogtalajban fejl\u0151dik.<br \/>\nD \u00e1rcsoport<br \/>\nMennyis\u00e9g egy csomagban 30gr<br \/>\nMagok sz\u00e1ma grammonk\u00e9nt 0,5 &#8211; 1,0<br \/>\nNapos hely Igen<br \/>\nSp\u00e1rga t\u00edpus<br \/>\nTerm\u0151f\u00f6ld<br \/>\nA fajta korai ideje Korai<br \/>\nVet\u00e9sid\u0151 a talajban IV-V<br \/>\nGy\u00fcm\u00f6lcs sz\u00edne Z\u00f6ld<br \/>\nGy\u00e1rt\u00f3 \u017dalia stotel\u0117<\/p>\n","protected":false},"featured_media":22070,"comment_status":"closed","ping_status":"closed","template":"","meta":[],"product_brand":[],"product_cat":[416],"product_tag":[],"class_list":{"0":"post-22069","1":"product","2":"type-product","3":"status-publish","4":"has-post-thumbnail","6":"product_cat-huvelyesek-vetomagok-zalia-stotele","8":"first","9":"instock","10":"taxable","11":"shipping-taxable","12":"purchasable","13":"product-type-simple"},"_links":{"self":[{"href":"https:\/\/chilimag.hu\/webshop\/wp-json\/wp\/v2\/product\/22069","targetHints":{"allow":["GET"]}}],"collection":[{"href":"https:\/\/chilimag.hu\/webshop\/wp-json\/wp\/v2\/product"}],"about":[{"href":"https:\/\/chilimag.hu\/webshop\/wp-json\/wp\/v2\/types\/product"}],"replies":[{"embeddable":true,"href":"https:\/\/chilimag.hu\/webshop\/wp-json\/wp\/v2\/comments?post=22069"}],"wp:featuredmedia":[{"embeddable":true,"href":"https:\/\/chilimag.hu\/webshop\/wp-json\/wp\/v2\/media\/22070"}],"wp:attachment":[{"href":"https:\/\/chilimag.hu\/webshop\/wp-json\/wp\/v2\/media?parent=22069"}],"wp:term":[{"taxonomy":"product_brand","embeddable":true,"href":"https:\/\/chilimag.hu\/webshop\/wp-json\/wp\/v2\/product_brand?post=22069"},{"taxonomy":"product_cat","embeddable":true,"href":"https:\/\/chilimag.hu\/webshop\/wp-json\/wp\/v2\/product_cat?post=22069"},{"taxonomy":"product_tag","embeddable":true,"href":"https:\/\/chilimag.hu\/webshop\/wp-json\/wp\/v2\/product_tag?post=22069"}],"curies":[{"name":"wp","href":"https:\/\/api.w.org\/{rel}","templated":true}]}}