{"id":22065,"date":"2023-03-09T20:07:03","date_gmt":"2023-03-09T20:07:03","guid":{"rendered":"https:\/\/chilimag.hu\/webshop\/?post_type=product&#038;p=22065"},"modified":"2026-03-21T10:59:17","modified_gmt":"2026-03-21T10:59:17","slug":"bab-zlota-saxa-zoldbab-z-s-sl","status":"publish","type":"product","link":"https:\/\/chilimag.hu\/webshop\/termek\/bab-zlota-saxa-zoldbab-z-s-sl\/","title":{"rendered":"Bab Z\u0141OTA SAXA (Z\u00f6ldbab) Z. S SL"},"content":{"rendered":"","protected":false},"excerpt":{"rendered":"<p><img decoding=\"async\" class=\"active-logo\" src=\"https:\/\/b2b.seklos.lt\/themes\/warehouse\/img\/logo_en.png\" alt=\"Agrofirma S\u0117klos, UAB\" width=\"280\" height=\"95\" \/><\/p>\n<p>Nagyon korai s\u00e1rga h\u00fcvely\u0171 fajta. A veget\u00e1ci\u00f3s id\u0151szak 60 nap. A bokor magass\u00e1ga 30-40 cm. A h\u00fcvelyek 11-12 cm hossz\u00faak, pergamenr\u00e9teg nincs. A korai betakar\u00edt\u00e1s a kertben filmalagutakban termeszthet\u0151. J\u00f3l n\u00f6vekszik term\u00e9keny, nem savas, nedves v\u00e1lyogtalajban. Haszn\u00e1lt s\u00fctve, f\u0151zve, tart\u00f3s\u00edtva, fagyaszt\u00e1sra alkalmas.<\/p>\n<p>C \u00e1rcsoport<br \/>\nMennyis\u00e9g egy csomagban 20 g<br \/>\nMagok sz\u00e1ma grammonk\u00e9nt K\u00f6r\u00fclbel\u00fcl 3-5 mag<br \/>\n\u00dcltet\u00e9si t\u00e1vols\u00e1gok 40-60&#215;8 cm<br \/>\nNapos hely Igen<br \/>\nSp\u00e1rga t\u00edpus<br \/>\nTerm\u0151f\u00f6ld<br \/>\nElk\u00e9sz\u00edt\u00e9si m\u00f3dszerek H\u0171t\u00e9s, Konzerv\u00e1l\u00e1s<br \/>\nA fajta korai ideje Korai<br \/>\nVet\u00e9sid\u0151 a talajban V-VI<br \/>\nGy\u00fcm\u00f6lcs sz\u00edne S\u00e1rga<br \/>\nGy\u00e1rt\u00f3 \u017dalia stotel\u0117<\/p>\n","protected":false},"featured_media":22066,"comment_status":"closed","ping_status":"closed","template":"","meta":[],"product_brand":[],"product_cat":[416],"product_tag":[],"class_list":{"0":"post-22065","1":"product","2":"type-product","3":"status-publish","4":"has-post-thumbnail","6":"product_cat-huvelyesek-vetomagok-zalia-stotele","8":"first","9":"instock","10":"taxable","11":"shipping-taxable","12":"purchasable","13":"product-type-simple"},"_links":{"self":[{"href":"https:\/\/chilimag.hu\/webshop\/wp-json\/wp\/v2\/product\/22065","targetHints":{"allow":["GET"]}}],"collection":[{"href":"https:\/\/chilimag.hu\/webshop\/wp-json\/wp\/v2\/product"}],"about":[{"href":"https:\/\/chilimag.hu\/webshop\/wp-json\/wp\/v2\/types\/product"}],"replies":[{"embeddable":true,"href":"https:\/\/chilimag.hu\/webshop\/wp-json\/wp\/v2\/comments?post=22065"}],"wp:featuredmedia":[{"embeddable":true,"href":"https:\/\/chilimag.hu\/webshop\/wp-json\/wp\/v2\/media\/22066"}],"wp:attachment":[{"href":"https:\/\/chilimag.hu\/webshop\/wp-json\/wp\/v2\/media?parent=22065"}],"wp:term":[{"taxonomy":"product_brand","embeddable":true,"href":"https:\/\/chilimag.hu\/webshop\/wp-json\/wp\/v2\/product_brand?post=22065"},{"taxonomy":"product_cat","embeddable":true,"href":"https:\/\/chilimag.hu\/webshop\/wp-json\/wp\/v2\/product_cat?post=22065"},{"taxonomy":"product_tag","embeddable":true,"href":"https:\/\/chilimag.hu\/webshop\/wp-json\/wp\/v2\/product_tag?post=22065"}],"curies":[{"name":"wp","href":"https:\/\/api.w.org\/{rel}","templated":true}]}}