{"id":22061,"date":"2023-03-09T20:02:07","date_gmt":"2023-03-09T20:02:07","guid":{"rendered":"https:\/\/chilimag.hu\/webshop\/?post_type=product&#038;p=22061"},"modified":"2026-02-16T16:37:12","modified_gmt":"2026-02-16T16:37:12","slug":"bab-wawelska-szarazbab-z-s-sl","status":"publish","type":"product","link":"https:\/\/chilimag.hu\/webshop\/termek\/bab-wawelska-szarazbab-z-s-sl\/","title":{"rendered":"Bab Wawelska (Sz\u00e1razbab) Z.S SL"},"content":{"rendered":"","protected":false},"excerpt":{"rendered":"<p><img decoding=\"async\" class=\"active-logo\" src=\"https:\/\/b2b.seklos.lt\/themes\/warehouse\/img\/logo_en.png\" alt=\"Agrofirma S\u0117klos, UAB\" width=\"280\" height=\"95\" \/><\/p>\n<p>Korai, nagy hozam\u00fa, bokros t\u00edpus\u00fa fajta. Ellen\u00e1ll az antracnosisnak, \u00e9s magas a bakteri\u00f3zist\u0171r\u0151 k\u00e9pess\u00e9ge. A h\u00fcvelyek z\u00f6ldek, a bokor belsej\u00e9ben koncentr\u00e1l\u00f3dnak. A magvak nagyok, f\u00e9nyesek, v\u00f6r\u00f6sesbarn\u00e1k. Legjobban 20-25 \u00baC-os, k\u00f6zepesen neh\u00e9z, nem savany\u00fa, humuszban gazdag, tavasszal gyorsan felmeleged\u0151 talajban fejl\u0151dik, sz\u00e9lv\u00e9dett ter\u00fcleten. 4-5 \u00e9v ut\u00e1n \u00fcltethet\u0151 ugyanoda.<br \/>\nC \u00e1rcsoport<br \/>\nMennyis\u00e9g egy csomagban 15gr<br \/>\nMagok sz\u00e1ma grammonk\u00e9nt Kb. 0,5-2 mag<br \/>\n\u00dcltet\u00e9si t\u00e1vols\u00e1gok 40 x 10 cm<br \/>\nSz\u00fcret VIII-IX<br \/>\nNapos hely Igen<br \/>\nTerm\u0151f\u00f6ld<br \/>\nA fajta korai ideje Korai<br \/>\nVet\u00e9sid\u0151 a talajban V-VI<br \/>\nGy\u00e1rt\u00f3 \u017dalia stotel\u0117<\/p>\n","protected":false},"featured_media":22062,"comment_status":"closed","ping_status":"closed","template":"","meta":[],"product_brand":[],"product_cat":[416],"product_tag":[],"class_list":{"0":"post-22061","1":"product","2":"type-product","3":"status-publish","4":"has-post-thumbnail","6":"product_cat-huvelyesek-vetomagok-zalia-stotele","8":"first","9":"instock","10":"taxable","11":"shipping-taxable","12":"purchasable","13":"product-type-simple"},"_links":{"self":[{"href":"https:\/\/chilimag.hu\/webshop\/wp-json\/wp\/v2\/product\/22061","targetHints":{"allow":["GET"]}}],"collection":[{"href":"https:\/\/chilimag.hu\/webshop\/wp-json\/wp\/v2\/product"}],"about":[{"href":"https:\/\/chilimag.hu\/webshop\/wp-json\/wp\/v2\/types\/product"}],"replies":[{"embeddable":true,"href":"https:\/\/chilimag.hu\/webshop\/wp-json\/wp\/v2\/comments?post=22061"}],"wp:featuredmedia":[{"embeddable":true,"href":"https:\/\/chilimag.hu\/webshop\/wp-json\/wp\/v2\/media\/22062"}],"wp:attachment":[{"href":"https:\/\/chilimag.hu\/webshop\/wp-json\/wp\/v2\/media?parent=22061"}],"wp:term":[{"taxonomy":"product_brand","embeddable":true,"href":"https:\/\/chilimag.hu\/webshop\/wp-json\/wp\/v2\/product_brand?post=22061"},{"taxonomy":"product_cat","embeddable":true,"href":"https:\/\/chilimag.hu\/webshop\/wp-json\/wp\/v2\/product_cat?post=22061"},{"taxonomy":"product_tag","embeddable":true,"href":"https:\/\/chilimag.hu\/webshop\/wp-json\/wp\/v2\/product_tag?post=22061"}],"curies":[{"name":"wp","href":"https:\/\/api.w.org\/{rel}","templated":true}]}}