{"id":22053,"date":"2023-03-09T19:47:00","date_gmt":"2023-03-09T19:47:00","guid":{"rendered":"https:\/\/chilimag.hu\/webshop\/?post_type=product&#038;p=22053"},"modified":"2025-08-26T11:34:16","modified_gmt":"2025-08-26T11:34:16","slug":"paradicsom-country-taste-z-s-sl","status":"publish","type":"product","link":"https:\/\/chilimag.hu\/webshop\/termek\/paradicsom-country-taste-z-s-sl\/","title":{"rendered":"Paradicsom Country Taste Hibrid  Z. S SL"},"content":{"rendered":"","protected":false},"excerpt":{"rendered":"<p><img decoding=\"async\" class=\"active-logo\" src=\"https:\/\/b2b.seklos.lt\/themes\/warehouse\/img\/logo_en.png\" alt=\"Agrofirma S\u0117klos, UAB\" width=\"280\" height=\"95\" \/><\/p>\n<p>K\u00f6z\u00e9pkorai hat\u00e1rozatlan hibrid fajta. Gy\u00fcm\u00f6lcse kerek, enyh\u00e9n lapos, bord\u00e1zott, 200\u2013250 g t\u00f6meg\u0171, nagyon \u00edzletes, h\u00fasos \u00e9s l\u00e9d\u00fas. Egy f\u00fcrtben 3-4 gy\u00fcm\u00f6lcs tal\u00e1lhat\u00f3. A hibrid ellen\u00e1ll a doh\u00e1nymozaik v\u00edrusnak, a 0, 1 fuz\u00e1rium fajoknak, a fon\u00e1lf\u00e9rgeknek \u00e9s a verticiliosisnak. Frissen haszn\u00e1lt, m\u00e1rt\u00e1shoz j\u00f3. \u00dcvegh\u00e1zakban termesztik.<br \/>\nK \u00e1rcsoport<br \/>\n\u00dcltet\u00e9si t\u00e1vols\u00e1gok IV-V, 90&#215;50 cm<br \/>\nSz\u00fcret VII\u2013IX<br \/>\nNapos hely Igen<br \/>\nPiros sz\u00edn<br \/>\nTermeszt\u00e9si hely \u00dcvegh\u00e1zban<br \/>\nElk\u00e9sz\u00edt\u00e9si m\u00f3dok L\u00e9hez, Tart\u00f3s\u00edt\u00e1s<br \/>\nA fajta korai ideje M\u00e9rs\u00e9kelten korai<br \/>\nA pal\u00e1nt\u00e1k vet\u00e9si ideje III<br \/>\nGy\u00fcm\u00f6lcs m\u00e9rete Nagy<br \/>\nN\u00f6v\u00e9nymagass\u00e1g Magas<br \/>\nGy\u00e1rt\u00f3 \u017dalia stotel\u0117<br \/>\nTesztmez\u0151k Tesztmez\u0151kben bejel\u00f6lve<br \/>\nMagok sz\u00e1ma a csomagban, db. 10<\/p>\n","protected":false},"featured_media":22054,"comment_status":"closed","ping_status":"closed","template":"","meta":[],"product_brand":[],"product_cat":[413],"product_tag":[],"class_list":{"0":"post-22053","1":"product","2":"type-product","3":"status-publish","4":"has-post-thumbnail","6":"product_cat-paradicsom-vetomagok-zalia-stotele","8":"first","9":"instock","10":"taxable","11":"shipping-taxable","12":"purchasable","13":"product-type-simple"},"_links":{"self":[{"href":"https:\/\/chilimag.hu\/webshop\/wp-json\/wp\/v2\/product\/22053","targetHints":{"allow":["GET"]}}],"collection":[{"href":"https:\/\/chilimag.hu\/webshop\/wp-json\/wp\/v2\/product"}],"about":[{"href":"https:\/\/chilimag.hu\/webshop\/wp-json\/wp\/v2\/types\/product"}],"replies":[{"embeddable":true,"href":"https:\/\/chilimag.hu\/webshop\/wp-json\/wp\/v2\/comments?post=22053"}],"wp:featuredmedia":[{"embeddable":true,"href":"https:\/\/chilimag.hu\/webshop\/wp-json\/wp\/v2\/media\/22054"}],"wp:attachment":[{"href":"https:\/\/chilimag.hu\/webshop\/wp-json\/wp\/v2\/media?parent=22053"}],"wp:term":[{"taxonomy":"product_brand","embeddable":true,"href":"https:\/\/chilimag.hu\/webshop\/wp-json\/wp\/v2\/product_brand?post=22053"},{"taxonomy":"product_cat","embeddable":true,"href":"https:\/\/chilimag.hu\/webshop\/wp-json\/wp\/v2\/product_cat?post=22053"},{"taxonomy":"product_tag","embeddable":true,"href":"https:\/\/chilimag.hu\/webshop\/wp-json\/wp\/v2\/product_tag?post=22053"}],"curies":[{"name":"wp","href":"https:\/\/api.w.org\/{rel}","templated":true}]}}