{"id":22030,"date":"2023-03-09T19:18:24","date_gmt":"2023-03-09T19:18:24","guid":{"rendered":"https:\/\/chilimag.hu\/webshop\/?post_type=product&#038;p=22030"},"modified":"2026-02-03T09:55:32","modified_gmt":"2026-02-03T09:55:32","slug":"paradicsom-zyska-z-s-sl","status":"publish","type":"product","link":"https:\/\/chilimag.hu\/webshop\/termek\/paradicsom-zyska-z-s-sl\/","title":{"rendered":"Paradicsom Zyska Z.S SL"},"content":{"rendered":"","protected":false},"excerpt":{"rendered":"<p><img decoding=\"async\" class=\"active-logo\" src=\"https:\/\/b2b.seklos.lt\/themes\/warehouse\/img\/logo_en.png\" alt=\"Agrofirma S\u0117klos, UAB\" width=\"280\" height=\"95\" \/><\/p>\n<p>K\u00f6zepesen korai, determin\u00e1ns, nagy hozam\u00fa szabadf\u00f6ldi termeszt\u00e9sre alkalmas fajta. A pal\u00e1nt\u00e1kat m\u00e1jus v\u00e9g\u00e9t\u0151l j\u00fanius k\u00f6zep\u00e9ig \u00fcltetik a szabadba. Gy\u00fcm\u00f6lcsei hossz\u00fak\u00e1sak, robusztusak, h\u00fasosak, sz\u00e1ll\u00edt\u00e1s k\u00f6zben nem repednek, 60-90 g t\u00f6meg\u0171ek, t\u00f6bbf\u00e9le c\u00e9lra alkalmasak \u2013 frissen, tart\u00f3s\u00edtva, gy\u00fcm\u00f6lcslevekhez, sz\u00f3szokhoz haszn\u00e1lhat\u00f3k. A legjobban 22-24 \u00b0C h\u0151m\u00e9rs\u00e9kleten fejl\u0151dik. A paradicsomot a nap els\u0151 fel\u00e9ben hetente egyszer-k\u00e9tszer b\u0151s\u00e9gesen \u00f6nt\u00f6zik.<br \/>\nD \u00e1rcsoport<br \/>\nMennyis\u00e9g egy csomagban 0,1g<br \/>\nMagok sz\u00e1ma grammonk\u00e9nt K\u00f6r\u00fclbel\u00fcl 200-300 mag<br \/>\nSz\u00fcret VII\u2013VIII<br \/>\nNapos hely Igen<br \/>\nTerm\u0151f\u00f6ld<br \/>\nElk\u00e9sz\u00edt\u00e9si m\u00f3dok L\u00e9hez, Tart\u00f3s\u00edt\u00e1s<br \/>\nA fajta korai ideje Korai<br \/>\nA pal\u00e1nt\u00e1k vet\u00e9si ideje III-IV<br \/>\nGy\u00fcm\u00f6lcsm\u00e9ret \u00c1tlagos m\u00e9ret<br \/>\nN\u00f6v\u00e9nymagass\u00e1g t\u00f6rp\u00e9k<br \/>\nGy\u00e1rt\u00f3 \u017dalia stotel\u0117<\/p>\n","protected":false},"featured_media":22031,"comment_status":"closed","ping_status":"closed","template":"","meta":[],"product_brand":[],"product_cat":[413],"product_tag":[],"class_list":{"0":"post-22030","1":"product","2":"type-product","3":"status-publish","4":"has-post-thumbnail","6":"product_cat-paradicsom-vetomagok-zalia-stotele","8":"first","9":"instock","10":"taxable","11":"shipping-taxable","12":"purchasable","13":"product-type-simple"},"_links":{"self":[{"href":"https:\/\/chilimag.hu\/webshop\/wp-json\/wp\/v2\/product\/22030","targetHints":{"allow":["GET"]}}],"collection":[{"href":"https:\/\/chilimag.hu\/webshop\/wp-json\/wp\/v2\/product"}],"about":[{"href":"https:\/\/chilimag.hu\/webshop\/wp-json\/wp\/v2\/types\/product"}],"replies":[{"embeddable":true,"href":"https:\/\/chilimag.hu\/webshop\/wp-json\/wp\/v2\/comments?post=22030"}],"wp:featuredmedia":[{"embeddable":true,"href":"https:\/\/chilimag.hu\/webshop\/wp-json\/wp\/v2\/media\/22031"}],"wp:attachment":[{"href":"https:\/\/chilimag.hu\/webshop\/wp-json\/wp\/v2\/media?parent=22030"}],"wp:term":[{"taxonomy":"product_brand","embeddable":true,"href":"https:\/\/chilimag.hu\/webshop\/wp-json\/wp\/v2\/product_brand?post=22030"},{"taxonomy":"product_cat","embeddable":true,"href":"https:\/\/chilimag.hu\/webshop\/wp-json\/wp\/v2\/product_cat?post=22030"},{"taxonomy":"product_tag","embeddable":true,"href":"https:\/\/chilimag.hu\/webshop\/wp-json\/wp\/v2\/product_tag?post=22030"}],"curies":[{"name":"wp","href":"https:\/\/api.w.org\/{rel}","templated":true}]}}