{"id":21990,"date":"2023-03-08T19:59:06","date_gmt":"2023-03-08T19:59:06","guid":{"rendered":"https:\/\/chilimag.hu\/webshop\/?post_type=product&#038;p=21990"},"modified":"2026-03-25T22:31:15","modified_gmt":"2026-03-25T22:31:15","slug":"paradicsom-tigerela-z-s-sl","status":"publish","type":"product","link":"https:\/\/chilimag.hu\/webshop\/termek\/paradicsom-tigerela-z-s-sl\/","title":{"rendered":"Paradicsom Tigerela Z.S SL"},"content":{"rendered":"","protected":false},"excerpt":{"rendered":"<p><img decoding=\"async\" class=\"active-logo\" src=\"https:\/\/b2b.seklos.lt\/themes\/warehouse\/img\/logo_en.png\" alt=\"Agrofirma S\u0117klos, UAB\" width=\"280\" height=\"95\" \/><\/p>\n<p>K\u00f6z\u00e9pkorai, hat\u00e1rozatlan fajta. A n\u00f6v\u00e9nyek el\u00e9rik a 2 m magass\u00e1got. Gy\u00fcm\u00f6lcse l\u00e9d\u00fas, s\u00falya kb. 100-130 gramm, piros, s\u00e1rga cs\u00edkokkal. Friss fogyaszt\u00e1sra, bef\u0151z\u00e9sre alkalmas. \u00dcvegh\u00e1zban \u00e9s szabadban termesztve, a szabadban t\u00f6rt\u00e9n\u0151 termeszt\u00e9shez t\u00e1maszok sz\u00fcks\u00e9gesek. A n\u00f6v\u00e9nyek n\u00f6veked\u00e9s\u00e9nek \u00e9s fejl\u0151d\u00e9s\u00e9nek optim\u00e1lis h\u0151m\u00e9rs\u00e9klete 20-25 \u00b0C. M\u00e9rs\u00e9kelten kell \u00f6nt\u00f6zni: szabadf\u00f6ldi termeszt\u00e9s eset\u00e9n 5-7 naponta, \u00fcvegh\u00e1zban 2-3 naponta egyszer.<\/p>\n<p>B \u00e1rcsoport<br \/>\nMennyis\u00e9g egy csomagban 0,1g<br \/>\nMagok sz\u00e1ma grammonk\u00e9nt K\u00f6r\u00fclbel\u00fcl 200-300 mag<br \/>\nTranszplant\u00e1ci\u00f3 IV-V<br \/>\n\u00dcltet\u00e9si t\u00e1vols\u00e1gok 90 x 40 cm<br \/>\nSz\u00fcret VII-VIII<br \/>\nNapos hely Igen<br \/>\nSz\u00edn Foltos<br \/>\nTermeszt\u00e9si hely \u00dcvegh\u00e1zban, sz\u00e1nt\u00f3f\u00f6ld\u00f6n<br \/>\nElk\u00e9sz\u00edt\u00e9si m\u00f3dok L\u00e9hez, Tart\u00f3s\u00edt\u00e1s<br \/>\nA fajta korai ideje M\u00e9rs\u00e9kelten korai<br \/>\nA pal\u00e1nt\u00e1k vet\u00e9si ideje III-IV, 0,5-1,5 cm<br \/>\nGy\u00fcm\u00f6lcsm\u00e9ret \u00c1tlagos m\u00e9ret<br \/>\nN\u00f6v\u00e9nymagass\u00e1g Magas<br \/>\nGy\u00e1rt\u00f3 \u017dalia stotel\u0117<br \/>\nKiszerel\u00e9s 0,1 g<br \/>\nT\u00e1vols\u00e1gok, cm IV-V, 90&#215;40 cm<\/p>\n","protected":false},"featured_media":21991,"comment_status":"closed","ping_status":"closed","template":"","meta":[],"product_brand":[],"product_cat":[413],"product_tag":[],"class_list":{"0":"post-21990","1":"product","2":"type-product","3":"status-publish","4":"has-post-thumbnail","6":"product_cat-paradicsom-vetomagok-zalia-stotele","8":"first","9":"instock","10":"taxable","11":"shipping-taxable","12":"purchasable","13":"product-type-simple"},"_links":{"self":[{"href":"https:\/\/chilimag.hu\/webshop\/wp-json\/wp\/v2\/product\/21990","targetHints":{"allow":["GET"]}}],"collection":[{"href":"https:\/\/chilimag.hu\/webshop\/wp-json\/wp\/v2\/product"}],"about":[{"href":"https:\/\/chilimag.hu\/webshop\/wp-json\/wp\/v2\/types\/product"}],"replies":[{"embeddable":true,"href":"https:\/\/chilimag.hu\/webshop\/wp-json\/wp\/v2\/comments?post=21990"}],"wp:featuredmedia":[{"embeddable":true,"href":"https:\/\/chilimag.hu\/webshop\/wp-json\/wp\/v2\/media\/21991"}],"wp:attachment":[{"href":"https:\/\/chilimag.hu\/webshop\/wp-json\/wp\/v2\/media?parent=21990"}],"wp:term":[{"taxonomy":"product_brand","embeddable":true,"href":"https:\/\/chilimag.hu\/webshop\/wp-json\/wp\/v2\/product_brand?post=21990"},{"taxonomy":"product_cat","embeddable":true,"href":"https:\/\/chilimag.hu\/webshop\/wp-json\/wp\/v2\/product_cat?post=21990"},{"taxonomy":"product_tag","embeddable":true,"href":"https:\/\/chilimag.hu\/webshop\/wp-json\/wp\/v2\/product_tag?post=21990"}],"curies":[{"name":"wp","href":"https:\/\/api.w.org\/{rel}","templated":true}]}}