{"id":21986,"date":"2023-03-08T19:55:13","date_gmt":"2023-03-08T19:55:13","guid":{"rendered":"https:\/\/chilimag.hu\/webshop\/?post_type=product&#038;p=21986"},"modified":"2026-03-03T08:35:26","modified_gmt":"2026-03-03T08:35:26","slug":"paradicsom-bombonera-z-s-sl","status":"publish","type":"product","link":"https:\/\/chilimag.hu\/webshop\/termek\/paradicsom-bombonera-z-s-sl\/","title":{"rendered":"Paradicsom Bombonera Hibrid Z.S SL"},"content":{"rendered":"","protected":false},"excerpt":{"rendered":"<p><img decoding=\"async\" class=\"logo\" src=\"https:\/\/b2b.seklos.lt\/themes\/warehouse\/img\/logo_en.png\" alt=\"Agrofirma S\u0117klos, UAB\" \/><\/p>\n<p>K\u00f6z\u00e9pkorai \u00e9r\u00e9s\u0171 \u2019Kumato\u2019 t\u00edpus\u00fa hat\u00e1rozatlan paradicsom hibrid. Egy sz\u0151l\u0151ben 6-9 arom\u00e1s gy\u00fcm\u00f6lcs tal\u00e1lhat\u00f3, egyenk\u00e9nt 40-50 g s\u00faly\u00fa. A likopin (az emberi szervezet sz\u00e1m\u00e1ra el\u0151ny\u00f6s tulajdons\u00e1gokkal rendelkez\u0151 karotinoid) mennyis\u00e9ge h\u00e1romszor nagyobb, mint m\u00e1s fajt\u00e1k gy\u00fcm\u00f6lcseiben. A hibrid ellen\u00e1ll a Tobacco Mosaic v\u00edrusnak, a Verticillium hervad\u00e1snak, a Fusarium oxysporumnak, k\u00f6zepesen ellen\u00e1ll a fon\u00e1lf\u00e9rgeknek. \u00dcvegh\u00e1zakban termesztik.<br \/>\nP \u00e1rcsoport<br \/>\nNapos hely Igen<br \/>\nProfesszion\u00e1lis haszn\u00e1latra alkalmas Igen<br \/>\nFekete sz\u00edn<br \/>\nTermeszt\u00e9si hely \u00dcvegh\u00e1zban<br \/>\nA fajta korai ideje M\u00e9rs\u00e9kelten korai<br \/>\nA pal\u00e1nt\u00e1k vet\u00e9si ideje III-IV<br \/>\nGy\u00fcm\u00f6lcsm\u00e9ret \u00c1tlagos m\u00e9ret<br \/>\nN\u00f6v\u00e9nymagass\u00e1g Magas<br \/>\nGy\u00e1rt\u00f3 \u017dalia stotel\u0117<br \/>\nMagok sz\u00e1ma a csomagban, db. 5<br \/>\nTesztmez\u0151k Tesztmez\u0151kben bejel\u00f6lve<br \/>\nMagok sz\u00e1ma a csomagban, db. 5<\/p>\n","protected":false},"featured_media":21987,"comment_status":"closed","ping_status":"closed","template":"","meta":[],"product_brand":[],"product_cat":[413],"product_tag":[],"class_list":{"0":"post-21986","1":"product","2":"type-product","3":"status-publish","4":"has-post-thumbnail","6":"product_cat-paradicsom-vetomagok-zalia-stotele","8":"first","9":"instock","10":"taxable","11":"shipping-taxable","12":"purchasable","13":"product-type-simple"},"_links":{"self":[{"href":"https:\/\/chilimag.hu\/webshop\/wp-json\/wp\/v2\/product\/21986","targetHints":{"allow":["GET"]}}],"collection":[{"href":"https:\/\/chilimag.hu\/webshop\/wp-json\/wp\/v2\/product"}],"about":[{"href":"https:\/\/chilimag.hu\/webshop\/wp-json\/wp\/v2\/types\/product"}],"replies":[{"embeddable":true,"href":"https:\/\/chilimag.hu\/webshop\/wp-json\/wp\/v2\/comments?post=21986"}],"wp:featuredmedia":[{"embeddable":true,"href":"https:\/\/chilimag.hu\/webshop\/wp-json\/wp\/v2\/media\/21987"}],"wp:attachment":[{"href":"https:\/\/chilimag.hu\/webshop\/wp-json\/wp\/v2\/media?parent=21986"}],"wp:term":[{"taxonomy":"product_brand","embeddable":true,"href":"https:\/\/chilimag.hu\/webshop\/wp-json\/wp\/v2\/product_brand?post=21986"},{"taxonomy":"product_cat","embeddable":true,"href":"https:\/\/chilimag.hu\/webshop\/wp-json\/wp\/v2\/product_cat?post=21986"},{"taxonomy":"product_tag","embeddable":true,"href":"https:\/\/chilimag.hu\/webshop\/wp-json\/wp\/v2\/product_tag?post=21986"}],"curies":[{"name":"wp","href":"https:\/\/api.w.org\/{rel}","templated":true}]}}