{"id":21982,"date":"2023-03-08T19:49:15","date_gmt":"2023-03-08T19:49:15","guid":{"rendered":"https:\/\/chilimag.hu\/webshop\/?post_type=product&#038;p=21982"},"modified":"2025-12-09T15:06:47","modified_gmt":"2025-12-09T15:06:47","slug":"zsazsa-garden-cress-z-s-sl","status":"publish","type":"product","link":"https:\/\/chilimag.hu\/webshop\/termek\/zsazsa-garden-cress-z-s-sl\/","title":{"rendered":"Zs\u00e1zsa Garden Cress (Broad Leaves) Z.S SL"},"content":{"rendered":"","protected":false},"excerpt":{"rendered":"<p><img decoding=\"async\" class=\"active-logo\" src=\"https:\/\/b2b.seklos.lt\/themes\/warehouse\/img\/logo_en.png\" alt=\"Agrofirma S\u0117klos, UAB\" width=\"280\" height=\"95\" \/><\/p>\n<p>Egyny\u00e1ri, l\u00e1gysz\u00e1r\u00fa, k\u00f6nnyen termeszthet\u0151 \u00e9s nagyon gyorsan n\u00f6vekv\u0151 n\u00f6v\u00e9ny. Apr\u00f3, illatos, f\u0171szeres leveleket haszn\u00e1lnak \u00e9tkez\u00e9sre. A zs\u00e1zsa levelei j\u00f3dot, kalciumot, vass\u00f3kat, karotint tartalmaznak, nagyon gazdag C-vitaminban. A friss leveleket szendvicsekhez, \u00edzes\u00edtik, halak, t\u00far\u00f3s, toj\u00e1sos \u00e9telekhez. A magok 2-3 napon bel\u00fcl cs\u00edr\u00e1znak. Ahhoz, hogy mindig legyen kerti zs\u00e1zsa, 7-14 naponta kell elvetni a magokat.<br \/>\nMennyis\u00e9g egy csomagban 5 g<br \/>\nMagok sz\u00e1ma grammonk\u00e9nt Kb. 400-500 mag<br \/>\nNapos hely Igen<br \/>\nTermeszt\u00e9si hely Erk\u00e9ly, A teraszon<br \/>\nGy\u00e1rt\u00f3 \u017dalia stotel\u0117<\/p>\n","protected":false},"featured_media":21983,"comment_status":"closed","ping_status":"closed","template":"","meta":[],"product_brand":[],"product_cat":[357],"product_tag":[],"class_list":{"0":"post-21982","1":"product","2":"type-product","3":"status-publish","4":"has-post-thumbnail","6":"product_cat-retek-salata-es-levelzoldseg-vetomagok","8":"first","9":"instock","10":"taxable","11":"shipping-taxable","12":"purchasable","13":"product-type-simple"},"_links":{"self":[{"href":"https:\/\/chilimag.hu\/webshop\/wp-json\/wp\/v2\/product\/21982","targetHints":{"allow":["GET"]}}],"collection":[{"href":"https:\/\/chilimag.hu\/webshop\/wp-json\/wp\/v2\/product"}],"about":[{"href":"https:\/\/chilimag.hu\/webshop\/wp-json\/wp\/v2\/types\/product"}],"replies":[{"embeddable":true,"href":"https:\/\/chilimag.hu\/webshop\/wp-json\/wp\/v2\/comments?post=21982"}],"wp:featuredmedia":[{"embeddable":true,"href":"https:\/\/chilimag.hu\/webshop\/wp-json\/wp\/v2\/media\/21983"}],"wp:attachment":[{"href":"https:\/\/chilimag.hu\/webshop\/wp-json\/wp\/v2\/media?parent=21982"}],"wp:term":[{"taxonomy":"product_brand","embeddable":true,"href":"https:\/\/chilimag.hu\/webshop\/wp-json\/wp\/v2\/product_brand?post=21982"},{"taxonomy":"product_cat","embeddable":true,"href":"https:\/\/chilimag.hu\/webshop\/wp-json\/wp\/v2\/product_cat?post=21982"},{"taxonomy":"product_tag","embeddable":true,"href":"https:\/\/chilimag.hu\/webshop\/wp-json\/wp\/v2\/product_tag?post=21982"}],"curies":[{"name":"wp","href":"https:\/\/api.w.org\/{rel}","templated":true}]}}