{"id":21976,"date":"2023-03-08T19:40:43","date_gmt":"2023-03-08T19:40:43","guid":{"rendered":"https:\/\/chilimag.hu\/webshop\/?post_type=product&#038;p=21976"},"modified":"2025-08-22T11:12:19","modified_gmt":"2025-08-22T11:12:19","slug":"petrezselyemzold-festival-68-z-s-sl","status":"publish","type":"product","link":"https:\/\/chilimag.hu\/webshop\/termek\/petrezselyemzold-festival-68-z-s-sl\/","title":{"rendered":"Petrezselyemlev\u00e9l Festival 68 Z.S SL"},"content":{"rendered":"","protected":false},"excerpt":{"rendered":"<p><img decoding=\"async\" class=\"logo\" src=\"https:\/\/b2b.seklos.lt\/themes\/warehouse\/img\/logo_en.png\" alt=\"Agrofirma S\u0117klos, UAB\" \/><\/p>\n<p>A petrezselyem k\u00f6zepes korai fajt\u00e1ja sima, illatos, s\u00f6t\u00e9tz\u00f6ld levelekkel. A fajt\u00e1t nem csak \u00edzes\u00edtett levelei, hanem gy\u00f6kerei miatt is \u00e9rt\u00e9kelik. Tavaszi, ny\u00e1ri \u00e9s \u0151szi betakar\u00edt\u00e1sra termesztik. Korai betakar\u00edt\u00e1shoz \u0151sszel vagy kora tavasszal, \u0151szi betakar\u00edt\u00e1shoz m\u00e1jusban kell vetni. K\u00f6nny\u0171, nedves v\u00e1lyog vagy homokos v\u00e1lyog talajban fejl\u0151dik a legjobban.<br \/>\nB \u00e1rcsoport<br \/>\nKiszerel\u00e9s egy csomagban 2 g<br \/>\nMagok sz\u00e1ma grammonk\u00e9nt K\u00f6r\u00fclbel\u00fcl 500-1000 mag<br \/>\n\u00dcltet\u00e9si t\u00e1vols\u00e1gok 20 x 5 cm<br \/>\nNapos hely Igen<br \/>\nA legkelend\u0151bbek k\u00f6z\u00f6tt Igen<br \/>\nT\u00edpus Leaf egyenl\u0151<br \/>\nTermeszt\u00e9si hely Teraszon, Erk\u00e9lyen, \u00dcvegh\u00e1zban, Sz\u00e1nt\u00f3f\u00f6ld\u00f6n<br \/>\nElk\u00e9sz\u00edt\u00e9si m\u00f3dszerek Sz\u00e1r\u00edt\u00e1s, H\u0171t\u00e9s<br \/>\nA fajta korai ideje M\u00e9rs\u00e9kelten korai<br \/>\nVet\u00e9sid\u0151 a talajban IV-X<br \/>\nGy\u00e1rt\u00f3 \u017dalia stotel\u0117<\/p>\n","protected":false},"featured_media":21977,"comment_status":"closed","ping_status":"closed","template":"","meta":[],"product_brand":[],"product_cat":[419],"product_tag":[],"class_list":{"0":"post-21976","1":"product","2":"type-product","3":"status-publish","4":"has-post-thumbnail","6":"product_cat-fuszer-es-gyogynovenyek-zalia-stotele","8":"first","9":"instock","10":"taxable","11":"shipping-taxable","12":"purchasable","13":"product-type-simple"},"_links":{"self":[{"href":"https:\/\/chilimag.hu\/webshop\/wp-json\/wp\/v2\/product\/21976","targetHints":{"allow":["GET"]}}],"collection":[{"href":"https:\/\/chilimag.hu\/webshop\/wp-json\/wp\/v2\/product"}],"about":[{"href":"https:\/\/chilimag.hu\/webshop\/wp-json\/wp\/v2\/types\/product"}],"replies":[{"embeddable":true,"href":"https:\/\/chilimag.hu\/webshop\/wp-json\/wp\/v2\/comments?post=21976"}],"wp:featuredmedia":[{"embeddable":true,"href":"https:\/\/chilimag.hu\/webshop\/wp-json\/wp\/v2\/media\/21977"}],"wp:attachment":[{"href":"https:\/\/chilimag.hu\/webshop\/wp-json\/wp\/v2\/media?parent=21976"}],"wp:term":[{"taxonomy":"product_brand","embeddable":true,"href":"https:\/\/chilimag.hu\/webshop\/wp-json\/wp\/v2\/product_brand?post=21976"},{"taxonomy":"product_cat","embeddable":true,"href":"https:\/\/chilimag.hu\/webshop\/wp-json\/wp\/v2\/product_cat?post=21976"},{"taxonomy":"product_tag","embeddable":true,"href":"https:\/\/chilimag.hu\/webshop\/wp-json\/wp\/v2\/product_tag?post=21976"}],"curies":[{"name":"wp","href":"https:\/\/api.w.org\/{rel}","templated":true}]}}