{"id":21972,"date":"2023-03-08T19:35:56","date_gmt":"2023-03-08T19:35:56","guid":{"rendered":"https:\/\/chilimag.hu\/webshop\/?post_type=product&#038;p=21972"},"modified":"2026-04-03T07:29:49","modified_gmt":"2026-04-03T07:29:49","slug":"patiszon-greendisc-z-s-sl","status":"publish","type":"product","link":"https:\/\/chilimag.hu\/webshop\/termek\/patiszon-greendisc-z-s-sl\/","title":{"rendered":"Patiszon Greendisc Hibrid Z.S SL"},"content":{"rendered":"","protected":false},"excerpt":{"rendered":"<p><img decoding=\"async\" class=\"active-logo\" src=\"https:\/\/b2b.seklos.lt\/themes\/warehouse\/img\/logo_en.png\" alt=\"Agrofirma S\u0117klos, UAB\" width=\"280\" height=\"95\" \/><\/p>\n<p>Korai, nagy hozam\u00fa bokor t\u00edpus\u00fa fajta. A gy\u00fcm\u00f6lcs\u00f6k s\u00f6t\u00e9tz\u00f6ld h\u00e9j\u00faak, feh\u00e9r h\u00fas\u00faak, \u00e9s finomabbak, mint a vel\u0151 vagy a cukkini. Gy\u00fcm\u00f6lcsei 4-5 cm \u00e1tm\u00e9r\u0151j\u0171ek, bef\u0151z\u00e9sre alkalmasak, nagyobb gy\u00fcm\u00f6lcs\u00f6k \u2013 s\u00fct\u00e9sre, p\u00e1rol\u00e1sra vagy t\u00f6ltel\u00e9kre. Kor\u00e1bbi betakar\u00edt\u00e1shoz aj\u00e1nlott pal\u00e1nt\u00e1kat \u00fcltetni. Heti 2-3 alkalommal szedhet\u0151. Term\u00e9keny talajon, napos, sz\u00e9lt\u0151l v\u00e9dett helyen fejl\u0151dik a legjobban.<br \/>\nEgy csomagban l\u00e9v\u0151 mennyis\u00e9g 1 g<br \/>\nMagok sz\u00e1ma grammonk\u00e9nt K\u00f6r\u00fclbel\u00fcl 8-10 mag<br \/>\n\u00dcltet\u00e9si t\u00e1vols\u00e1gok V-VI,70&#215;70 cm<br \/>\nMagh\u00edrek 2020<br \/>\nTerm\u0151f\u00f6ld<br \/>\nElk\u00e9sz\u00edt\u00e9si m\u00f3dszerek Konzerv\u00e1l\u00e1s<br \/>\nA fajta korai ideje Korai<br \/>\nVet\u00e9sid\u0151 a talajban V-VI<br \/>\nA pal\u00e1nt\u00e1k vet\u00e9si ideje IV<br \/>\nGy\u00fcm\u00f6lcs sz\u00edne Z\u00f6ld<br \/>\nGy\u00e1rt\u00f3 \u017dalia stotel\u0117<\/p>\n","protected":false},"featured_media":21973,"comment_status":"closed","ping_status":"closed","template":"","meta":[],"product_brand":[],"product_cat":[420],"product_tag":[],"class_list":{"0":"post-21972","1":"product","2":"type-product","3":"status-publish","4":"has-post-thumbnail","6":"product_cat-dinnye-es-tok-vetomagok-zalia-stotele","8":"first","9":"instock","10":"taxable","11":"shipping-taxable","12":"purchasable","13":"product-type-simple"},"_links":{"self":[{"href":"https:\/\/chilimag.hu\/webshop\/wp-json\/wp\/v2\/product\/21972","targetHints":{"allow":["GET"]}}],"collection":[{"href":"https:\/\/chilimag.hu\/webshop\/wp-json\/wp\/v2\/product"}],"about":[{"href":"https:\/\/chilimag.hu\/webshop\/wp-json\/wp\/v2\/types\/product"}],"replies":[{"embeddable":true,"href":"https:\/\/chilimag.hu\/webshop\/wp-json\/wp\/v2\/comments?post=21972"}],"wp:featuredmedia":[{"embeddable":true,"href":"https:\/\/chilimag.hu\/webshop\/wp-json\/wp\/v2\/media\/21973"}],"wp:attachment":[{"href":"https:\/\/chilimag.hu\/webshop\/wp-json\/wp\/v2\/media?parent=21972"}],"wp:term":[{"taxonomy":"product_brand","embeddable":true,"href":"https:\/\/chilimag.hu\/webshop\/wp-json\/wp\/v2\/product_brand?post=21972"},{"taxonomy":"product_cat","embeddable":true,"href":"https:\/\/chilimag.hu\/webshop\/wp-json\/wp\/v2\/product_cat?post=21972"},{"taxonomy":"product_tag","embeddable":true,"href":"https:\/\/chilimag.hu\/webshop\/wp-json\/wp\/v2\/product_tag?post=21972"}],"curies":[{"name":"wp","href":"https:\/\/api.w.org\/{rel}","templated":true}]}}