{"id":21960,"date":"2023-03-08T19:16:55","date_gmt":"2023-03-08T19:16:55","guid":{"rendered":"https:\/\/chilimag.hu\/webshop\/?post_type=product&#038;p=21960"},"modified":"2026-01-25T12:14:42","modified_gmt":"2026-01-25T12:14:42","slug":"paprika-quadrato-dasti-rosso-z-s-sl","status":"publish","type":"product","link":"https:\/\/chilimag.hu\/webshop\/termek\/paprika-quadrato-dasti-rosso-z-s-sl\/","title":{"rendered":"Paprika Quadrato D&#8217;asti Rosso Z.S SL"},"content":{"rendered":"","protected":false},"excerpt":{"rendered":"<p><img decoding=\"async\" class=\"active-logo\" src=\"https:\/\/b2b.seklos.lt\/themes\/warehouse\/img\/logo_en.png\" alt=\"Agrofirma S\u0117klos, UAB\" width=\"280\" height=\"95\" \/><\/p>\n<p>K\u00f6z\u00e9pkorai fajta. A n\u00f6v\u00e9nyek d\u00fasak \u00e9s meglehet\u0151sen magasak. Gy\u00fcm\u00f6lcsei nagyok, n\u00e9gykamr\u00e1sak, 280 g k\u00f6r\u00fcliek, 7-8 mm falvastags\u00e1g\u00faak, \u00e9retten pirosak. Frissen, tart\u00f3s\u00edtva, p\u00e1rolva fogyasztva, hal\u00e9telekhez k\u00fcl\u00f6n\u00f6sen alkalmas. \u00dcvegh\u00e1zban vagy szabadban termesztik.<br \/>\nC \u00e1rcsoport<br \/>\nMennyis\u00e9g egy csomagban 0,1g<br \/>\nMagok sz\u00e1ma grammonk\u00e9nt Kb. 120-160 mag<br \/>\nSz\u00fcret VII\u2013VIII<br \/>\nNapos hely Igen<br \/>\n\u00cdrd be: \u00c9des<br \/>\nTerm\u0151f\u00f6ld, \u00fcvegh\u00e1zban<br \/>\nElk\u00e9sz\u00edt\u00e9si m\u00f3dszerek Konzerv\u00e1l\u00e1s<br \/>\nA fajta korai ideje M\u00e9rs\u00e9kelten korai<br \/>\nA pal\u00e1nt\u00e1k vet\u00e9si ideje III-IV<br \/>\nGy\u00e1rt\u00f3 \u017dalia stotel\u0117<\/p>\n","protected":false},"featured_media":21961,"comment_status":"closed","ping_status":"closed","template":"","meta":[],"product_brand":[],"product_cat":[414],"product_tag":[],"class_list":{"0":"post-21960","1":"product","2":"type-product","3":"status-publish","4":"has-post-thumbnail","6":"product_cat-paprika-vetomagok-zalia-stotele","8":"first","9":"instock","10":"taxable","11":"shipping-taxable","12":"purchasable","13":"product-type-simple"},"_links":{"self":[{"href":"https:\/\/chilimag.hu\/webshop\/wp-json\/wp\/v2\/product\/21960","targetHints":{"allow":["GET"]}}],"collection":[{"href":"https:\/\/chilimag.hu\/webshop\/wp-json\/wp\/v2\/product"}],"about":[{"href":"https:\/\/chilimag.hu\/webshop\/wp-json\/wp\/v2\/types\/product"}],"replies":[{"embeddable":true,"href":"https:\/\/chilimag.hu\/webshop\/wp-json\/wp\/v2\/comments?post=21960"}],"wp:featuredmedia":[{"embeddable":true,"href":"https:\/\/chilimag.hu\/webshop\/wp-json\/wp\/v2\/media\/21961"}],"wp:attachment":[{"href":"https:\/\/chilimag.hu\/webshop\/wp-json\/wp\/v2\/media?parent=21960"}],"wp:term":[{"taxonomy":"product_brand","embeddable":true,"href":"https:\/\/chilimag.hu\/webshop\/wp-json\/wp\/v2\/product_brand?post=21960"},{"taxonomy":"product_cat","embeddable":true,"href":"https:\/\/chilimag.hu\/webshop\/wp-json\/wp\/v2\/product_cat?post=21960"},{"taxonomy":"product_tag","embeddable":true,"href":"https:\/\/chilimag.hu\/webshop\/wp-json\/wp\/v2\/product_tag?post=21960"}],"curies":[{"name":"wp","href":"https:\/\/api.w.org\/{rel}","templated":true}]}}