{"id":21958,"date":"2023-03-08T19:14:28","date_gmt":"2023-03-08T19:14:28","guid":{"rendered":"https:\/\/chilimag.hu\/webshop\/?post_type=product&#038;p=21958"},"modified":"2026-03-23T12:22:06","modified_gmt":"2026-03-23T12:22:06","slug":"paprika-jalapeno-m-z-s-sl","status":"publish","type":"product","link":"https:\/\/chilimag.hu\/webshop\/termek\/paprika-jalapeno-m-z-s-sl\/","title":{"rendered":"Paprika Jalapeno M Z.S SL"},"content":{"rendered":"","protected":false},"excerpt":{"rendered":"<p><img decoding=\"async\" class=\"active-logo\" src=\"https:\/\/b2b.seklos.lt\/themes\/warehouse\/img\/logo_en.png\" alt=\"Agrofirma S\u0117klos, UAB\" width=\"280\" height=\"95\" \/><\/p>\n<p>Korai \u00e9r\u00e9s\u0171, nagy hozam\u00fa cs\u00edp\u0151s paprika fajta. A veget\u00e1ci\u00f3s id\u0151szak 65-75 nap. Gy\u00fcm\u00f6lcsei 7,5-8 cm hossz\u00fara n\u0151nek, \u00e9retten pirosak. Min\u00e9l \u00e9rettebbek a gy\u00fcm\u00f6lcs\u00f6k, ann\u00e1l forr\u00f3bbak lesznek. A paprika cs\u00edr\u00e1z\u00e1s\u00e1hoz a legjobb h\u0151m\u00e9rs\u00e9klet 22-25 \u00b0C. A magok 14-22 napon bel\u00fcl cs\u00edr\u00e1znak. \u00dcvegh\u00e1zakban \u00e9s szabadban vagy cser\u00e9pben termesztik. A pal\u00e1nt\u00e1kat m\u00e1jus v\u00e9g\u00e9n szabad szabadba \u00fcltetni.<br \/>\nC \u00e1rcsoport<br \/>\nMennyis\u00e9g egy csomagban 0,1g<br \/>\nMagok sz\u00e1ma grammonk\u00e9nt Kb. 120-160 mag<br \/>\n\u00dcltet\u00e9si t\u00e1vols\u00e1gok IV\u2013VI, 50&#215;50 cm<br \/>\nSz\u00fcret VII-IX<br \/>\nNapos hely Igen<br \/>\nT\u00edpus f\u0171szeres<br \/>\nTermeszt\u00e9si hely Erk\u00e9ly, Sz\u00e1nt\u00f3f\u00f6ld, \u00dcvegh\u00e1zban, Teraszon<br \/>\nElk\u00e9sz\u00edt\u00e9si m\u00f3dszerek Konzerv\u00e1l\u00e1s, Sz\u00e1r\u00edt\u00e1s<br \/>\nA fajta korai ideje Korai<br \/>\nA pal\u00e1nt\u00e1k vet\u00e9si ideje II-IV<br \/>\nGy\u00e1rt\u00f3 \u017dalia stotel\u0117<\/p>\n","protected":false},"featured_media":21959,"comment_status":"closed","ping_status":"closed","template":"","meta":[],"product_brand":[],"product_cat":[414],"product_tag":[],"class_list":{"0":"post-21958","1":"product","2":"type-product","3":"status-publish","4":"has-post-thumbnail","6":"product_cat-paprika-vetomagok-zalia-stotele","8":"first","9":"instock","10":"taxable","11":"shipping-taxable","12":"purchasable","13":"product-type-simple"},"_links":{"self":[{"href":"https:\/\/chilimag.hu\/webshop\/wp-json\/wp\/v2\/product\/21958","targetHints":{"allow":["GET"]}}],"collection":[{"href":"https:\/\/chilimag.hu\/webshop\/wp-json\/wp\/v2\/product"}],"about":[{"href":"https:\/\/chilimag.hu\/webshop\/wp-json\/wp\/v2\/types\/product"}],"replies":[{"embeddable":true,"href":"https:\/\/chilimag.hu\/webshop\/wp-json\/wp\/v2\/comments?post=21958"}],"wp:featuredmedia":[{"embeddable":true,"href":"https:\/\/chilimag.hu\/webshop\/wp-json\/wp\/v2\/media\/21959"}],"wp:attachment":[{"href":"https:\/\/chilimag.hu\/webshop\/wp-json\/wp\/v2\/media?parent=21958"}],"wp:term":[{"taxonomy":"product_brand","embeddable":true,"href":"https:\/\/chilimag.hu\/webshop\/wp-json\/wp\/v2\/product_brand?post=21958"},{"taxonomy":"product_cat","embeddable":true,"href":"https:\/\/chilimag.hu\/webshop\/wp-json\/wp\/v2\/product_cat?post=21958"},{"taxonomy":"product_tag","embeddable":true,"href":"https:\/\/chilimag.hu\/webshop\/wp-json\/wp\/v2\/product_tag?post=21958"}],"curies":[{"name":"wp","href":"https:\/\/api.w.org\/{rel}","templated":true}]}}