{"id":21947,"date":"2023-03-07T20:17:48","date_gmt":"2023-03-07T20:17:48","guid":{"rendered":"https:\/\/chilimag.hu\/webshop\/?post_type=product&#038;p=21947"},"modified":"2026-02-16T16:25:49","modified_gmt":"2026-02-16T16:25:49","slug":"paprika-poseidon-z-s-sl","status":"publish","type":"product","link":"https:\/\/chilimag.hu\/webshop\/termek\/paprika-poseidon-z-s-sl\/","title":{"rendered":"Paprika Poseidon Z.S SL"},"content":{"rendered":"","protected":false},"excerpt":{"rendered":"<p><img decoding=\"async\" class=\"active-logo\" src=\"https:\/\/b2b.seklos.lt\/themes\/warehouse\/img\/logo_en.png\" alt=\"Agrofirma S\u0117klos, UAB\" width=\"280\" height=\"95\" \/><\/p>\n<p>Nagyon korai chili paprika fajta. Gy\u00fcm\u00f6lcsei megny\u00faltak, elv\u00e9konyodtak, \u00e9r\u00e9s ut\u00e1n \u00e9l\u00e9nkpirosak, f\u0171szeresek. Alakjuk szarvra eml\u00e9keztet. F\u0171szerk\u00e9nt haszn\u00e1lj\u00e1k. A paprika b\u00e1rmely \u00e9r\u00e9si szakaszban eg\u00e9szben tart\u00f3s\u00edthat\u00f3. Egy n\u00f6v\u00e9nyen 20-25 gy\u00fcm\u00f6lcs terem. A paprikamag cs\u00edr\u00e1z\u00e1s\u00e1nak optim\u00e1lis h\u0151m\u00e9rs\u00e9klete 22-25 \u00baC. A magok 14-22 napon bel\u00fcl cs\u00edr\u00e1znak. Szabadf\u00f6ld\u00f6n \u00e9s \u00fcvegh\u00e1zakban termeszthet\u0151.<br \/>\nC \u00e1rcsoport<br \/>\nMennyis\u00e9g egy csomagban 0,1g<br \/>\nMagok sz\u00e1ma grammonk\u00e9nt Kb. 120-160 mag<br \/>\n\u00dcltet\u00e9si t\u00e1vols\u00e1gok IV-VI, 40&#215;30 cm<br \/>\nSz\u00fcret VII\u2013VIII<br \/>\nNapos hely Igen<br \/>\nT\u00edpus f\u0171szeres<br \/>\nTermeszt\u00e9si hely sz\u00e1nt\u00f3f\u00f6ld, erk\u00e9ly, \u00fcvegh\u00e1zban, teraszon<br \/>\nElk\u00e9sz\u00edt\u00e9si m\u00f3dszerek Konzerv\u00e1l\u00e1s, Sz\u00e1r\u00edt\u00e1s<br \/>\nA fajta korai ideje Korai<br \/>\nA pal\u00e1nt\u00e1k vet\u00e9si ideje III-IV<br \/>\nGy\u00e1rt\u00f3 \u017dalia stotel\u0117<\/p>\n","protected":false},"featured_media":21948,"comment_status":"closed","ping_status":"closed","template":"","meta":[],"product_brand":[],"product_cat":[414],"product_tag":[],"class_list":{"0":"post-21947","1":"product","2":"type-product","3":"status-publish","4":"has-post-thumbnail","6":"product_cat-paprika-vetomagok-zalia-stotele","8":"first","9":"instock","10":"taxable","11":"shipping-taxable","12":"purchasable","13":"product-type-simple"},"_links":{"self":[{"href":"https:\/\/chilimag.hu\/webshop\/wp-json\/wp\/v2\/product\/21947","targetHints":{"allow":["GET"]}}],"collection":[{"href":"https:\/\/chilimag.hu\/webshop\/wp-json\/wp\/v2\/product"}],"about":[{"href":"https:\/\/chilimag.hu\/webshop\/wp-json\/wp\/v2\/types\/product"}],"replies":[{"embeddable":true,"href":"https:\/\/chilimag.hu\/webshop\/wp-json\/wp\/v2\/comments?post=21947"}],"wp:featuredmedia":[{"embeddable":true,"href":"https:\/\/chilimag.hu\/webshop\/wp-json\/wp\/v2\/media\/21948"}],"wp:attachment":[{"href":"https:\/\/chilimag.hu\/webshop\/wp-json\/wp\/v2\/media?parent=21947"}],"wp:term":[{"taxonomy":"product_brand","embeddable":true,"href":"https:\/\/chilimag.hu\/webshop\/wp-json\/wp\/v2\/product_brand?post=21947"},{"taxonomy":"product_cat","embeddable":true,"href":"https:\/\/chilimag.hu\/webshop\/wp-json\/wp\/v2\/product_cat?post=21947"},{"taxonomy":"product_tag","embeddable":true,"href":"https:\/\/chilimag.hu\/webshop\/wp-json\/wp\/v2\/product_tag?post=21947"}],"curies":[{"name":"wp","href":"https:\/\/api.w.org\/{rel}","templated":true}]}}