{"id":21945,"date":"2023-03-07T20:14:18","date_gmt":"2023-03-07T20:14:18","guid":{"rendered":"https:\/\/chilimag.hu\/webshop\/?post_type=product&#038;p=21945"},"modified":"2026-01-10T13:12:52","modified_gmt":"2026-01-10T13:12:52","slug":"paprika-lombardo-z-s-sl","status":"publish","type":"product","link":"https:\/\/chilimag.hu\/webshop\/termek\/paprika-lombardo-z-s-sl\/","title":{"rendered":"Paprika Lombardo Z.S SL"},"content":{"rendered":"","protected":false},"excerpt":{"rendered":"<p><img decoding=\"async\" class=\"active-logo\" src=\"https:\/\/b2b.seklos.lt\/themes\/warehouse\/img\/logo_en.png\" alt=\"Agrofirma S\u0117klos, UAB\" width=\"280\" height=\"95\" \/><\/p>\n<p>Nagyon korai, nagy hozam\u00fa fajta. A n\u00f6v\u00e9nyek d\u00fasak, k\u00f6zepes magass\u00e1g\u00faak. Gy\u00fcm\u00f6lcsei v\u00e9konyak, megny\u00faltak, 2,5 cm \u00e1tm\u00e9r\u0151j\u0171ek, 11 cm hossz\u00faak, \u00e9retten pirosak. Falvastags\u00e1g 2 mm, gy\u00fcm\u00f6lcs s\u00falya- 40-45 g. Szabadban \u00e9s \u00fcvegh\u00e1zakban termesztik. A paprika \u00e9rz\u00e9keny a nedvess\u00e9ghi\u00e1nyra, ez\u00e9rt a n\u00f6v\u00e9nyeket heti 2-3 alkalommal \u00e9rdemes a nap els\u0151 fel\u00e9ben \u00f6nt\u00f6zni. Ez a fajta k\u00fcl\u00f6n\u00f6sen alkalmas tart\u00f3s\u00edt\u00e1sra, ilyenkor a gy\u00fcm\u00f6lcs v\u00e1gatlanul is felhaszn\u00e1lhat\u00f3.<br \/>\nC \u00e1rcsoport<br \/>\nMennyis\u00e9g egy csomagban 0,1g<br \/>\nMagok sz\u00e1ma grammonk\u00e9nt Kb. 120-160 mag<br \/>\nSz\u00fcret VI-VII<br \/>\nNapos hely Igen<br \/>\n\u00cdrd be: \u00c9des<br \/>\nTermeszt\u00e9si hely Teraszon, Erk\u00e9lyen, Sz\u00e1nt\u00f3f\u00f6ld\u00f6n, \u00dcvegh\u00e1zban<br \/>\nElk\u00e9sz\u00edt\u00e9si m\u00f3dszerek Konzerv\u00e1l\u00e1s<br \/>\nA fajta korai ideje Korai<br \/>\nA pal\u00e1nt\u00e1k vet\u00e9si ideje III-IV<br \/>\nGy\u00e1rt\u00f3 \u017dalia stotel\u0117<\/p>\n","protected":false},"featured_media":21946,"comment_status":"closed","ping_status":"closed","template":"","meta":[],"product_brand":[],"product_cat":[414],"product_tag":[],"class_list":{"0":"post-21945","1":"product","2":"type-product","3":"status-publish","4":"has-post-thumbnail","6":"product_cat-paprika-vetomagok-zalia-stotele","8":"first","9":"instock","10":"taxable","11":"shipping-taxable","12":"purchasable","13":"product-type-simple"},"_links":{"self":[{"href":"https:\/\/chilimag.hu\/webshop\/wp-json\/wp\/v2\/product\/21945","targetHints":{"allow":["GET"]}}],"collection":[{"href":"https:\/\/chilimag.hu\/webshop\/wp-json\/wp\/v2\/product"}],"about":[{"href":"https:\/\/chilimag.hu\/webshop\/wp-json\/wp\/v2\/types\/product"}],"replies":[{"embeddable":true,"href":"https:\/\/chilimag.hu\/webshop\/wp-json\/wp\/v2\/comments?post=21945"}],"wp:featuredmedia":[{"embeddable":true,"href":"https:\/\/chilimag.hu\/webshop\/wp-json\/wp\/v2\/media\/21946"}],"wp:attachment":[{"href":"https:\/\/chilimag.hu\/webshop\/wp-json\/wp\/v2\/media?parent=21945"}],"wp:term":[{"taxonomy":"product_brand","embeddable":true,"href":"https:\/\/chilimag.hu\/webshop\/wp-json\/wp\/v2\/product_brand?post=21945"},{"taxonomy":"product_cat","embeddable":true,"href":"https:\/\/chilimag.hu\/webshop\/wp-json\/wp\/v2\/product_cat?post=21945"},{"taxonomy":"product_tag","embeddable":true,"href":"https:\/\/chilimag.hu\/webshop\/wp-json\/wp\/v2\/product_tag?post=21945"}],"curies":[{"name":"wp","href":"https:\/\/api.w.org\/{rel}","templated":true}]}}