{"id":21932,"date":"2023-03-07T19:59:21","date_gmt":"2023-03-07T19:59:21","guid":{"rendered":"https:\/\/chilimag.hu\/webshop\/?post_type=product&#038;p=21932"},"modified":"2026-02-25T21:01:37","modified_gmt":"2026-02-25T21:01:37","slug":"paprika-hamis-z-s-sl","status":"publish","type":"product","link":"https:\/\/chilimag.hu\/webshop\/termek\/paprika-hamis-z-s-sl\/","title":{"rendered":"Paprika Hamik Z.S SL"},"content":{"rendered":"","protected":false},"excerpt":{"rendered":"<p><img decoding=\"async\" class=\"active-logo\" src=\"https:\/\/b2b.seklos.lt\/themes\/warehouse\/img\/logo_en.png\" alt=\"Agrofirma S\u0117klos, UAB\" width=\"280\" height=\"95\" \/><\/p>\n<p>K\u00f6z\u00e9pkorai fajta. A n\u00f6v\u00e9nyek k\u00f6zepes magass\u00e1g\u00faak. Gy\u00fcm\u00f6lcse kicsi, narancss\u00e1rga, mag n\u00e9lk\u00fcli. Szabadban \u00e9s \u00fcvegh\u00e1zakban termesztik. A pal\u00e1nt\u00e1kat fagy ut\u00e1n szabadba \u00fcltetj\u00fck. A szabadban t\u00f6rt\u00e9n\u0151 termeszt\u00e9shez term\u00e9keny talaj, napos ter\u00fcletek, sz\u00e9lt\u0151l v\u00e9dett helyek sz\u00fcks\u00e9gesek. Felhaszn\u00e1lhat\u00f3 frissen, konzervben, s\u00fctve, p\u00e1rolva. Az \u00e9des paprika gy\u00fcm\u00f6lcsei gazdagok sz\u00e9nhidr\u00e1tokban, \u00e1sv\u00e1nyi anyagokban, k\u00fcl\u00f6n\u00f6sen k\u00e1liumban, valamint P-, C-, B-, E-vitaminban.<br \/>\nMennyis\u00e9g egy csomagban 0,1g<br \/>\nMagok sz\u00e1ma grammonk\u00e9nt Kb. 120-160 mag<br \/>\nTranszplant\u00e1ci\u00f3 IV-VI<br \/>\n\u00dcltet\u00e9si t\u00e1vols\u00e1gok 40&#215;30 cm<br \/>\nSz\u00fcret VIII-IX<br \/>\nNapos hely Igen<br \/>\n\u00cdrd be: \u00c9des<br \/>\nTerm\u0151f\u00f6ld, \u00fcvegh\u00e1zban<br \/>\nElk\u00e9sz\u00edt\u00e9si m\u00f3dszerek Konzerv\u00e1l\u00e1s<br \/>\nA fajta korai ideje M\u00e9rs\u00e9kelten korai<br \/>\nA pal\u00e1nt\u00e1k vet\u00e9si ideje III-IV<br \/>\nGy\u00e1rt\u00f3 \u017dalia stotel\u0117<\/p>\n","protected":false},"featured_media":21933,"comment_status":"closed","ping_status":"closed","template":"","meta":[],"product_brand":[],"product_cat":[414],"product_tag":[],"class_list":{"0":"post-21932","1":"product","2":"type-product","3":"status-publish","4":"has-post-thumbnail","6":"product_cat-paprika-vetomagok-zalia-stotele","8":"first","9":"instock","10":"taxable","11":"shipping-taxable","12":"purchasable","13":"product-type-simple"},"_links":{"self":[{"href":"https:\/\/chilimag.hu\/webshop\/wp-json\/wp\/v2\/product\/21932","targetHints":{"allow":["GET"]}}],"collection":[{"href":"https:\/\/chilimag.hu\/webshop\/wp-json\/wp\/v2\/product"}],"about":[{"href":"https:\/\/chilimag.hu\/webshop\/wp-json\/wp\/v2\/types\/product"}],"replies":[{"embeddable":true,"href":"https:\/\/chilimag.hu\/webshop\/wp-json\/wp\/v2\/comments?post=21932"}],"wp:featuredmedia":[{"embeddable":true,"href":"https:\/\/chilimag.hu\/webshop\/wp-json\/wp\/v2\/media\/21933"}],"wp:attachment":[{"href":"https:\/\/chilimag.hu\/webshop\/wp-json\/wp\/v2\/media?parent=21932"}],"wp:term":[{"taxonomy":"product_brand","embeddable":true,"href":"https:\/\/chilimag.hu\/webshop\/wp-json\/wp\/v2\/product_brand?post=21932"},{"taxonomy":"product_cat","embeddable":true,"href":"https:\/\/chilimag.hu\/webshop\/wp-json\/wp\/v2\/product_cat?post=21932"},{"taxonomy":"product_tag","embeddable":true,"href":"https:\/\/chilimag.hu\/webshop\/wp-json\/wp\/v2\/product_tag?post=21932"}],"curies":[{"name":"wp","href":"https:\/\/api.w.org\/{rel}","templated":true}]}}