{"id":21928,"date":"2023-03-07T19:54:33","date_gmt":"2023-03-07T19:54:33","guid":{"rendered":"https:\/\/chilimag.hu\/webshop\/?post_type=product&#038;p=21928"},"modified":"2026-01-26T12:28:49","modified_gmt":"2026-01-26T12:28:49","slug":"paprika-topepo-rosso-z-s-sl","status":"publish","type":"product","link":"https:\/\/chilimag.hu\/webshop\/termek\/paprika-topepo-rosso-z-s-sl\/","title":{"rendered":"Paprika Topepo Rosso Z.S SL"},"content":{"rendered":"","protected":false},"excerpt":{"rendered":"<p><img decoding=\"async\" class=\"active-logo\" src=\"https:\/\/b2b.seklos.lt\/themes\/warehouse\/img\/logo_en.png\" alt=\"Agrofirma S\u0117klos, UAB\" width=\"280\" height=\"95\" \/><\/p>\n<p>Korai, 45-65 cm magas t\u00f6rpe fajta. M\u0171velt \u00fcvegh\u00e1zakban \u00e9s szabadban. Gy\u00fcm\u00f6lcsei dekorat\u00edvak, kerekek, 30-80 g t\u00f6meg\u0171ek, vastag fal\u00faak. A gy\u00fcm\u00f6lcs\u00f6k alakja a paradicsomra eml\u00e9keztet. Frissen fogyasztva, bef\u0151z\u00e9shez vagy t\u00f6ltel\u00e9knek kiv\u00e1l\u00f3. A magok 14-22 napon bel\u00fcl cs\u00edr\u00e1znak. A pal\u00e1nt\u00e1kat fagy ut\u00e1n \u00fcltetik ki a sz\u00e1nt\u00f3f\u00f6ldre. Szabadban, napos, sz\u00e9lt\u0151l v\u00e9dett helyen termesztik, term\u00e9keny talajban.<br \/>\nB \u00e1rcsoport<br \/>\nMennyis\u00e9g egy csomagban 0,2g<br \/>\nMagok sz\u00e1ma grammonk\u00e9nt Kb. 120-160 mag<br \/>\nTranszplant\u00e1ci\u00f3 IV-VI<br \/>\n\u00dcltet\u00e9si t\u00e1vols\u00e1gok 60 x 40 cm<br \/>\nSz\u00fcret VII\u2013IX<br \/>\nNapos hely Igen<br \/>\n\u00cdrd be: \u00c9des<br \/>\nTermeszt\u00e9si hely Erk\u00e9ly, Sz\u00e1nt\u00f3f\u00f6ld, \u00dcvegh\u00e1zban, Teraszon<br \/>\nElk\u00e9sz\u00edt\u00e9si m\u00f3dszerek Konzerv\u00e1l\u00e1s<br \/>\nA fajta korai ideje Korai<br \/>\nA pal\u00e1nt\u00e1k vet\u00e9si ideje III-IV<br \/>\nGy\u00e1rt\u00f3 \u017dalia stotel\u0117<\/p>\n","protected":false},"featured_media":21929,"comment_status":"closed","ping_status":"closed","template":"","meta":[],"product_brand":[],"product_cat":[414],"product_tag":[],"class_list":{"0":"post-21928","1":"product","2":"type-product","3":"status-publish","4":"has-post-thumbnail","6":"product_cat-paprika-vetomagok-zalia-stotele","8":"first","9":"instock","10":"taxable","11":"shipping-taxable","12":"purchasable","13":"product-type-simple"},"_links":{"self":[{"href":"https:\/\/chilimag.hu\/webshop\/wp-json\/wp\/v2\/product\/21928","targetHints":{"allow":["GET"]}}],"collection":[{"href":"https:\/\/chilimag.hu\/webshop\/wp-json\/wp\/v2\/product"}],"about":[{"href":"https:\/\/chilimag.hu\/webshop\/wp-json\/wp\/v2\/types\/product"}],"replies":[{"embeddable":true,"href":"https:\/\/chilimag.hu\/webshop\/wp-json\/wp\/v2\/comments?post=21928"}],"wp:featuredmedia":[{"embeddable":true,"href":"https:\/\/chilimag.hu\/webshop\/wp-json\/wp\/v2\/media\/21929"}],"wp:attachment":[{"href":"https:\/\/chilimag.hu\/webshop\/wp-json\/wp\/v2\/media?parent=21928"}],"wp:term":[{"taxonomy":"product_brand","embeddable":true,"href":"https:\/\/chilimag.hu\/webshop\/wp-json\/wp\/v2\/product_brand?post=21928"},{"taxonomy":"product_cat","embeddable":true,"href":"https:\/\/chilimag.hu\/webshop\/wp-json\/wp\/v2\/product_cat?post=21928"},{"taxonomy":"product_tag","embeddable":true,"href":"https:\/\/chilimag.hu\/webshop\/wp-json\/wp\/v2\/product_tag?post=21928"}],"curies":[{"name":"wp","href":"https:\/\/api.w.org\/{rel}","templated":true}]}}