{"id":21924,"date":"2023-03-07T19:48:03","date_gmt":"2023-03-07T19:48:03","guid":{"rendered":"https:\/\/chilimag.hu\/webshop\/?post_type=product&#038;p=21924"},"modified":"2026-01-29T07:23:53","modified_gmt":"2026-01-29T07:23:53","slug":"sargarepa-nerac-z-s-sl","status":"publish","type":"product","link":"https:\/\/chilimag.hu\/webshop\/termek\/sargarepa-nerac-z-s-sl\/","title":{"rendered":"S\u00e1rgar\u00e9pa Nerac Hibrid Z.S SL"},"content":{"rendered":"","protected":false},"excerpt":{"rendered":"<p><img decoding=\"async\" class=\"active-logo\" src=\"https:\/\/b2b.seklos.lt\/themes\/warehouse\/img\/logo_en.png\" alt=\"Agrofirma S\u0117klos, UAB\" width=\"280\" height=\"95\" \/><\/p>\n<p>K\u00e9s\u0151i, betegs\u00e9gekkel szemben ellen\u00e1ll\u00f3, Nantes t\u00edpus\u00fa hibrid. Veget\u00e1ci\u00f3s id\u0151szak &#8211; 130 nap. A gy\u00f6kerek egyforma m\u00e9ret\u0171ek, l\u00e9d\u00fasak, \u00e9desek. Univerz\u00e1lis min\u0151s\u00e9g\u0171 s\u00e1rgar\u00e9pa frissen fogyaszthat\u00f3, feldolgoz\u00e1sra, hossz\u00fa t\u00e1v\u00fa t\u00e1rol\u00e1sra. Hosszabb t\u00e1rol\u00e1s eset\u00e9n a gy\u00f6kerek nem vesz\u00edtenek min\u0151s\u00e9g\u00fckb\u0151l. A fajta alkalmas g\u00e9pi betakar\u00edt\u00e1sra. A magvak kezelhet\u0151k. Ha a magvakat kezelik, a kezel\u00e9s neve a csomagol\u00e1s alj\u00e1n tal\u00e1lhat\u00f3.<br \/>\nK \u00e1rcsoport<br \/>\nEgy csomagban l\u00e9v\u0151 mennyis\u00e9g 1 g<br \/>\nMagok sz\u00e1ma grammonk\u00e9nt K\u00f6r\u00fclbel\u00fcl 800-1000 mag<br \/>\n\u00dcltet\u00e9si t\u00e1vols\u00e1gok 25 x 5 cm<br \/>\nSz\u00fcret IX\u2013X<br \/>\nTerm\u0151f\u00f6ld<br \/>\nElk\u00e9sz\u00edt\u00e9si m\u00f3dszerek H\u0171t\u00e9s, Konzerv\u00e1l\u00e1s<br \/>\nA fajta korai megjelen\u00e9se K\u00e9s\u0151i<br \/>\nVet\u00e9sid\u0151 a talajban V-VI<br \/>\nGy\u00e1rt\u00f3 \u017dalia stotel\u0117<\/p>\n","protected":false},"featured_media":21925,"comment_status":"closed","ping_status":"closed","template":"","meta":[],"product_brand":[],"product_cat":[408],"product_tag":[],"class_list":{"0":"post-21924","1":"product","2":"type-product","3":"status-publish","4":"has-post-thumbnail","6":"product_cat-zoldseg-vetomagok-zalia-stotele","8":"first","9":"instock","10":"taxable","11":"shipping-taxable","12":"purchasable","13":"product-type-simple"},"_links":{"self":[{"href":"https:\/\/chilimag.hu\/webshop\/wp-json\/wp\/v2\/product\/21924","targetHints":{"allow":["GET"]}}],"collection":[{"href":"https:\/\/chilimag.hu\/webshop\/wp-json\/wp\/v2\/product"}],"about":[{"href":"https:\/\/chilimag.hu\/webshop\/wp-json\/wp\/v2\/types\/product"}],"replies":[{"embeddable":true,"href":"https:\/\/chilimag.hu\/webshop\/wp-json\/wp\/v2\/comments?post=21924"}],"wp:featuredmedia":[{"embeddable":true,"href":"https:\/\/chilimag.hu\/webshop\/wp-json\/wp\/v2\/media\/21925"}],"wp:attachment":[{"href":"https:\/\/chilimag.hu\/webshop\/wp-json\/wp\/v2\/media?parent=21924"}],"wp:term":[{"taxonomy":"product_brand","embeddable":true,"href":"https:\/\/chilimag.hu\/webshop\/wp-json\/wp\/v2\/product_brand?post=21924"},{"taxonomy":"product_cat","embeddable":true,"href":"https:\/\/chilimag.hu\/webshop\/wp-json\/wp\/v2\/product_cat?post=21924"},{"taxonomy":"product_tag","embeddable":true,"href":"https:\/\/chilimag.hu\/webshop\/wp-json\/wp\/v2\/product_tag?post=21924"}],"curies":[{"name":"wp","href":"https:\/\/api.w.org\/{rel}","templated":true}]}}