{"id":21902,"date":"2023-03-07T19:19:59","date_gmt":"2023-03-07T19:19:59","guid":{"rendered":"https:\/\/chilimag.hu\/webshop\/?post_type=product&#038;p=21902"},"modified":"2026-01-29T07:23:53","modified_gmt":"2026-01-29T07:23:53","slug":"sargarepa-napoli-z-s-sl","status":"publish","type":"product","link":"https:\/\/chilimag.hu\/webshop\/termek\/sargarepa-napoli-z-s-sl\/","title":{"rendered":"S\u00e1rgar\u00e9pa Napoli Hibrid Z.S SL"},"content":{"rendered":"","protected":false},"excerpt":{"rendered":"<p><img decoding=\"async\" class=\"active-logo\" src=\"https:\/\/b2b.seklos.lt\/themes\/warehouse\/img\/logo_en.png\" alt=\"Agrofirma S\u0117klos, UAB\" width=\"280\" height=\"95\" \/><\/p>\n<p>Korai, nagy hozam\u00fa \u2019Nantes\u2019 t\u00edpus\u00fa hibrid. A veget\u00e1ci\u00f3s id\u0151szak 90 nap. Az els\u0151 betakar\u00edt\u00e1s 60 napon bel\u00fcl. Gy\u00f6kerei 15-20 cm hossz\u00faak, tompa v\u00e9g\u0171ek, kellemesen \u00e9des \u00edz\u0171ek, kor\u00e1n nyeri el bels\u0151 \u00e9s k\u00fcls\u0151 sz\u00edn\u00e9t. A gy\u00f6kerek ellen\u00e1llnak a reped\u00e9snek. Alkalmas szabadf\u00f6ldi \u00e9s m\u0171anyag \u00fcvegh\u00e1zakban t\u00f6rt\u00e9n\u0151 termeszt\u00e9sre, k\u00f6tegben \u00e1rus\u00edtott betakar\u00edt\u00e1sra. J\u00faniusban elvet\u00e9s ut\u00e1n m\u00e1rciusig t\u00e1rolhat\u00f3. A magvak kezelhet\u0151k. Ha a magvakat kezelik, a kezel\u00e9s neve a csomagol\u00e1s alj\u00e1n tal\u00e1lhat\u00f3.<br \/>\nJ \u00e1rcsoport<br \/>\nEgy csomagban l\u00e9v\u0151 mennyis\u00e9g 1 g<br \/>\nMagok sz\u00e1ma grammonk\u00e9nt K\u00f6r\u00fclbel\u00fcl 800-1000 mag<br \/>\n\u00dcltet\u00e9si t\u00e1vols\u00e1gok 20 x 5 cm<br \/>\nNapos hely Igen<br \/>\nProfesszion\u00e1lis haszn\u00e1latra alkalmas Igen<br \/>\nA legkelend\u0151bbek k\u00f6z\u00f6tt Igen<br \/>\nTerm\u0151f\u00f6ld<br \/>\nElk\u00e9sz\u00edt\u00e9si m\u00f3dszerek H\u0171t\u00e9s, Konzerv\u00e1l\u00e1s<br \/>\nA fajta korai ideje Korai<br \/>\nVet\u00e9sid\u0151 a talajban IV-V, X<br \/>\nGy\u00e1rt\u00f3 \u017dalia stotel\u0117<\/p>\n","protected":false},"featured_media":21903,"comment_status":"closed","ping_status":"closed","template":"","meta":[],"product_brand":[],"product_cat":[408],"product_tag":[],"class_list":{"0":"post-21902","1":"product","2":"type-product","3":"status-publish","4":"has-post-thumbnail","6":"product_cat-zoldseg-vetomagok-zalia-stotele","8":"first","9":"instock","10":"taxable","11":"shipping-taxable","12":"purchasable","13":"product-type-simple"},"_links":{"self":[{"href":"https:\/\/chilimag.hu\/webshop\/wp-json\/wp\/v2\/product\/21902","targetHints":{"allow":["GET"]}}],"collection":[{"href":"https:\/\/chilimag.hu\/webshop\/wp-json\/wp\/v2\/product"}],"about":[{"href":"https:\/\/chilimag.hu\/webshop\/wp-json\/wp\/v2\/types\/product"}],"replies":[{"embeddable":true,"href":"https:\/\/chilimag.hu\/webshop\/wp-json\/wp\/v2\/comments?post=21902"}],"wp:featuredmedia":[{"embeddable":true,"href":"https:\/\/chilimag.hu\/webshop\/wp-json\/wp\/v2\/media\/21903"}],"wp:attachment":[{"href":"https:\/\/chilimag.hu\/webshop\/wp-json\/wp\/v2\/media?parent=21902"}],"wp:term":[{"taxonomy":"product_brand","embeddable":true,"href":"https:\/\/chilimag.hu\/webshop\/wp-json\/wp\/v2\/product_brand?post=21902"},{"taxonomy":"product_cat","embeddable":true,"href":"https:\/\/chilimag.hu\/webshop\/wp-json\/wp\/v2\/product_cat?post=21902"},{"taxonomy":"product_tag","embeddable":true,"href":"https:\/\/chilimag.hu\/webshop\/wp-json\/wp\/v2\/product_tag?post=21902"}],"curies":[{"name":"wp","href":"https:\/\/api.w.org\/{rel}","templated":true}]}}