{"id":21896,"date":"2023-03-07T19:09:41","date_gmt":"2023-03-07T19:09:41","guid":{"rendered":"https:\/\/chilimag.hu\/webshop\/?post_type=product&#038;p=21896"},"modified":"2025-08-29T07:58:04","modified_gmt":"2025-08-29T07:58:04","slug":"sargarepa-lange-rote-stumpfe-ohne-herz-2-z-s-sl","status":"publish","type":"product","link":"https:\/\/chilimag.hu\/webshop\/termek\/sargarepa-lange-rote-stumpfe-ohne-herz-2-z-s-sl\/","title":{"rendered":"S\u00e1rgar\u00e9pa Lange Rote Stumpfe Ohne Herz 2 Z.S SL"},"content":{"rendered":"","protected":false},"excerpt":{"rendered":"<p><img decoding=\"async\" class=\"active-logo\" src=\"https:\/\/b2b.seklos.lt\/themes\/warehouse\/img\/logo_en.png\" alt=\"Agrofirma S\u0117klos, UAB\" width=\"280\" height=\"95\" \/><\/p>\n<p>K\u00e9s\u0151i, nagy hozam\u00fa fajta. A magvak cs\u00edr\u00e1z\u00e1sa ut\u00e1n 120-130 napon bel\u00fcl betakar\u00edtj\u00e1k. A gy\u00f6kerek hossz\u00faak, hengeresek, gazdag narancss\u00e1rg\u00e1k. Ennek a fajt\u00e1nak a s\u00e1rgar\u00e9p\u00e1j\u00e1t gy\u00fcm\u00f6lcsl\u00e9 k\u00e9sz\u00edt\u00e9s\u00e9re haszn\u00e1lj\u00e1k, j\u00f3l el\u00e1ll t\u00e9len. J\u00f3l m\u0171velt, humuszban gazdag, nem \u00e1t\u00e1zott agyagos vagy homokos v\u00e1lyogtalajban n\u0151 a legjobban. Neh\u00e9z talaj eset\u00e9n gyenge a cs\u00edr\u00e1z\u00e1s, a gy\u00f6kerek r\u00f6videk, el\u00e1gaz\u00f3ak, repedezettek.<br \/>\nB \u00e1rcsoport<br \/>\nMennyis\u00e9g egy csomagban 5 g<br \/>\nMagok sz\u00e1ma grammonk\u00e9nt K\u00f6r\u00fclbel\u00fcl 800-1000 mag<br \/>\n\u00dcltet\u00e9si t\u00e1vols\u00e1gok 25 x 5 cm<br \/>\nSz\u00fcret IX\u2013X<br \/>\nNapos hely Igen<br \/>\nTerm\u0151f\u00f6ld<br \/>\nElk\u00e9sz\u00edt\u00e9si m\u00f3dszerek H\u0171t\u00e9s, Konzerv\u00e1l\u00e1s<br \/>\nA fajta korai megjelen\u00e9se K\u00e9s\u0151i<br \/>\nVet\u00e9sid\u0151 a talajban IV-V, X<br \/>\nGy\u00e1rt\u00f3 \u017dalia stotel\u0117<\/p>\n","protected":false},"featured_media":21897,"comment_status":"closed","ping_status":"closed","template":"","meta":[],"product_brand":[],"product_cat":[408],"product_tag":[],"class_list":{"0":"post-21896","1":"product","2":"type-product","3":"status-publish","4":"has-post-thumbnail","6":"product_cat-zoldseg-vetomagok-zalia-stotele","8":"first","9":"instock","10":"taxable","11":"shipping-taxable","12":"purchasable","13":"product-type-simple"},"_links":{"self":[{"href":"https:\/\/chilimag.hu\/webshop\/wp-json\/wp\/v2\/product\/21896","targetHints":{"allow":["GET"]}}],"collection":[{"href":"https:\/\/chilimag.hu\/webshop\/wp-json\/wp\/v2\/product"}],"about":[{"href":"https:\/\/chilimag.hu\/webshop\/wp-json\/wp\/v2\/types\/product"}],"replies":[{"embeddable":true,"href":"https:\/\/chilimag.hu\/webshop\/wp-json\/wp\/v2\/comments?post=21896"}],"wp:featuredmedia":[{"embeddable":true,"href":"https:\/\/chilimag.hu\/webshop\/wp-json\/wp\/v2\/media\/21897"}],"wp:attachment":[{"href":"https:\/\/chilimag.hu\/webshop\/wp-json\/wp\/v2\/media?parent=21896"}],"wp:term":[{"taxonomy":"product_brand","embeddable":true,"href":"https:\/\/chilimag.hu\/webshop\/wp-json\/wp\/v2\/product_brand?post=21896"},{"taxonomy":"product_cat","embeddable":true,"href":"https:\/\/chilimag.hu\/webshop\/wp-json\/wp\/v2\/product_cat?post=21896"},{"taxonomy":"product_tag","embeddable":true,"href":"https:\/\/chilimag.hu\/webshop\/wp-json\/wp\/v2\/product_tag?post=21896"}],"curies":[{"name":"wp","href":"https:\/\/api.w.org\/{rel}","templated":true}]}}