{"id":21845,"date":"2023-03-05T18:57:55","date_gmt":"2023-03-05T18:57:55","guid":{"rendered":"https:\/\/chilimag.hu\/webshop\/?post_type=product&#038;p=21845"},"modified":"2026-03-15T15:45:16","modified_gmt":"2026-03-15T15:45:16","slug":"mangold-bright-lights-z-s-sl","status":"publish","type":"product","link":"https:\/\/chilimag.hu\/webshop\/termek\/mangold-bright-lights-z-s-sl\/","title":{"rendered":"M\u00e1ngold Bright Lights Hibrid  Z.S SL"},"content":{"rendered":"","protected":false},"excerpt":{"rendered":"<p><img decoding=\"async\" class=\"active-logo\" src=\"https:\/\/b2b.seklos.lt\/themes\/warehouse\/img\/logo_en.png\" alt=\"Agrofirma S\u0117klos, UAB\" width=\"280\" height=\"95\" \/><\/p>\n<p>A vet\u00e9s ut\u00e1n 50-60 napon bel\u00fcl n\u0151. A leveleket \u00e9s a sz\u00e1rakat \u00e9lelmiszerk\u00e9nt haszn\u00e1lj\u00e1k. V\u00f6r\u00f6s r\u00e9pak\u00e9nt termesztve ritk\u00edt\u00e1skor nagyobb terek maradnak a n\u00f6v\u00e9nyek k\u00f6z\u00f6tt. A leveleket levesekhez haszn\u00e1lj\u00e1k, p\u00e1rolj\u00e1k, sal\u00e1t\u00e1khoz adj\u00e1k, a lev\u00e9lsz\u00e1r konzerv\u00e1lhat\u00f3. A m\u00e1ngold rendk\u00edv\u00fcl t\u00e1pl\u00e1l\u00f3, levelei \u00e9s sz\u00e1rai karotint, rengeteg C-, B1-, B2-, A-vitamint, kalciumot, foszfort, vasat, egy\u00e9b \u00e1sv\u00e1nyi anyagokat, feh\u00e9rj\u00e9t, cukrot, rostot tartalmaznak.<br \/>\nC \u00e1rcsoport<br \/>\nKiszerel\u00e9s egy csomagban 2 g<br \/>\nMagok sz\u00e1ma grammonk\u00e9nt Kb. 40-55 mag<br \/>\nTranszplant\u00e1ci\u00f3 V-VI<br \/>\n\u00dcltet\u00e9si t\u00e1vols\u00e1gok 30-40X10 cm<br \/>\nNapos hely Igen<br \/>\nT\u00edpus Leafy<br \/>\nTerm\u0151f\u00f6ld<br \/>\nElk\u00e9sz\u00edt\u00e9si m\u00f3dszerek Konzerv\u00e1l\u00e1s<br \/>\nA fajta korai ideje M\u00e9rs\u00e9kelten korai<br \/>\nVet\u00e9sid\u0151 a talajban IV-VI<br \/>\nA gy\u00fcm\u00f6lcs alakja Kerek<br \/>\nGy\u00e1rt\u00f3 \u017dalia stotel\u0117<\/p>\n","protected":false},"featured_media":21846,"comment_status":"closed","ping_status":"closed","template":"","meta":[],"product_brand":[],"product_cat":[357],"product_tag":[],"class_list":{"0":"post-21845","1":"product","2":"type-product","3":"status-publish","4":"has-post-thumbnail","6":"product_cat-retek-salata-es-levelzoldseg-vetomagok","8":"first","9":"instock","10":"taxable","11":"shipping-taxable","12":"purchasable","13":"product-type-simple"},"_links":{"self":[{"href":"https:\/\/chilimag.hu\/webshop\/wp-json\/wp\/v2\/product\/21845","targetHints":{"allow":["GET"]}}],"collection":[{"href":"https:\/\/chilimag.hu\/webshop\/wp-json\/wp\/v2\/product"}],"about":[{"href":"https:\/\/chilimag.hu\/webshop\/wp-json\/wp\/v2\/types\/product"}],"replies":[{"embeddable":true,"href":"https:\/\/chilimag.hu\/webshop\/wp-json\/wp\/v2\/comments?post=21845"}],"wp:featuredmedia":[{"embeddable":true,"href":"https:\/\/chilimag.hu\/webshop\/wp-json\/wp\/v2\/media\/21846"}],"wp:attachment":[{"href":"https:\/\/chilimag.hu\/webshop\/wp-json\/wp\/v2\/media?parent=21845"}],"wp:term":[{"taxonomy":"product_brand","embeddable":true,"href":"https:\/\/chilimag.hu\/webshop\/wp-json\/wp\/v2\/product_brand?post=21845"},{"taxonomy":"product_cat","embeddable":true,"href":"https:\/\/chilimag.hu\/webshop\/wp-json\/wp\/v2\/product_cat?post=21845"},{"taxonomy":"product_tag","embeddable":true,"href":"https:\/\/chilimag.hu\/webshop\/wp-json\/wp\/v2\/product_tag?post=21845"}],"curies":[{"name":"wp","href":"https:\/\/api.w.org\/{rel}","templated":true}]}}