{"id":21841,"date":"2023-03-05T18:52:03","date_gmt":"2023-03-05T18:52:03","guid":{"rendered":"https:\/\/chilimag.hu\/webshop\/?post_type=product&#038;p=21841"},"modified":"2026-02-03T21:49:13","modified_gmt":"2026-02-03T21:49:13","slug":"sutotok-blue-ballet-z-s-sl","status":"publish","type":"product","link":"https:\/\/chilimag.hu\/webshop\/termek\/sutotok-blue-ballet-z-s-sl\/","title":{"rendered":"S\u00fct\u0151t\u00f6k Blue Ballet Z.S SL"},"content":{"rendered":"","protected":false},"excerpt":{"rendered":"<p><img decoding=\"async\" class=\"logo\" src=\"https:\/\/b2b.seklos.lt\/themes\/warehouse\/img\/logo_en.png\" alt=\"Agrofirma S\u0117klos, UAB\" \/><\/p>\n<p>A veget\u00e1ci\u00f3s id\u0151szak 100 nap. Gy\u00fcm\u00f6lcse k\u00f6rte alak\u00fa, 1-2 kg t\u00f6meg\u0171, narancss\u00e1rga, \u00e9des, kem\u00e9ny p\u00e9pes. Egy n\u00f6v\u00e9ny 2-3 kiv\u00e1l\u00f3 min\u0151s\u00e9g\u0171 gy\u00fcm\u00f6lcs\u00f6t terem. A s\u00fct\u0151t\u00f6k szereti a term\u00e9keny talajt, a meleget \u00e9s a nedvess\u00e9get. A kor\u00e1bbi betakar\u00edt\u00e1s \u00e9rdek\u00e9ben a t\u00f6k\u00f6t cser\u00e9pbe \u00fcltetett pal\u00e1nt\u00e1kb\u00f3l termesztik. A legjobban a sz\u00e9lt\u0151l v\u00e9dett ter\u00fcleteken, homokos v\u00e1lyogban vagy k\u00f6nny\u0171 agyagos talajban n\u0151.<br \/>\nG \u00e1rcsoport<br \/>\n\u00dcltet\u00e9si t\u00e1vols\u00e1gok V-VI, 100&#215;100 cm<br \/>\nSz\u00fcret VII\u2013IX<br \/>\nNapos hely Igen<br \/>\nTerm\u0151f\u00f6ld<br \/>\nA fajta korai ideje M\u00e9rs\u00e9kelten korai<br \/>\nVet\u00e9sid\u0151 a talajban V-VI<br \/>\nA pal\u00e1nt\u00e1k vet\u00e9si ideje IV<br \/>\nGy\u00fcm\u00f6lcs s\u00falya Iki 2kg<br \/>\nGy\u00e1rt\u00f3 \u017dalia stotel\u0117<br \/>\nMagok sz\u00e1ma a csomagban, db. 5<br \/>\nTesztmez\u0151k Tesztmez\u0151kben bejel\u00f6lve<br \/>\nMagok sz\u00e1ma a csomagban, db. 5<\/p>\n","protected":false},"featured_media":21842,"comment_status":"closed","ping_status":"closed","template":"","meta":[],"product_brand":[],"product_cat":[420],"product_tag":[],"class_list":{"0":"post-21841","1":"product","2":"type-product","3":"status-publish","4":"has-post-thumbnail","6":"product_cat-dinnye-es-tok-vetomagok-zalia-stotele","8":"first","9":"instock","10":"taxable","11":"shipping-taxable","12":"purchasable","13":"product-type-simple"},"_links":{"self":[{"href":"https:\/\/chilimag.hu\/webshop\/wp-json\/wp\/v2\/product\/21841","targetHints":{"allow":["GET"]}}],"collection":[{"href":"https:\/\/chilimag.hu\/webshop\/wp-json\/wp\/v2\/product"}],"about":[{"href":"https:\/\/chilimag.hu\/webshop\/wp-json\/wp\/v2\/types\/product"}],"replies":[{"embeddable":true,"href":"https:\/\/chilimag.hu\/webshop\/wp-json\/wp\/v2\/comments?post=21841"}],"wp:featuredmedia":[{"embeddable":true,"href":"https:\/\/chilimag.hu\/webshop\/wp-json\/wp\/v2\/media\/21842"}],"wp:attachment":[{"href":"https:\/\/chilimag.hu\/webshop\/wp-json\/wp\/v2\/media?parent=21841"}],"wp:term":[{"taxonomy":"product_brand","embeddable":true,"href":"https:\/\/chilimag.hu\/webshop\/wp-json\/wp\/v2\/product_brand?post=21841"},{"taxonomy":"product_cat","embeddable":true,"href":"https:\/\/chilimag.hu\/webshop\/wp-json\/wp\/v2\/product_cat?post=21841"},{"taxonomy":"product_tag","embeddable":true,"href":"https:\/\/chilimag.hu\/webshop\/wp-json\/wp\/v2\/product_tag?post=21841"}],"curies":[{"name":"wp","href":"https:\/\/api.w.org\/{rel}","templated":true}]}}