{"id":21825,"date":"2023-03-05T17:59:51","date_gmt":"2023-03-05T17:59:51","guid":{"rendered":"https:\/\/chilimag.hu\/webshop\/?post_type=product&#038;p=21825"},"modified":"2026-01-17T12:48:48","modified_gmt":"2026-01-17T12:48:48","slug":"sutotok-sweet-mama-z-s-sl","status":"publish","type":"product","link":"https:\/\/chilimag.hu\/webshop\/termek\/sutotok-sweet-mama-z-s-sl\/","title":{"rendered":"S\u00fct\u0151t\u00f6k Sweet Mama Hibrid Z.S SL"},"content":{"rendered":"","protected":false},"excerpt":{"rendered":"<p><img decoding=\"async\" class=\"logo\" src=\"https:\/\/b2b.seklos.lt\/themes\/warehouse\/img\/logo_en.png\" alt=\"Agrofirma S\u0117klos, UAB\" \/><\/p>\n<p>F\u00e9lig bokor t\u00f6k hibrid. A veget\u00e1ci\u00f3s id\u0151szak 85 nap. A gy\u00fcm\u00f6lcs k\u00e9rge s\u00f6t\u00e9tz\u00f6ld, sz\u00fcrke cs\u00edkokkal, s\u00falya 1,5 kg. H\u00fasa s\u00e1rga, nagyon \u00e9des. A kor\u00e1bbi betakar\u00edt\u00e1s \u00e9rdek\u00e9ben a t\u00f6k\u00f6t cser\u00e9pbe \u00fcltetett pal\u00e1nt\u00e1kb\u00f3l termesztik. Friss felhaszn\u00e1l\u00e1sra, s\u00fct\u00e9sre, p\u00e1rol\u00e1sra, forral\u00e1sra alkalmas. A legjobban homokos v\u00e1lyog vagy agyagos talajban, sz\u00e9lt\u0151l v\u00e9dett helyen n\u0151. Maradj j\u00f3l febru\u00e1rig.<br \/>\nK \u00e1rcsoport<br \/>\nTranszplant\u00e1ci\u00f3 V-VI<br \/>\nSz\u00fcret VII\u2013VIII<br \/>\nNapos hely Igen<br \/>\nProfesszion\u00e1lis haszn\u00e1latra alkalmas Igen<br \/>\nTerm\u0151f\u00f6ld<br \/>\nElk\u00e9sz\u00edt\u00e9si m\u00f3dszerek H\u0171t\u00e9s<br \/>\nA fajta korai ideje Korai<br \/>\nVet\u00e9sid\u0151 a talajban V-VI<br \/>\nA pal\u00e1nt\u00e1k vet\u00e9si ideje IV-V<br \/>\nGy\u00fcm\u00f6lcs s\u00falya Iki 2kg<br \/>\nGy\u00e1rt\u00f3 \u017dalia stotel\u0117<\/p>\n","protected":false},"featured_media":21826,"comment_status":"closed","ping_status":"closed","template":"","meta":[],"product_brand":[],"product_cat":[420],"product_tag":[],"class_list":{"0":"post-21825","1":"product","2":"type-product","3":"status-publish","4":"has-post-thumbnail","6":"product_cat-dinnye-es-tok-vetomagok-zalia-stotele","8":"first","9":"instock","10":"taxable","11":"shipping-taxable","12":"purchasable","13":"product-type-simple"},"_links":{"self":[{"href":"https:\/\/chilimag.hu\/webshop\/wp-json\/wp\/v2\/product\/21825","targetHints":{"allow":["GET"]}}],"collection":[{"href":"https:\/\/chilimag.hu\/webshop\/wp-json\/wp\/v2\/product"}],"about":[{"href":"https:\/\/chilimag.hu\/webshop\/wp-json\/wp\/v2\/types\/product"}],"replies":[{"embeddable":true,"href":"https:\/\/chilimag.hu\/webshop\/wp-json\/wp\/v2\/comments?post=21825"}],"wp:featuredmedia":[{"embeddable":true,"href":"https:\/\/chilimag.hu\/webshop\/wp-json\/wp\/v2\/media\/21826"}],"wp:attachment":[{"href":"https:\/\/chilimag.hu\/webshop\/wp-json\/wp\/v2\/media?parent=21825"}],"wp:term":[{"taxonomy":"product_brand","embeddable":true,"href":"https:\/\/chilimag.hu\/webshop\/wp-json\/wp\/v2\/product_brand?post=21825"},{"taxonomy":"product_cat","embeddable":true,"href":"https:\/\/chilimag.hu\/webshop\/wp-json\/wp\/v2\/product_cat?post=21825"},{"taxonomy":"product_tag","embeddable":true,"href":"https:\/\/chilimag.hu\/webshop\/wp-json\/wp\/v2\/product_tag?post=21825"}],"curies":[{"name":"wp","href":"https:\/\/api.w.org\/{rel}","templated":true}]}}