{"id":21823,"date":"2023-03-05T17:54:41","date_gmt":"2023-03-05T17:54:41","guid":{"rendered":"https:\/\/chilimag.hu\/webshop\/?post_type=product&#038;p=21823"},"modified":"2026-02-18T19:24:37","modified_gmt":"2026-02-18T19:24:37","slug":"tok-sweet-dumpling-z-s-sl","status":"publish","type":"product","link":"https:\/\/chilimag.hu\/webshop\/termek\/tok-sweet-dumpling-z-s-sl\/","title":{"rendered":"S\u00fct\u0151t\u00f6k Sweet Dumpling Z.S SL"},"content":{"rendered":"","protected":false},"excerpt":{"rendered":"<p><img decoding=\"async\" class=\"logo\" src=\"https:\/\/b2b.seklos.lt\/themes\/warehouse\/img\/logo_en.png\" alt=\"Agrofirma S\u0117klos, UAB\" \/><\/p>\n<p>A veget\u00e1ci\u00f3s id\u0151szak 105 nap. A gy\u00fcm\u00f6lcs k\u00e9rge s\u00e1rg\u00e1sfeh\u00e9r, s\u00f6t\u00e9tz\u00f6ld cs\u00edkokkal. A gy\u00fcm\u00f6lcs\u00f6k s\u00falya k\u00f6r\u00fclbel\u00fcl 200 gramm. H\u00fasa narancss\u00e1rga, \u00e9des. A kor\u00e1bbi betakar\u00edt\u00e1s \u00e9rdek\u00e9ben a t\u00f6k\u00f6t cser\u00e9pbe \u00fcltetett pal\u00e1nt\u00e1kb\u00f3l termesztik. A squash \u00e9rt\u00e9kes di\u00e9t\u00e1s term\u00e9k. Alkalmas s\u00fct\u00e9sre, p\u00e1rol\u00e1sra, forral\u00e1sra. A legjobban homokos v\u00e1lyog vagy agyagos talajban, sz\u00e9lt\u0151l v\u00e9dett helyen n\u0151.<br \/>\nC \u00e1rcsoport<br \/>\nKiszerel\u00e9s egy csomagban 2 g<br \/>\nMagok sz\u00e1ma grammonk\u00e9nt K\u00f6r\u00fclbel\u00fcl 3-8 mag<br \/>\nTranszplant\u00e1ci\u00f3 V-VI<br \/>\n\u00dcltet\u00e9si t\u00e1vols\u00e1gok 80&#215;80 cm<br \/>\nSz\u00fcret VIII-IX<br \/>\nNapos hely Igen<br \/>\nTerm\u0151f\u00f6ld<br \/>\nA fajta korai ideje M\u00e9rs\u00e9kelten korai<br \/>\nVet\u00e9sid\u0151 a talajban V-VI<br \/>\nA pal\u00e1nt\u00e1k vet\u00e9si ideje IV-V<br \/>\nGy\u00fcm\u00f6lcs s\u00falya Iki 2kg<br \/>\nGy\u00e1rt\u00f3 \u017dalia stotel\u0117<\/p>\n","protected":false},"featured_media":21824,"comment_status":"closed","ping_status":"closed","template":"","meta":[],"product_brand":[],"product_cat":[420],"product_tag":[],"class_list":{"0":"post-21823","1":"product","2":"type-product","3":"status-publish","4":"has-post-thumbnail","6":"product_cat-dinnye-es-tok-vetomagok-zalia-stotele","8":"first","9":"instock","10":"taxable","11":"shipping-taxable","12":"purchasable","13":"product-type-simple"},"_links":{"self":[{"href":"https:\/\/chilimag.hu\/webshop\/wp-json\/wp\/v2\/product\/21823","targetHints":{"allow":["GET"]}}],"collection":[{"href":"https:\/\/chilimag.hu\/webshop\/wp-json\/wp\/v2\/product"}],"about":[{"href":"https:\/\/chilimag.hu\/webshop\/wp-json\/wp\/v2\/types\/product"}],"replies":[{"embeddable":true,"href":"https:\/\/chilimag.hu\/webshop\/wp-json\/wp\/v2\/comments?post=21823"}],"wp:featuredmedia":[{"embeddable":true,"href":"https:\/\/chilimag.hu\/webshop\/wp-json\/wp\/v2\/media\/21824"}],"wp:attachment":[{"href":"https:\/\/chilimag.hu\/webshop\/wp-json\/wp\/v2\/media?parent=21823"}],"wp:term":[{"taxonomy":"product_brand","embeddable":true,"href":"https:\/\/chilimag.hu\/webshop\/wp-json\/wp\/v2\/product_brand?post=21823"},{"taxonomy":"product_cat","embeddable":true,"href":"https:\/\/chilimag.hu\/webshop\/wp-json\/wp\/v2\/product_cat?post=21823"},{"taxonomy":"product_tag","embeddable":true,"href":"https:\/\/chilimag.hu\/webshop\/wp-json\/wp\/v2\/product_tag?post=21823"}],"curies":[{"name":"wp","href":"https:\/\/api.w.org\/{rel}","templated":true}]}}