{"id":21818,"date":"2023-03-05T16:11:09","date_gmt":"2023-03-05T16:11:09","guid":{"rendered":"https:\/\/chilimag.hu\/webshop\/?post_type=product&#038;p=21818"},"modified":"2025-08-24T08:14:14","modified_gmt":"2025-08-24T08:14:14","slug":"sutotok-rouge-vif-detampes-z-s-sl","status":"publish","type":"product","link":"https:\/\/chilimag.hu\/webshop\/termek\/sutotok-rouge-vif-detampes-z-s-sl\/","title":{"rendered":"S\u00fct\u0151t\u00f6k Rouge Vif D&#8217;etampes Z.S SL"},"content":{"rendered":"","protected":false},"excerpt":{"rendered":"<p><img decoding=\"async\" class=\"logo\" src=\"https:\/\/b2b.seklos.lt\/themes\/warehouse\/img\/logo_en.png\" alt=\"Agrofirma S\u0117klos, UAB\" \/><\/p>\n<p>Az egyik legr\u00e9gebbi \u00e9s legn\u00e9pszer\u0171bb t\u00f6kfajta. A veget\u00e1ci\u00f3s id\u0151szak 100-110 nap. A gy\u00fcm\u00f6lcs\u00f6k 5-15 kg-ra n\u0151nek. H\u00fasa narancss\u00e1rga, \u00edzletes. A korai betakar\u00edt\u00e1shoz pal\u00e1nt\u00e1kat kell \u00fcltetni. Ahhoz, hogy a s\u00fct\u0151t\u00f6k nagyobbra n\u0151j\u00f6n, t\u00e1vol\u00edtsa el a r\u00fcgyek egy r\u00e9sz\u00e9t. Alkalmas s\u00fct\u00e9sre, p\u00e1rol\u00e1sra, forral\u00e1sra. A legjobban homokos v\u00e1lyog vagy agyagos talajban, sz\u00e9lt\u0151l v\u00e9dett helyen n\u0151. Maradj j\u00f3l febru\u00e1rig.<br \/>\nB \u00e1rcsoport<br \/>\nMennyis\u00e9g egy csomagban 2 g<br \/>\nMagok sz\u00e1ma grammonk\u00e9nt K\u00f6r\u00fclbel\u00fcl 3-8 mag<br \/>\nTranszplant\u00e1ci\u00f3 V-VI<br \/>\n\u00dcltet\u00e9si t\u00e1vols\u00e1gok 100&#215;100 cm<br \/>\nSz\u00fcret VIII-IX<br \/>\nNapos hely Igen<br \/>\nA legkelend\u0151bbek k\u00f6z\u00f6tt Igen<br \/>\nTerm\u0151f\u00f6ld<br \/>\nElk\u00e9sz\u00edt\u00e9si m\u00f3dszerek H\u0171t\u00e9s<br \/>\nA fajta korai ideje M\u00e9rs\u00e9kelten korai<br \/>\nVet\u00e9sid\u0151 a talajban V-VI<br \/>\nA pal\u00e1nt\u00e1k vet\u00e9si ideje IV-V<br \/>\nGy\u00fcm\u00f6lcs s\u00falya Iki 25 kg<br \/>\nGy\u00e1rt\u00f3 \u017dalia stotel\u0117<\/p>\n","protected":false},"featured_media":21819,"comment_status":"closed","ping_status":"closed","template":"","meta":[],"product_brand":[],"product_cat":[420],"product_tag":[],"class_list":{"0":"post-21818","1":"product","2":"type-product","3":"status-publish","4":"has-post-thumbnail","6":"product_cat-dinnye-es-tok-vetomagok-zalia-stotele","8":"first","9":"instock","10":"taxable","11":"shipping-taxable","12":"purchasable","13":"product-type-simple"},"_links":{"self":[{"href":"https:\/\/chilimag.hu\/webshop\/wp-json\/wp\/v2\/product\/21818","targetHints":{"allow":["GET"]}}],"collection":[{"href":"https:\/\/chilimag.hu\/webshop\/wp-json\/wp\/v2\/product"}],"about":[{"href":"https:\/\/chilimag.hu\/webshop\/wp-json\/wp\/v2\/types\/product"}],"replies":[{"embeddable":true,"href":"https:\/\/chilimag.hu\/webshop\/wp-json\/wp\/v2\/comments?post=21818"}],"wp:featuredmedia":[{"embeddable":true,"href":"https:\/\/chilimag.hu\/webshop\/wp-json\/wp\/v2\/media\/21819"}],"wp:attachment":[{"href":"https:\/\/chilimag.hu\/webshop\/wp-json\/wp\/v2\/media?parent=21818"}],"wp:term":[{"taxonomy":"product_brand","embeddable":true,"href":"https:\/\/chilimag.hu\/webshop\/wp-json\/wp\/v2\/product_brand?post=21818"},{"taxonomy":"product_cat","embeddable":true,"href":"https:\/\/chilimag.hu\/webshop\/wp-json\/wp\/v2\/product_cat?post=21818"},{"taxonomy":"product_tag","embeddable":true,"href":"https:\/\/chilimag.hu\/webshop\/wp-json\/wp\/v2\/product_tag?post=21818"}],"curies":[{"name":"wp","href":"https:\/\/api.w.org\/{rel}","templated":true}]}}