{"id":21808,"date":"2023-03-05T15:57:00","date_gmt":"2023-03-05T15:57:00","guid":{"rendered":"https:\/\/chilimag.hu\/webshop\/?post_type=product&#038;p=21808"},"modified":"2026-03-31T20:41:19","modified_gmt":"2026-03-31T20:41:19","slug":"kapor-goldkrone-z-s-sl","status":"publish","type":"product","link":"https:\/\/chilimag.hu\/webshop\/termek\/kapor-goldkrone-z-s-sl\/","title":{"rendered":"Kapor Goldkrone Z.S SL"},"content":{"rendered":"","protected":false},"excerpt":{"rendered":"<p><img decoding=\"async\" class=\"logo\" src=\"https:\/\/b2b.seklos.lt\/themes\/warehouse\/img\/logo_en.png\" alt=\"Agrofirma S\u0117klos, UAB\" \/><\/p>\n<p>Magas hozam\u00fa fajta, s\u00f6t\u00e9tz\u00f6ld levelekkel. A vir\u00e1gok k\u00e9s\u0151n alakulnak ki. K\u00f6nnyen termeszthet\u0151, talajig\u00e9nytelen. Ez a fajta kiv\u00e1l\u00f3an alkalmas a betakar\u00edt\u00e1sra. Szabadban, \u00fcvegh\u00e1zban vagy cser\u00e9pben termesztik. Eg\u00e9sz \u00e9vben termeszthet\u0151. A leveleket, fejeket \u00e9s sz\u00e1rakat frissen, ritk\u00e1bban sz\u00e1r\u00edtva haszn\u00e1ljuk. A kapor gazdag vitaminokban, k\u00fcl\u00f6n\u00f6sen frissen: C-vitamin, B csoport vitaminok, \u00e1sv\u00e1nyi anyagok: k\u00e1lium, kalcium, foszfor, magn\u00e9zium, vas stb.<br \/>\nD \u00e1rcsoport<br \/>\nKiszerel\u00e9s egy csomagban 7 g<br \/>\nMagok sz\u00e1ma grammonk\u00e9nt Kb. 590-650 mag<br \/>\n\u00dcltet\u00e9si t\u00e1vols\u00e1gok 15-20&#215;3-5 cm<br \/>\nSz\u00fcret IV\u2013X<br \/>\nNapos hely Igen<br \/>\nF\u00e9l\u00e1rny\u00e9k Igen<br \/>\nProfesszion\u00e1lis haszn\u00e1latra alkalmas Igen<br \/>\nTermeszt\u00e9si hely Teraszon, Erk\u00e9lyen, \u00dcvegh\u00e1zban, Sz\u00e1nt\u00f3f\u00f6ld\u00f6n<br \/>\nElk\u00e9sz\u00edt\u00e9si m\u00f3dszerek Sz\u00e1r\u00edt\u00e1s, H\u0171t\u00e9s<br \/>\nA fajta korai ideje M\u00e9rs\u00e9kelten korai<br \/>\nVet\u00e9sid\u0151 a talajban IV\u2013VI, VIII\u2013IX<br \/>\nGy\u00e1rt\u00f3 \u017dalia stotel\u0117<\/p>\n","protected":false},"featured_media":31102,"comment_status":"closed","ping_status":"closed","template":"","meta":[],"product_brand":[],"product_cat":[419],"product_tag":[],"class_list":{"0":"post-21808","1":"product","2":"type-product","3":"status-publish","4":"has-post-thumbnail","6":"product_cat-fuszer-es-gyogynovenyek-zalia-stotele","8":"first","9":"instock","10":"taxable","11":"shipping-taxable","12":"purchasable","13":"product-type-simple"},"_links":{"self":[{"href":"https:\/\/chilimag.hu\/webshop\/wp-json\/wp\/v2\/product\/21808","targetHints":{"allow":["GET"]}}],"collection":[{"href":"https:\/\/chilimag.hu\/webshop\/wp-json\/wp\/v2\/product"}],"about":[{"href":"https:\/\/chilimag.hu\/webshop\/wp-json\/wp\/v2\/types\/product"}],"replies":[{"embeddable":true,"href":"https:\/\/chilimag.hu\/webshop\/wp-json\/wp\/v2\/comments?post=21808"}],"wp:featuredmedia":[{"embeddable":true,"href":"https:\/\/chilimag.hu\/webshop\/wp-json\/wp\/v2\/media\/31102"}],"wp:attachment":[{"href":"https:\/\/chilimag.hu\/webshop\/wp-json\/wp\/v2\/media?parent=21808"}],"wp:term":[{"taxonomy":"product_brand","embeddable":true,"href":"https:\/\/chilimag.hu\/webshop\/wp-json\/wp\/v2\/product_brand?post=21808"},{"taxonomy":"product_cat","embeddable":true,"href":"https:\/\/chilimag.hu\/webshop\/wp-json\/wp\/v2\/product_cat?post=21808"},{"taxonomy":"product_tag","embeddable":true,"href":"https:\/\/chilimag.hu\/webshop\/wp-json\/wp\/v2\/product_tag?post=21808"}],"curies":[{"name":"wp","href":"https:\/\/api.w.org\/{rel}","templated":true}]}}