{"id":21806,"date":"2023-03-05T15:54:45","date_gmt":"2023-03-05T15:54:45","guid":{"rendered":"https:\/\/chilimag.hu\/webshop\/?post_type=product&#038;p=21806"},"modified":"2026-02-16T16:16:53","modified_gmt":"2026-02-16T16:16:53","slug":"kapor-szmaragd-z-s-sl","status":"publish","type":"product","link":"https:\/\/chilimag.hu\/webshop\/termek\/kapor-szmaragd-z-s-sl\/","title":{"rendered":"Kapor szmaragd Z.S SL"},"content":{"rendered":"","protected":false},"excerpt":{"rendered":"<p><img decoding=\"async\" class=\"active-logo\" src=\"https:\/\/b2b.seklos.lt\/themes\/warehouse\/img\/logo_en.png\" alt=\"Agrofirma S\u0117klos, UAB\" width=\"280\" height=\"95\" \/><\/p>\n<p>K\u00f6z\u00e9pkorai, magas hozam\u00fa fajta. A kapor az egyik legn\u00e9pszer\u0171bb gy\u00f3gy- \u00e9s gy\u00f3gyn\u00f6v\u00e9ny. Haszn\u00e1lt friss, ritk\u00e1bban sz\u00e1r\u00edtott levelek, vir\u00e1gok, sz\u00e1rak. A kapor k\u00f6nnyen termeszthet\u0151, \u00e9s a legt\u00f6bb k\u00f6r\u00fclm\u00e9nyt j\u00f3l viseli. Eg\u00e9sz \u00e9vben termeszthet\u0151. Ahhoz, hogy eg\u00e9sz ny\u00e1ron legyen kapor, j\u00fanius k\u00f6zep\u00e9ig 10 naponta, augusztus 10-t\u0151l szeptember 5-ig pedig vetik.<br \/>\nB \u00e1rcsoport<br \/>\nMennyis\u00e9g egy csomagban 5 g<br \/>\nMagok sz\u00e1ma grammonk\u00e9nt Kb. 590-650 mag<br \/>\n\u00dcltet\u00e9si t\u00e1vols\u00e1gok 15-20&#215;3-5 cm<br \/>\nSz\u00fcret IV\u2013X<br \/>\nNapos hely Igen<br \/>\nF\u00e9l\u00e1rny\u00e9k Igen<br \/>\nTermeszt\u00e9si hely \u00dcvegh\u00e1zban, sz\u00e1nt\u00f3f\u00f6ld\u00f6n<br \/>\nElk\u00e9sz\u00edt\u00e9si m\u00f3dszerek Sz\u00e1r\u00edt\u00e1s, H\u0171t\u00e9s<br \/>\nA fajta korai ideje M\u00e9rs\u00e9kelten korai<br \/>\nVet\u00e9sid\u0151 a talajban IV\u2013VI, VIII\u2013IX<br \/>\nGy\u00e1rt\u00f3 \u017dalia stotel\u0117<\/p>\n","protected":false},"featured_media":21807,"comment_status":"closed","ping_status":"closed","template":"","meta":[],"product_brand":[],"product_cat":[419],"product_tag":[],"class_list":{"0":"post-21806","1":"product","2":"type-product","3":"status-publish","4":"has-post-thumbnail","6":"product_cat-fuszer-es-gyogynovenyek-zalia-stotele","8":"first","9":"instock","10":"taxable","11":"shipping-taxable","12":"purchasable","13":"product-type-simple"},"_links":{"self":[{"href":"https:\/\/chilimag.hu\/webshop\/wp-json\/wp\/v2\/product\/21806","targetHints":{"allow":["GET"]}}],"collection":[{"href":"https:\/\/chilimag.hu\/webshop\/wp-json\/wp\/v2\/product"}],"about":[{"href":"https:\/\/chilimag.hu\/webshop\/wp-json\/wp\/v2\/types\/product"}],"replies":[{"embeddable":true,"href":"https:\/\/chilimag.hu\/webshop\/wp-json\/wp\/v2\/comments?post=21806"}],"wp:featuredmedia":[{"embeddable":true,"href":"https:\/\/chilimag.hu\/webshop\/wp-json\/wp\/v2\/media\/21807"}],"wp:attachment":[{"href":"https:\/\/chilimag.hu\/webshop\/wp-json\/wp\/v2\/media?parent=21806"}],"wp:term":[{"taxonomy":"product_brand","embeddable":true,"href":"https:\/\/chilimag.hu\/webshop\/wp-json\/wp\/v2\/product_brand?post=21806"},{"taxonomy":"product_cat","embeddable":true,"href":"https:\/\/chilimag.hu\/webshop\/wp-json\/wp\/v2\/product_cat?post=21806"},{"taxonomy":"product_tag","embeddable":true,"href":"https:\/\/chilimag.hu\/webshop\/wp-json\/wp\/v2\/product_tag?post=21806"}],"curies":[{"name":"wp","href":"https:\/\/api.w.org\/{rel}","templated":true}]}}