{"id":21797,"date":"2023-03-05T15:42:45","date_gmt":"2023-03-05T15:42:45","guid":{"rendered":"https:\/\/chilimag.hu\/webshop\/?post_type=product&#038;p=21797"},"modified":"2025-08-22T11:47:05","modified_gmt":"2025-08-22T11:47:05","slug":"karfiol-neckarperle-z-s-sl","status":"publish","type":"product","link":"https:\/\/chilimag.hu\/webshop\/termek\/karfiol-neckarperle-z-s-sl\/","title":{"rendered":"Karfiol Neckarperle Z.S SL"},"content":{"rendered":"","protected":false},"excerpt":{"rendered":"<p><img decoding=\"async\" class=\"active-logo\" src=\"https:\/\/b2b.seklos.lt\/themes\/warehouse\/img\/logo_en.png\" alt=\"Agrofirma S\u0117klos, UAB\" width=\"280\" height=\"95\" \/><\/p>\n<p>K\u00f6z\u00e9pkorai fajta, tavaszi, ny\u00e1ri \u00e9s \u0151szi betakar\u00edt\u00e1sra termesztik. A korai betakar\u00edt\u00e1shoz k\u00f6zvetlen\u00fcl a talajba vethet\u0151, vagy \u00fcvegh\u00e1zban nevelt pal\u00e1nt\u00e1kb\u00f3l \u00fcltethet\u0151. A veget\u00e1ci\u00f3s id\u0151szak a hajt\u00e1sok ki\u00fcltet\u00e9s\u00e9t\u0151l sz\u00e1m\u00edtott 70 nap. A fejek feh\u00e9rek, s\u0171r\u0171ek, levelekkel bor\u00edtva. J\u00f3 karfiol term\u00e9shozamot \u00e9rhet el, ha term\u00e9keny, laza \u00e9s nedves talajt v\u00e1lasztunk, folyamatosan laz\u00edtjuk a talajfelsz\u00ednt, f\u00f6ldelj\u00fck a pal\u00e1nt\u00e1kat, hogy t\u00f6bb tov\u00e1bbi gy\u00f6keret fejleszthessenek.<br \/>\nG \u00e1rcsoport<br \/>\nMennyis\u00e9g kiszerel\u00e9sben 0,5g<br \/>\nMagok sz\u00e1ma grammonk\u00e9nt Kb. 260-310 mag<br \/>\nSz\u00fcret VI-IX<br \/>\nNapos hely Igen<br \/>\nTerm\u0151f\u00f6ld<br \/>\nElk\u00e9sz\u00edt\u00e9si m\u00f3dszerek H\u0171t\u00e9s, Konzerv\u00e1l\u00e1s<br \/>\nA fajta korai ideje M\u00e9rs\u00e9kelten korai<br \/>\nA pal\u00e1nt\u00e1k vet\u00e9si ideje III-V<br \/>\nGy\u00fcm\u00f6lcs sz\u00edne Feh\u00e9r<br \/>\nGy\u00e1rt\u00f3 \u017dalia stotel\u0117<\/p>\n","protected":false},"featured_media":21798,"comment_status":"closed","ping_status":"closed","template":"","meta":[],"product_brand":[],"product_cat":[415],"product_tag":[],"class_list":{"0":"post-21797","1":"product","2":"type-product","3":"status-publish","4":"has-post-thumbnail","6":"product_cat-kaposzta-es-karfiol-vetomagok-zalia-stotele","8":"first","9":"instock","10":"taxable","11":"shipping-taxable","12":"purchasable","13":"product-type-simple"},"_links":{"self":[{"href":"https:\/\/chilimag.hu\/webshop\/wp-json\/wp\/v2\/product\/21797","targetHints":{"allow":["GET"]}}],"collection":[{"href":"https:\/\/chilimag.hu\/webshop\/wp-json\/wp\/v2\/product"}],"about":[{"href":"https:\/\/chilimag.hu\/webshop\/wp-json\/wp\/v2\/types\/product"}],"replies":[{"embeddable":true,"href":"https:\/\/chilimag.hu\/webshop\/wp-json\/wp\/v2\/comments?post=21797"}],"wp:featuredmedia":[{"embeddable":true,"href":"https:\/\/chilimag.hu\/webshop\/wp-json\/wp\/v2\/media\/21798"}],"wp:attachment":[{"href":"https:\/\/chilimag.hu\/webshop\/wp-json\/wp\/v2\/media?parent=21797"}],"wp:term":[{"taxonomy":"product_brand","embeddable":true,"href":"https:\/\/chilimag.hu\/webshop\/wp-json\/wp\/v2\/product_brand?post=21797"},{"taxonomy":"product_cat","embeddable":true,"href":"https:\/\/chilimag.hu\/webshop\/wp-json\/wp\/v2\/product_cat?post=21797"},{"taxonomy":"product_tag","embeddable":true,"href":"https:\/\/chilimag.hu\/webshop\/wp-json\/wp\/v2\/product_tag?post=21797"}],"curies":[{"name":"wp","href":"https:\/\/api.w.org\/{rel}","templated":true}]}}