{"id":21785,"date":"2023-03-05T12:57:42","date_gmt":"2023-03-05T12:57:42","guid":{"rendered":"https:\/\/chilimag.hu\/webshop\/?post_type=product&#038;p=21785"},"modified":"2026-03-03T07:14:54","modified_gmt":"2026-03-03T07:14:54","slug":"kelkaposzta-capriccio-z-s-sl","status":"publish","type":"product","link":"https:\/\/chilimag.hu\/webshop\/termek\/kelkaposzta-capriccio-z-s-sl\/","title":{"rendered":"Kelk\u00e1poszta Capriccio Hibrid Z.S SL"},"content":{"rendered":"","protected":false},"excerpt":{"rendered":"<p><img decoding=\"async\" class=\"active-logo\" src=\"https:\/\/b2b.seklos.lt\/themes\/warehouse\/img\/logo_en.png\" alt=\"Agrofirma S\u0117klos, UAB\" width=\"280\" height=\"95\" \/><\/p>\n<p>Korai hibrid ny\u00e1ri \u00e9s \u0151szi betakar\u00edt\u00e1shoz, betegs\u00e9gekkel szemben ellen\u00e1ll\u00f3. A veget\u00e1ci\u00f3s id\u0151szak 80-90 nap. A fejek egyforma m\u00e9ret\u0171ek, meglehet\u0151sen kem\u00e9nyek, kerekek, 1-2 kg t\u00f6meg\u0171ek \u00e9s t\u00f6k\u00e9letes \u00edz\u0171ek. A Savoy k\u00e1poszta jobban ellen\u00e1ll a h\u0151m\u00e9rs\u00e9kletv\u00e1ltoz\u00e1snak \u00e9s a nedvess\u00e9ghi\u00e1nynak, mint a feh\u00e9r k\u00e1poszta. Energia\u00e9rt\u00e9k\u00fck k\u00e9tszerese a feh\u00e9r k\u00e1poszt\u00e1nak \u00e9s 40-szer t\u00f6bb A-vitamint tartalmaz. Friss fogyaszt\u00e1sra alkalmas, r\u00f6vid ideig t\u00e1rolhat\u00f3, k\u00fcl\u00f6n\u00f6sen alkalmas k\u00e1poszta tekercsekhez.<br \/>\nE \u00e1rcsoport<br \/>\nTranszplant\u00e1ci\u00f3 V-VI<br \/>\n\u00dcltet\u00e9si t\u00e1vols\u00e1gok 50-60&#215;35 cm<br \/>\nSz\u00fcret VII\u2013IX<br \/>\nNapos hely Igen<br \/>\nProfesszion\u00e1lis haszn\u00e1latra alkalmas Igen<br \/>\nTerm\u0151f\u00f6ld<br \/>\nA fajta korai ideje Korai<br \/>\nA pal\u00e1nt\u00e1k vet\u00e9si ideje IV-V<br \/>\nGy\u00e1rt\u00f3 \u017dalia stotel\u0117<br \/>\nMagok sz\u00e1ma a csomagban, db. 15<br \/>\nTesztmez\u0151k Tesztmez\u0151kben bejel\u00f6lve<br \/>\nMagok sz\u00e1ma a csomagban, db. 15<\/p>\n","protected":false},"featured_media":21786,"comment_status":"closed","ping_status":"closed","template":"","meta":[],"product_brand":[],"product_cat":[415],"product_tag":[],"class_list":{"0":"post-21785","1":"product","2":"type-product","3":"status-publish","4":"has-post-thumbnail","6":"product_cat-kaposzta-es-karfiol-vetomagok-zalia-stotele","8":"first","9":"instock","10":"taxable","11":"shipping-taxable","12":"purchasable","13":"product-type-simple"},"_links":{"self":[{"href":"https:\/\/chilimag.hu\/webshop\/wp-json\/wp\/v2\/product\/21785","targetHints":{"allow":["GET"]}}],"collection":[{"href":"https:\/\/chilimag.hu\/webshop\/wp-json\/wp\/v2\/product"}],"about":[{"href":"https:\/\/chilimag.hu\/webshop\/wp-json\/wp\/v2\/types\/product"}],"replies":[{"embeddable":true,"href":"https:\/\/chilimag.hu\/webshop\/wp-json\/wp\/v2\/comments?post=21785"}],"wp:featuredmedia":[{"embeddable":true,"href":"https:\/\/chilimag.hu\/webshop\/wp-json\/wp\/v2\/media\/21786"}],"wp:attachment":[{"href":"https:\/\/chilimag.hu\/webshop\/wp-json\/wp\/v2\/media?parent=21785"}],"wp:term":[{"taxonomy":"product_brand","embeddable":true,"href":"https:\/\/chilimag.hu\/webshop\/wp-json\/wp\/v2\/product_brand?post=21785"},{"taxonomy":"product_cat","embeddable":true,"href":"https:\/\/chilimag.hu\/webshop\/wp-json\/wp\/v2\/product_cat?post=21785"},{"taxonomy":"product_tag","embeddable":true,"href":"https:\/\/chilimag.hu\/webshop\/wp-json\/wp\/v2\/product_tag?post=21785"}],"curies":[{"name":"wp","href":"https:\/\/api.w.org\/{rel}","templated":true}]}}