{"id":21775,"date":"2023-03-05T12:44:05","date_gmt":"2023-03-05T12:44:05","guid":{"rendered":"https:\/\/chilimag.hu\/webshop\/?post_type=product&#038;p=21775"},"modified":"2026-01-24T19:30:46","modified_gmt":"2026-01-24T19:30:46","slug":"voros-kaposzta-kalibos-z-s-sl","status":"publish","type":"product","link":"https:\/\/chilimag.hu\/webshop\/termek\/voros-kaposzta-kalibos-z-s-sl\/","title":{"rendered":"K\u00e1poszta (V\u00f6r\u00f6s k\u00e1poszta) Kalibos Z.S SL"},"content":{"rendered":"","protected":false},"excerpt":{"rendered":"<p><img decoding=\"async\" class=\"active-logo\" src=\"https:\/\/b2b.seklos.lt\/themes\/warehouse\/img\/logo_en.png\" alt=\"Agrofirma S\u0117klos, UAB\" width=\"280\" height=\"95\" \/><\/p>\n<p>K\u00f6z\u00e9pk\u00e9s\u0151i fajta. A pal\u00e1nt\u00e1k ki\u00fcltet\u00e9se ut\u00e1n 100-115 napon bel\u00fcl \u00e9rik. A fejek hossz\u00fak\u00e1sak, kem\u00e9nyek, s\u00falyuk 2,0-2,5 kg. Frissen haszn\u00e1lj\u00e1k, k\u00fcl\u00f6n\u00f6sen alkalmas savany\u00fa k\u00e1poszt\u00e1hoz, mivel levelei cukrot tartalmaznak. J\u00f3l fejl\u0151dik tr\u00e1gy\u00e1zott, nem savas, m\u00e9rs\u00e9kelt \u00e9s k\u00f6nny\u0171 agyagos talajban. A savas talajoknak m\u00e9szre van sz\u00fcks\u00e9g\u00fck. A k\u00e1poszt\u00e1t legkor\u00e1bban 4-5 \u00e9v m\u00falva termesztik ugyanazon a ter\u00fcleten.<br \/>\nA \u00e1rcsoport<br \/>\nEgy csomagban l\u00e9v\u0151 mennyis\u00e9g 1 g<br \/>\nMagok sz\u00e1ma grammonk\u00e9nt Kb. 250-300 mag<br \/>\nTranszplant\u00e1ci\u00f3 IV-V<br \/>\n\u00dcltet\u00e9si t\u00e1vols\u00e1gok 60&#215;35 cm<br \/>\nNapos hely Igen<br \/>\nTerm\u0151f\u00f6ld<br \/>\nElk\u00e9sz\u00edt\u00e9si m\u00f3dszerek P\u00e1col\u00e1s<br \/>\nA fajta korai \u00e9r\u00e9se M\u00e9rs\u00e9kelten k\u00e9s\u0151i<br \/>\nA pal\u00e1nt\u00e1k vet\u00e9si ideje III-IV<br \/>\nGy\u00fcm\u00f6lcs sz\u00edne Piros<br \/>\nGy\u00e1rt\u00f3 \u017dalia stotel\u0117<\/p>\n","protected":false},"featured_media":21776,"comment_status":"closed","ping_status":"closed","template":"","meta":[],"product_brand":[],"product_cat":[415],"product_tag":[],"class_list":{"0":"post-21775","1":"product","2":"type-product","3":"status-publish","4":"has-post-thumbnail","6":"product_cat-kaposzta-es-karfiol-vetomagok-zalia-stotele","8":"first","9":"instock","10":"taxable","11":"shipping-taxable","12":"purchasable","13":"product-type-simple"},"_links":{"self":[{"href":"https:\/\/chilimag.hu\/webshop\/wp-json\/wp\/v2\/product\/21775","targetHints":{"allow":["GET"]}}],"collection":[{"href":"https:\/\/chilimag.hu\/webshop\/wp-json\/wp\/v2\/product"}],"about":[{"href":"https:\/\/chilimag.hu\/webshop\/wp-json\/wp\/v2\/types\/product"}],"replies":[{"embeddable":true,"href":"https:\/\/chilimag.hu\/webshop\/wp-json\/wp\/v2\/comments?post=21775"}],"wp:featuredmedia":[{"embeddable":true,"href":"https:\/\/chilimag.hu\/webshop\/wp-json\/wp\/v2\/media\/21776"}],"wp:attachment":[{"href":"https:\/\/chilimag.hu\/webshop\/wp-json\/wp\/v2\/media?parent=21775"}],"wp:term":[{"taxonomy":"product_brand","embeddable":true,"href":"https:\/\/chilimag.hu\/webshop\/wp-json\/wp\/v2\/product_brand?post=21775"},{"taxonomy":"product_cat","embeddable":true,"href":"https:\/\/chilimag.hu\/webshop\/wp-json\/wp\/v2\/product_cat?post=21775"},{"taxonomy":"product_tag","embeddable":true,"href":"https:\/\/chilimag.hu\/webshop\/wp-json\/wp\/v2\/product_tag?post=21775"}],"curies":[{"name":"wp","href":"https:\/\/api.w.org\/{rel}","templated":true}]}}