{"id":21773,"date":"2023-03-05T12:41:43","date_gmt":"2023-03-05T12:41:43","guid":{"rendered":"https:\/\/chilimag.hu\/webshop\/?post_type=product&#038;p=21773"},"modified":"2026-01-31T09:00:24","modified_gmt":"2026-01-31T09:00:24","slug":"kinai-kell-emiko-z-s-sl","status":"publish","type":"product","link":"https:\/\/chilimag.hu\/webshop\/termek\/kinai-kell-emiko-z-s-sl\/","title":{"rendered":"K\u00ednai kel Emiko Hibrid Z.S SL"},"content":{"rendered":"","protected":false},"excerpt":{"rendered":"<p><img decoding=\"async\" class=\"active-logo\" src=\"https:\/\/b2b.seklos.lt\/themes\/warehouse\/img\/logo_en.png\" alt=\"Agrofirma S\u0117klos, UAB\" width=\"280\" height=\"95\" \/><\/p>\n<p>Univerz\u00e1lis k\u00f6z\u00e9pkorai hibrid fajta. Kora tavaszi, ny\u00e1ri \u00e9s \u0151szi betakar\u00edt\u00e1sra termesztik. Az \u0151szi betakar\u00edt\u00e1s tov\u00e1bb tarthat\u00f3. A veget\u00e1ci\u00f3s id\u0151szak 65 nap. A cip\u00f3k szorosan csavartak, s\u00falyuk k\u00f6r\u00fclbel\u00fcl 0,9-1,6 kilogramm. A hibrid ellen\u00e1ll a rothad\u00e1snak \u00e9s a k\u00e1poszta gy\u00f6k\u00e9rgum\u00f3inak. A legjobban n\u0151 k\u00f6zepesen neh\u00e9z homokos v\u00e1lyog vagy agyagos talajon. A magvak kezelhet\u0151k. Ha a magvakat kezelik, a kezel\u00e9s neve a csomagol\u00e1s alj\u00e1n tal\u00e1lhat\u00f3.<\/p>\n<p>G \u00e1rcsoport<br \/>\nA fajta korai \u00e9r\u00e9se M\u00e9rs\u00e9kelten korai<br \/>\nHermetikus csomagol\u00e1s Igen<br \/>\nMennyis\u00e9g egy csomagban 0,1g<br \/>\nMagok sz\u00e1ma grammonk\u00e9nt 1 g &#8211; 260-310 s\u0117kl\u0173<br \/>\nVet\u00e9sid\u0151 a talajban IV-VI, 1 cm<br \/>\nA pal\u00e1nt\u00e1k vet\u00e9si ideje III-VI, 1 cm<br \/>\nT\u00e1vols\u00e1gok, cm IV-VII,40&#215;50 cm<br \/>\n\u00dcltet\u00e9si t\u00e1vols\u00e1gok 40&#215;50 cm<br \/>\nSz\u00fcret V-IX<br \/>\nTerm\u0151f\u00f6ld<br \/>\nM\u00e1rka \u017dalia stotel\u0117<br \/>\nTranszplant\u00e1ci\u00f3 IV-VII<br \/>\nNapos hely Igen<br \/>\nProfesszion\u00e1lis haszn\u00e1latra alkalmas Igen<\/p>\n","protected":false},"featured_media":21774,"comment_status":"closed","ping_status":"closed","template":"","meta":[],"product_brand":[],"product_cat":[415],"product_tag":[],"class_list":{"0":"post-21773","1":"product","2":"type-product","3":"status-publish","4":"has-post-thumbnail","6":"product_cat-kaposzta-es-karfiol-vetomagok-zalia-stotele","8":"first","9":"instock","10":"taxable","11":"shipping-taxable","12":"purchasable","13":"product-type-simple"},"_links":{"self":[{"href":"https:\/\/chilimag.hu\/webshop\/wp-json\/wp\/v2\/product\/21773","targetHints":{"allow":["GET"]}}],"collection":[{"href":"https:\/\/chilimag.hu\/webshop\/wp-json\/wp\/v2\/product"}],"about":[{"href":"https:\/\/chilimag.hu\/webshop\/wp-json\/wp\/v2\/types\/product"}],"replies":[{"embeddable":true,"href":"https:\/\/chilimag.hu\/webshop\/wp-json\/wp\/v2\/comments?post=21773"}],"wp:featuredmedia":[{"embeddable":true,"href":"https:\/\/chilimag.hu\/webshop\/wp-json\/wp\/v2\/media\/21774"}],"wp:attachment":[{"href":"https:\/\/chilimag.hu\/webshop\/wp-json\/wp\/v2\/media?parent=21773"}],"wp:term":[{"taxonomy":"product_brand","embeddable":true,"href":"https:\/\/chilimag.hu\/webshop\/wp-json\/wp\/v2\/product_brand?post=21773"},{"taxonomy":"product_cat","embeddable":true,"href":"https:\/\/chilimag.hu\/webshop\/wp-json\/wp\/v2\/product_cat?post=21773"},{"taxonomy":"product_tag","embeddable":true,"href":"https:\/\/chilimag.hu\/webshop\/wp-json\/wp\/v2\/product_tag?post=21773"}],"curies":[{"name":"wp","href":"https:\/\/api.w.org\/{rel}","templated":true}]}}