{"id":21769,"date":"2023-03-05T12:35:08","date_gmt":"2023-03-05T12:35:08","guid":{"rendered":"https:\/\/chilimag.hu\/webshop\/?post_type=product&#038;p=21769"},"modified":"2026-01-11T06:24:05","modified_gmt":"2026-01-11T06:24:05","slug":"kinai-kell-capitol-z-s-sl","status":"publish","type":"product","link":"https:\/\/chilimag.hu\/webshop\/termek\/kinai-kell-capitol-z-s-sl\/","title":{"rendered":"K\u00ednai kel Capitol Hibrid  Z.S SL"},"content":{"rendered":"","protected":false},"excerpt":{"rendered":"<p><img decoding=\"async\" class=\"active-logo\" src=\"https:\/\/b2b.seklos.lt\/themes\/warehouse\/img\/logo_en.png\" alt=\"Agrofirma S\u0117klos, UAB\" width=\"280\" height=\"95\" \/><\/p>\n<p>A k\u00ednai kel k\u00f6z\u00e9pkorai hibridje \u0151szi betakar\u00edt\u00e1shoz. A veget\u00e1ci\u00f3s id\u0151szak 58-65 nap. A cip\u00f3k nagyok, szorosan csavart, k\u00f6r\u00fclbel\u00fcl 1,5\u20132 kg s\u00faly\u00faak. Szabadf\u00f6ldre vetve j\u00faliusban. A legjobban homokos v\u00e1lyogban vagy k\u00f6nny\u0171 \u00e9s k\u00f6zepes v\u00e1lyogban n\u0151. Ha nincs nedvess\u00e9g, \u00f6nt\u00f6z\u00e9s sz\u00fcks\u00e9ges. Az uborka, paradicsom, c\u00e9kla, burgonya j\u00f3 el\u0151n\u00f6v\u00e9ny a k\u00e1poszta sz\u00e1m\u00e1ra.<br \/>\nB \u00e1rcsoport<br \/>\nMennyis\u00e9g egy csomagban 0,1g<br \/>\nMagok sz\u00e1ma grammonk\u00e9nt Kb. 260-310 mag<br \/>\nTranszplant\u00e1ci\u00f3 VI-VIII<br \/>\n\u00dcltet\u00e9si t\u00e1vols\u00e1gok 40&#215;50 cm<br \/>\nSz\u00fcret VIII-IX<br \/>\nNapos hely Igen<br \/>\nTerm\u0151f\u00f6ld<br \/>\nA fajta korai ideje M\u00e9rs\u00e9kelten korai<br \/>\nVet\u00e9sid\u0151 a talajban VII<br \/>\nA pal\u00e1nt\u00e1k vet\u00e9sideje VI<br \/>\nGy\u00e1rt\u00f3 \u017dalia stotel\u0117<\/p>\n","protected":false},"featured_media":21770,"comment_status":"closed","ping_status":"closed","template":"","meta":[],"product_brand":[],"product_cat":[415],"product_tag":[],"class_list":{"0":"post-21769","1":"product","2":"type-product","3":"status-publish","4":"has-post-thumbnail","6":"product_cat-kaposzta-es-karfiol-vetomagok-zalia-stotele","8":"first","9":"instock","10":"taxable","11":"shipping-taxable","12":"purchasable","13":"product-type-simple"},"_links":{"self":[{"href":"https:\/\/chilimag.hu\/webshop\/wp-json\/wp\/v2\/product\/21769","targetHints":{"allow":["GET"]}}],"collection":[{"href":"https:\/\/chilimag.hu\/webshop\/wp-json\/wp\/v2\/product"}],"about":[{"href":"https:\/\/chilimag.hu\/webshop\/wp-json\/wp\/v2\/types\/product"}],"replies":[{"embeddable":true,"href":"https:\/\/chilimag.hu\/webshop\/wp-json\/wp\/v2\/comments?post=21769"}],"wp:featuredmedia":[{"embeddable":true,"href":"https:\/\/chilimag.hu\/webshop\/wp-json\/wp\/v2\/media\/21770"}],"wp:attachment":[{"href":"https:\/\/chilimag.hu\/webshop\/wp-json\/wp\/v2\/media?parent=21769"}],"wp:term":[{"taxonomy":"product_brand","embeddable":true,"href":"https:\/\/chilimag.hu\/webshop\/wp-json\/wp\/v2\/product_brand?post=21769"},{"taxonomy":"product_cat","embeddable":true,"href":"https:\/\/chilimag.hu\/webshop\/wp-json\/wp\/v2\/product_cat?post=21769"},{"taxonomy":"product_tag","embeddable":true,"href":"https:\/\/chilimag.hu\/webshop\/wp-json\/wp\/v2\/product_tag?post=21769"}],"curies":[{"name":"wp","href":"https:\/\/api.w.org\/{rel}","templated":true}]}}