{"id":21757,"date":"2023-03-05T08:48:15","date_gmt":"2023-03-05T08:48:15","guid":{"rendered":"https:\/\/chilimag.hu\/webshop\/?post_type=product&#038;p=21757"},"modified":"2025-09-01T11:46:50","modified_gmt":"2025-09-01T11:46:50","slug":"viragret-fumagkeverek-apromadaraknak-agr-sl","status":"publish","type":"product","link":"https:\/\/chilimag.hu\/webshop\/termek\/viragret-fumagkeverek-apromadaraknak-agr-sl\/","title":{"rendered":".Vir\u00e1gr\u00e9t f\u0171magkever\u00e9k m\u00e9heknek \u00e9s rovaroknak Agr SL"},"content":{"rendered":"","protected":false},"excerpt":{"rendered":"<p>VIR\u00c1GR\u00c9T \u00c9S F\u0170 MAG KEVER\u00c9K KOLIBRI<br \/>\nVir\u00e1gz\u00f3 r\u00e9t dobozban: var\u00e1zsoljon vadvir\u00e1gokat k\u00f6rnyezet\u00e9be ezzel a HUMMINGBIRD kever\u00e9kkel. A k\u00f6nnyen termeszthet\u0151, gy\u00f6ny\u00f6r\u0171 vadvir\u00e1gok kever\u00e9ke d\u00edsz\u00edti a kertet, \u00e9s vonzza a hasznos m\u00e9heket \u00e9s rovarokat. A vir\u00e1gz\u00f3 r\u00e9t lejt\u0151k\u00f6n \u00e9s a telek nehezen megk\u00f6zel\u00edthet\u0151 helyein is bevethet\u0151 kevesebb akci\u00f3val a vid\u00e9k \u00e9rzet\u00e9nek megteremt\u00e9se \u00e9rdek\u00e9ben.<br \/>\nR\u00e9t magass\u00e1ga: 20-60 cm. A r\u00e9tet akkor kell lev\u00e1gni, amikor a kever\u00e9kben l\u00e9v\u0151 vir\u00e1gok vir\u00e1gz\u00e1sa megsz\u0171nik.<br \/>\nA r\u00e9t kialak\u00edt\u00e1s\u00e1val \u00e9s karbantart\u00e1s\u00e1val kapcsolatos inform\u00e1ci\u00f3k a dobozban tal\u00e1lhat\u00f3k.<\/p>\n<p>Adonisz<br \/>\nAmmi majus<br \/>\nCarthamus<br \/>\nCentaurea cyanus<br \/>\nCheiranthus<br \/>\nClarkia unguiculata Lindl.<br \/>\nSz\u00e9pecske<br \/>\nSzarkal\u00e1b<br \/>\nEschscholzia<br \/>\nGaillardia<br \/>\nGodetia<br \/>\nImpatiens<br \/>\nLavatera trimestris<br \/>\nLinaria<br \/>\nLupinus<br \/>\nMalva<br \/>\nMatthiola bicornis (Sibth. et Sm.) DC.<br \/>\nPapaver<br \/>\nReseda odorata<br \/>\nZinnia elegans Jacq.<\/p>\n<p>Gy\u00e1rt\u00f3 Agronom<br \/>\nKiszerel\u00e9s 130 g+1,5 l<\/p>\n","protected":false},"featured_media":21758,"comment_status":"closed","ping_status":"closed","template":"","meta":[],"product_brand":[],"product_cat":[343,405],"product_tag":[],"class_list":{"0":"post-21757","1":"product","2":"type-product","3":"status-publish","4":"has-post-thumbnail","6":"product_cat-akciok","7":"product_cat-virag-vetomagok-agronom","9":"first","10":"instock","11":"sale","12":"taxable","13":"shipping-taxable","14":"purchasable","15":"product-type-simple"},"_links":{"self":[{"href":"https:\/\/chilimag.hu\/webshop\/wp-json\/wp\/v2\/product\/21757","targetHints":{"allow":["GET"]}}],"collection":[{"href":"https:\/\/chilimag.hu\/webshop\/wp-json\/wp\/v2\/product"}],"about":[{"href":"https:\/\/chilimag.hu\/webshop\/wp-json\/wp\/v2\/types\/product"}],"replies":[{"embeddable":true,"href":"https:\/\/chilimag.hu\/webshop\/wp-json\/wp\/v2\/comments?post=21757"}],"wp:featuredmedia":[{"embeddable":true,"href":"https:\/\/chilimag.hu\/webshop\/wp-json\/wp\/v2\/media\/21758"}],"wp:attachment":[{"href":"https:\/\/chilimag.hu\/webshop\/wp-json\/wp\/v2\/media?parent=21757"}],"wp:term":[{"taxonomy":"product_brand","embeddable":true,"href":"https:\/\/chilimag.hu\/webshop\/wp-json\/wp\/v2\/product_brand?post=21757"},{"taxonomy":"product_cat","embeddable":true,"href":"https:\/\/chilimag.hu\/webshop\/wp-json\/wp\/v2\/product_cat?post=21757"},{"taxonomy":"product_tag","embeddable":true,"href":"https:\/\/chilimag.hu\/webshop\/wp-json\/wp\/v2\/product_tag?post=21757"}],"curies":[{"name":"wp","href":"https:\/\/api.w.org\/{rel}","templated":true}]}}