{"id":21746,"date":"2023-03-05T08:21:18","date_gmt":"2023-03-05T08:21:18","guid":{"rendered":"https:\/\/chilimag.hu\/webshop\/?post_type=product&#038;p=21746"},"modified":"2025-08-22T11:42:23","modified_gmt":"2025-08-22T11:42:23","slug":"kaposzta-minica-z-s-sl","status":"publish","type":"product","link":"https:\/\/chilimag.hu\/webshop\/termek\/kaposzta-minica-z-s-sl\/","title":{"rendered":"K\u00e1poszta Minica Hibrid Z.S SL"},"content":{"rendered":"","protected":false},"excerpt":{"rendered":"<p><img decoding=\"async\" class=\"active-logo\" src=\"https:\/\/b2b.seklos.lt\/themes\/warehouse\/img\/logo_en.png\" alt=\"Agrofirma S\u0117klos, UAB\" width=\"280\" height=\"95\" \/><\/p>\n<p>Korai hibrid s\u0171r\u0171 \u00fcltet\u00e9sre. Kedvez\u0151 termeszt\u00e9si felt\u00e9telek mellett ez a fajta eg\u00e9sz \u00e9vben termeszthet\u0151. Veget\u00e1ci\u00f3s id\u0151szak \u2013 70 nappal a pal\u00e1nta\u00fcltet\u00e9s ut\u00e1n. A fejek kerekek, kiss\u00e9 megny\u00faltak, s\u00falya 0,5-1 kg. A fejek nem hasadnak sz\u00e9t, j\u00f3l tartanak a terepen min\u0151s\u00e9groml\u00e1s n\u00e9lk\u00fcl. Ez a k\u00e1posztafajta frissen, f\u0151zve vagy p\u00e1rolva is fogyaszthat\u00f3.<br \/>\nMennyis\u00e9g kiszerel\u00e9sben 0,5g<br \/>\nMagok sz\u00e1ma grammonk\u00e9nt Kb. 250-300 mag<br \/>\n\u00dcltet\u00e9si t\u00e1vols\u00e1gok III-VII,40&#215;40 cm<br \/>\nSz\u00fcret VI-X<br \/>\nMagh\u00edrek 2020<br \/>\nTermeszt\u00e9si hely \u00dcvegh\u00e1zban, sz\u00e1nt\u00f3f\u00f6ld\u00f6n<br \/>\nA fajta korai ideje Korai<br \/>\nVet\u00e9sid\u0151 a talajban IV-VI<br \/>\nA pal\u00e1nt\u00e1k vet\u00e9si ideje I-VI<br \/>\nGy\u00fcm\u00f6lcs sz\u00edne Feh\u00e9r<br \/>\nGy\u00e1rt\u00f3 \u017dalia stotel\u0117<\/p>\n","protected":false},"featured_media":21747,"comment_status":"closed","ping_status":"closed","template":"","meta":[],"product_brand":[],"product_cat":[415],"product_tag":[],"class_list":{"0":"post-21746","1":"product","2":"type-product","3":"status-publish","4":"has-post-thumbnail","6":"product_cat-kaposzta-es-karfiol-vetomagok-zalia-stotele","8":"first","9":"instock","10":"taxable","11":"shipping-taxable","12":"purchasable","13":"product-type-simple"},"_links":{"self":[{"href":"https:\/\/chilimag.hu\/webshop\/wp-json\/wp\/v2\/product\/21746","targetHints":{"allow":["GET"]}}],"collection":[{"href":"https:\/\/chilimag.hu\/webshop\/wp-json\/wp\/v2\/product"}],"about":[{"href":"https:\/\/chilimag.hu\/webshop\/wp-json\/wp\/v2\/types\/product"}],"replies":[{"embeddable":true,"href":"https:\/\/chilimag.hu\/webshop\/wp-json\/wp\/v2\/comments?post=21746"}],"wp:featuredmedia":[{"embeddable":true,"href":"https:\/\/chilimag.hu\/webshop\/wp-json\/wp\/v2\/media\/21747"}],"wp:attachment":[{"href":"https:\/\/chilimag.hu\/webshop\/wp-json\/wp\/v2\/media?parent=21746"}],"wp:term":[{"taxonomy":"product_brand","embeddable":true,"href":"https:\/\/chilimag.hu\/webshop\/wp-json\/wp\/v2\/product_brand?post=21746"},{"taxonomy":"product_cat","embeddable":true,"href":"https:\/\/chilimag.hu\/webshop\/wp-json\/wp\/v2\/product_cat?post=21746"},{"taxonomy":"product_tag","embeddable":true,"href":"https:\/\/chilimag.hu\/webshop\/wp-json\/wp\/v2\/product_tag?post=21746"}],"curies":[{"name":"wp","href":"https:\/\/api.w.org\/{rel}","templated":true}]}}