{"id":21738,"date":"2023-03-05T06:31:46","date_gmt":"2023-03-05T06:31:46","guid":{"rendered":"https:\/\/chilimag.hu\/webshop\/?post_type=product&#038;p=21738"},"modified":"2026-02-15T16:36:56","modified_gmt":"2026-02-15T16:36:56","slug":"kaposzta-slava-z-s-sl","status":"publish","type":"product","link":"https:\/\/chilimag.hu\/webshop\/termek\/kaposzta-slava-z-s-sl\/","title":{"rendered":"K\u00e1poszta Sl\u00e1va Hibrid Z.S SL"},"content":{"rendered":"","protected":false},"excerpt":{"rendered":"<p><img decoding=\"async\" class=\"active-logo\" src=\"https:\/\/b2b.seklos.lt\/themes\/warehouse\/img\/logo_en.png\" alt=\"Agrofirma S\u0117klos, UAB\" width=\"280\" height=\"95\" \/><\/p>\n<p>Korai hibrid ellen\u00e1ll a csavaroz\u00e1snak. K\u00e9s\u0151 tavaszi \u2013 kora ny\u00e1ri betakar\u00edt\u00e1sra termesztik. Friss fogyaszt\u00e1sra haszn\u00e1lj\u00e1k. A magokat k\u00f6zvetlen\u00fcl szabadf\u00f6ldre vetik, vagy pal\u00e1nt\u00e1kat \u00fcltetnek. A veget\u00e1ci\u00f3s id\u0151szak a pal\u00e1nt\u00e1k ki\u00fcltet\u00e9s\u00e9t\u0151l sz\u00e1m\u00edtott 75 nap. A fejek kerekek, s\u00falyuk 0,9-1,5 kg. J\u00f3l termeszthet\u0151 j\u00f3l tr\u00e1gy\u00e1zott, nem savas, m\u00e9rs\u00e9kelt \u00e9s k\u00f6nny\u0171 v\u00e1lyogos talajban.<\/p>\n<p>C \u00e1rcsoport<br \/>\nMennyis\u00e9g kiszerel\u00e9sben 0,5g<br \/>\nMagok sz\u00e1ma grammonk\u00e9nt Kb. 250-300 mag<br \/>\n\u00dcltet\u00e9si t\u00e1vols\u00e1gok 40 x 40 cm<br \/>\nSz\u00fcret VI-VII<br \/>\nNapos hely Igen<br \/>\nProfesszion\u00e1lis haszn\u00e1latra alkalmas Igen<br \/>\nTerm\u0151f\u00f6ld<br \/>\nA fajta korai ideje Korai<br \/>\nA pal\u00e1nt\u00e1k vet\u00e9si ideje III<br \/>\nGy\u00fcm\u00f6lcs sz\u00edne Feh\u00e9r<br \/>\nGy\u00e1rt\u00f3 \u017dalia stotel\u0117<\/p>\n","protected":false},"featured_media":21739,"comment_status":"closed","ping_status":"closed","template":"","meta":[],"product_brand":[],"product_cat":[415],"product_tag":[],"class_list":{"0":"post-21738","1":"product","2":"type-product","3":"status-publish","4":"has-post-thumbnail","6":"product_cat-kaposzta-es-karfiol-vetomagok-zalia-stotele","8":"first","9":"instock","10":"taxable","11":"shipping-taxable","12":"purchasable","13":"product-type-simple"},"_links":{"self":[{"href":"https:\/\/chilimag.hu\/webshop\/wp-json\/wp\/v2\/product\/21738","targetHints":{"allow":["GET"]}}],"collection":[{"href":"https:\/\/chilimag.hu\/webshop\/wp-json\/wp\/v2\/product"}],"about":[{"href":"https:\/\/chilimag.hu\/webshop\/wp-json\/wp\/v2\/types\/product"}],"replies":[{"embeddable":true,"href":"https:\/\/chilimag.hu\/webshop\/wp-json\/wp\/v2\/comments?post=21738"}],"wp:featuredmedia":[{"embeddable":true,"href":"https:\/\/chilimag.hu\/webshop\/wp-json\/wp\/v2\/media\/21739"}],"wp:attachment":[{"href":"https:\/\/chilimag.hu\/webshop\/wp-json\/wp\/v2\/media?parent=21738"}],"wp:term":[{"taxonomy":"product_brand","embeddable":true,"href":"https:\/\/chilimag.hu\/webshop\/wp-json\/wp\/v2\/product_brand?post=21738"},{"taxonomy":"product_cat","embeddable":true,"href":"https:\/\/chilimag.hu\/webshop\/wp-json\/wp\/v2\/product_cat?post=21738"},{"taxonomy":"product_tag","embeddable":true,"href":"https:\/\/chilimag.hu\/webshop\/wp-json\/wp\/v2\/product_tag?post=21738"}],"curies":[{"name":"wp","href":"https:\/\/api.w.org\/{rel}","templated":true}]}}