{"id":21736,"date":"2023-03-05T06:25:27","date_gmt":"2023-03-05T06:25:27","guid":{"rendered":"https:\/\/chilimag.hu\/webshop\/?post_type=product&#038;p=21736"},"modified":"2025-08-22T11:41:24","modified_gmt":"2025-08-22T11:41:24","slug":"kaposzta-lennox-z-s-sl","status":"publish","type":"product","link":"https:\/\/chilimag.hu\/webshop\/termek\/kaposzta-lennox-z-s-sl\/","title":{"rendered":"K\u00e1poszta Lennox Hibrid Z.S SL"},"content":{"rendered":"","protected":false},"excerpt":{"rendered":"<p><img decoding=\"async\" class=\"active-logo\" src=\"https:\/\/b2b.seklos.lt\/themes\/warehouse\/img\/logo_en.png\" alt=\"Agrofirma S\u0117klos, UAB\" width=\"280\" height=\"95\" \/><\/p>\n<p>K\u00e9s\u0151i, nagy hozam\u00fa, er\u0151s gy\u00f6k\u00e9rrendszer\u0171 hibrid. A veget\u00e1ci\u00f3s id\u0151szak a pal\u00e1nt\u00e1k ki\u00fcltet\u00e9s\u00e9t\u0151l sz\u00e1m\u00edtott 140 nap. A fejek kerekek, nagyon kem\u00e9nyek, z\u00f6ldessz\u00fcrke sz\u00edn\u0171ek, r\u00f6vid bels\u0151 maggal, 3-5 kg t\u00f6meg\u0171ek. Hossz\u00fa t\u00e1rol\u00e1sra alkalmas. \u00c9des \u00edze miatt j\u00f3 sal\u00e1t\u00e1khoz \u00e9s savany\u00fa k\u00e1poszt\u00e1hoz. J\u00f3l tr\u00e1gy\u00e1zott, nem savas, m\u00e9rs\u00e9kelt \u00e9s k\u00f6nny\u0171 agyagos talajban fejl\u0151dik a legjobban. A k\u00e1poszta pal\u00e1nt\u00e1k elviselik az enyhe fagyot. A magvak kezelhet\u0151k. Ha a magvakat kezelik, a kezel\u00e9s neve a csomagol\u00e1s alj\u00e1n tal\u00e1lhat\u00f3.<br \/>\nH \u00e1rcsoport<br \/>\nMennyis\u00e9g egy csomagban 0,1g<br \/>\nMagok sz\u00e1ma grammonk\u00e9nt Kb. 250-300 mag<br \/>\nTranszplant\u00e1ci\u00f3 V<br \/>\nNapos hely Igen<br \/>\nProfesszion\u00e1lis haszn\u00e1latra alkalmas Igen<br \/>\nTerm\u0151f\u00f6ld<br \/>\nElk\u00e9sz\u00edt\u00e9si m\u00f3dszerek P\u00e1col\u00e1s<br \/>\nA fajta korai megjelen\u00e9se K\u00e9s\u0151i<br \/>\nA pal\u00e1nt\u00e1k vet\u00e9si ideje III-IV<br \/>\nGy\u00fcm\u00f6lcs sz\u00edne Feh\u00e9r<br \/>\nGy\u00e1rt\u00f3 \u017dalia stotel\u0117<\/p>\n","protected":false},"featured_media":21737,"comment_status":"closed","ping_status":"closed","template":"","meta":[],"product_brand":[],"product_cat":[415],"product_tag":[],"class_list":{"0":"post-21736","1":"product","2":"type-product","3":"status-publish","4":"has-post-thumbnail","6":"product_cat-kaposzta-es-karfiol-vetomagok-zalia-stotele","8":"first","9":"instock","10":"taxable","11":"shipping-taxable","12":"purchasable","13":"product-type-simple"},"_links":{"self":[{"href":"https:\/\/chilimag.hu\/webshop\/wp-json\/wp\/v2\/product\/21736","targetHints":{"allow":["GET"]}}],"collection":[{"href":"https:\/\/chilimag.hu\/webshop\/wp-json\/wp\/v2\/product"}],"about":[{"href":"https:\/\/chilimag.hu\/webshop\/wp-json\/wp\/v2\/types\/product"}],"replies":[{"embeddable":true,"href":"https:\/\/chilimag.hu\/webshop\/wp-json\/wp\/v2\/comments?post=21736"}],"wp:featuredmedia":[{"embeddable":true,"href":"https:\/\/chilimag.hu\/webshop\/wp-json\/wp\/v2\/media\/21737"}],"wp:attachment":[{"href":"https:\/\/chilimag.hu\/webshop\/wp-json\/wp\/v2\/media?parent=21736"}],"wp:term":[{"taxonomy":"product_brand","embeddable":true,"href":"https:\/\/chilimag.hu\/webshop\/wp-json\/wp\/v2\/product_brand?post=21736"},{"taxonomy":"product_cat","embeddable":true,"href":"https:\/\/chilimag.hu\/webshop\/wp-json\/wp\/v2\/product_cat?post=21736"},{"taxonomy":"product_tag","embeddable":true,"href":"https:\/\/chilimag.hu\/webshop\/wp-json\/wp\/v2\/product_tag?post=21736"}],"curies":[{"name":"wp","href":"https:\/\/api.w.org\/{rel}","templated":true}]}}