{"id":21728,"date":"2023-03-05T06:10:36","date_gmt":"2023-03-05T06:10:36","guid":{"rendered":"https:\/\/chilimag.hu\/webshop\/?post_type=product&#038;p=21728"},"modified":"2025-08-22T11:40:25","modified_gmt":"2025-08-22T11:40:25","slug":"kaposzta-krautman-z-s-sl","status":"publish","type":"product","link":"https:\/\/chilimag.hu\/webshop\/termek\/kaposzta-krautman-z-s-sl\/","title":{"rendered":"K\u00e1poszta Krautman Hibrid Z.S SL"},"content":{"rendered":"","protected":false},"excerpt":{"rendered":"<p><img decoding=\"async\" class=\"active-logo\" src=\"https:\/\/b2b.seklos.lt\/themes\/warehouse\/img\/logo_en.png\" alt=\"Agrofirma S\u0117klos, UAB\" width=\"280\" height=\"95\" \/><\/p>\n<p>K\u00f6z\u00e9pk\u00e9s\u0151i hibrid. Veget\u00e1ci\u00f3s id\u0151szak \u2013 100 nappal a pal\u00e1nt\u00e1k ki\u00fcltet\u00e9se ut\u00e1n. Friss fogyaszt\u00e1sra \u00e9s savany\u00edt\u00e1sra val\u00f3 termeszt\u00e9sn\u00e9l a legjobb a tavasszal ki\u00fcltetni a pal\u00e1nt\u00e1kat, ha a k\u00e1poszta t\u00e9li t\u00e1rol\u00e1si sz\u00e1nd\u00e9k\u00e1val termesztj\u00fck, j\u00fanius v\u00e9ge a legalkalmasabb a pal\u00e1nt\u00e1k ki\u00fcltet\u00e9s\u00e9re. A fejek s\u0171r\u0171ek, r\u00f6vid bels\u0151 sz\u00e1rral, k\u00f6r\u00fclbel\u00fcl 3,5-5 kg t\u00f6meg\u0171ek, ellen\u00e1llnak a reped\u00e9snek. J\u00f3l n\u00f6vekszik k\u00f6zepesen neh\u00e9z \u00e9s neh\u00e9z, term\u00e9keny talajban. A magvak kezelhet\u0151k. Ha a magvakat kezelik, a kezel\u00e9s neve a csomagol\u00e1s alj\u00e1n tal\u00e1lhat\u00f3.<br \/>\nG \u00e1rcsoport<br \/>\nMennyis\u00e9g egy csomagban 0,1g<br \/>\nMagok sz\u00e1ma grammonk\u00e9nt Kb. 250-300 mag<br \/>\nTranszplant\u00e1ci\u00f3 IV-V<br \/>\nSz\u00fcret VIII-IX<br \/>\nNapos hely Igen<br \/>\nProfesszion\u00e1lis haszn\u00e1latra alkalmas Igen<br \/>\nTerm\u0151f\u00f6ld<br \/>\nElk\u00e9sz\u00edt\u00e9si m\u00f3dszerek P\u00e1col\u00e1s<br \/>\nA fajta korai \u00e9r\u00e9se M\u00e9rs\u00e9kelten k\u00e9s\u0151i<br \/>\nA pal\u00e1nt\u00e1k vet\u00e9si ideje III-IV<br \/>\nGy\u00fcm\u00f6lcs sz\u00edne Feh\u00e9r<br \/>\nGy\u00e1rt\u00f3 \u017dalia stotel\u0117<\/p>\n","protected":false},"featured_media":21729,"comment_status":"closed","ping_status":"closed","template":"","meta":[],"product_brand":[],"product_cat":[415],"product_tag":[],"class_list":{"0":"post-21728","1":"product","2":"type-product","3":"status-publish","4":"has-post-thumbnail","6":"product_cat-kaposzta-es-karfiol-vetomagok-zalia-stotele","8":"first","9":"instock","10":"taxable","11":"shipping-taxable","12":"purchasable","13":"product-type-simple"},"_links":{"self":[{"href":"https:\/\/chilimag.hu\/webshop\/wp-json\/wp\/v2\/product\/21728","targetHints":{"allow":["GET"]}}],"collection":[{"href":"https:\/\/chilimag.hu\/webshop\/wp-json\/wp\/v2\/product"}],"about":[{"href":"https:\/\/chilimag.hu\/webshop\/wp-json\/wp\/v2\/types\/product"}],"replies":[{"embeddable":true,"href":"https:\/\/chilimag.hu\/webshop\/wp-json\/wp\/v2\/comments?post=21728"}],"wp:featuredmedia":[{"embeddable":true,"href":"https:\/\/chilimag.hu\/webshop\/wp-json\/wp\/v2\/media\/21729"}],"wp:attachment":[{"href":"https:\/\/chilimag.hu\/webshop\/wp-json\/wp\/v2\/media?parent=21728"}],"wp:term":[{"taxonomy":"product_brand","embeddable":true,"href":"https:\/\/chilimag.hu\/webshop\/wp-json\/wp\/v2\/product_brand?post=21728"},{"taxonomy":"product_cat","embeddable":true,"href":"https:\/\/chilimag.hu\/webshop\/wp-json\/wp\/v2\/product_cat?post=21728"},{"taxonomy":"product_tag","embeddable":true,"href":"https:\/\/chilimag.hu\/webshop\/wp-json\/wp\/v2\/product_tag?post=21728"}],"curies":[{"name":"wp","href":"https:\/\/api.w.org\/{rel}","templated":true}]}}