{"id":21702,"date":"2023-03-04T20:10:41","date_gmt":"2023-03-04T20:10:41","guid":{"rendered":"https:\/\/chilimag.hu\/webshop\/?post_type=product&#038;p=21702"},"modified":"2025-11-30T13:43:35","modified_gmt":"2025-11-30T13:43:35","slug":"voros-kaposzta-langedijker-bewaar-2-z-s-sl","status":"publish","type":"product","link":"https:\/\/chilimag.hu\/webshop\/termek\/voros-kaposzta-langedijker-bewaar-2-z-s-sl\/","title":{"rendered":"K\u00e1poszta (V\u00f6r\u00f6s k\u00e1poszta) Langedijker Bewaar 2 Z.S SL"},"content":{"rendered":"","protected":false},"excerpt":{"rendered":"<p><img decoding=\"async\" class=\"active-logo\" src=\"https:\/\/b2b.seklos.lt\/themes\/warehouse\/img\/logo_en.png\" alt=\"Agrofirma S\u0117klos, UAB\" width=\"280\" height=\"95\" \/><\/p>\n<p>K\u00e9s\u0151i, nagy hozam\u00fa fajta. A fejek kerekek, kem\u00e9nyek, s\u00falya k\u00f6r\u00fclbel\u00fcl 3-5 kg. A pal\u00e1nt\u00e1k ki\u00fcltet\u00e9se ut\u00e1n 150-160 napon bel\u00fcl betakar\u00edtj\u00e1k. A fajta ellen\u00e1ll a kedvez\u0151tlen termeszt\u00e9si felt\u00e9teleknek. Friss fogyaszt\u00e1sra \u00e9s t\u00e9li t\u00e1rol\u00e1sra termesztik. J\u00f3l n\u0151 a k\u00f6zepest\u0151l a neh\u00e9zig terjed\u0151, term\u00e9keny talajban. A k\u00e1poszta termeszt\u00e9se el\u0151tt a savas talajt be kell meszelni. A pal\u00e1nt\u00e1k fagy\u00e1ll\u00f3ak.<br \/>\nA \u00e1rcsoport<br \/>\nEgy csomagban l\u00e9v\u0151 mennyis\u00e9g 1 g<br \/>\nMagok sz\u00e1ma grammonk\u00e9nt Kb. 250-300 mag<br \/>\nTranszplant\u00e1ci\u00f3 V<br \/>\nNapos hely Igen<br \/>\nTerm\u0151f\u00f6ld<br \/>\nElk\u00e9sz\u00edt\u00e9si m\u00f3dszerek P\u00e1col\u00e1s<br \/>\nA fajta korai megjelen\u00e9se K\u00e9s\u0151i<br \/>\nA pal\u00e1nt\u00e1k vet\u00e9si ideje IV<br \/>\nGy\u00fcm\u00f6lcs sz\u00edne Piros<br \/>\nGy\u00e1rt\u00f3 \u017dalia stotel\u0117<\/p>\n","protected":false},"featured_media":21703,"comment_status":"closed","ping_status":"closed","template":"","meta":[],"product_brand":[],"product_cat":[415],"product_tag":[],"class_list":{"0":"post-21702","1":"product","2":"type-product","3":"status-publish","4":"has-post-thumbnail","6":"product_cat-kaposzta-es-karfiol-vetomagok-zalia-stotele","8":"first","9":"instock","10":"taxable","11":"shipping-taxable","12":"purchasable","13":"product-type-simple"},"_links":{"self":[{"href":"https:\/\/chilimag.hu\/webshop\/wp-json\/wp\/v2\/product\/21702","targetHints":{"allow":["GET"]}}],"collection":[{"href":"https:\/\/chilimag.hu\/webshop\/wp-json\/wp\/v2\/product"}],"about":[{"href":"https:\/\/chilimag.hu\/webshop\/wp-json\/wp\/v2\/types\/product"}],"replies":[{"embeddable":true,"href":"https:\/\/chilimag.hu\/webshop\/wp-json\/wp\/v2\/comments?post=21702"}],"wp:featuredmedia":[{"embeddable":true,"href":"https:\/\/chilimag.hu\/webshop\/wp-json\/wp\/v2\/media\/21703"}],"wp:attachment":[{"href":"https:\/\/chilimag.hu\/webshop\/wp-json\/wp\/v2\/media?parent=21702"}],"wp:term":[{"taxonomy":"product_brand","embeddable":true,"href":"https:\/\/chilimag.hu\/webshop\/wp-json\/wp\/v2\/product_brand?post=21702"},{"taxonomy":"product_cat","embeddable":true,"href":"https:\/\/chilimag.hu\/webshop\/wp-json\/wp\/v2\/product_cat?post=21702"},{"taxonomy":"product_tag","embeddable":true,"href":"https:\/\/chilimag.hu\/webshop\/wp-json\/wp\/v2\/product_tag?post=21702"}],"curies":[{"name":"wp","href":"https:\/\/api.w.org\/{rel}","templated":true}]}}