{"id":21700,"date":"2023-03-04T20:08:11","date_gmt":"2023-03-04T20:08:11","guid":{"rendered":"https:\/\/chilimag.hu\/webshop\/?post_type=product&#038;p=21700"},"modified":"2026-02-11T07:02:10","modified_gmt":"2026-02-11T07:02:10","slug":"kaposzta-langedijker-bewaar-z-s-sl","status":"publish","type":"product","link":"https:\/\/chilimag.hu\/webshop\/termek\/kaposzta-langedijker-bewaar-z-s-sl\/","title":{"rendered":"K\u00e1poszta Langedijker Bewaar Z.S SL"},"content":{"rendered":"","protected":false},"excerpt":{"rendered":"<p><img decoding=\"async\" class=\"active-logo\" src=\"https:\/\/b2b.seklos.lt\/themes\/warehouse\/img\/logo_en.png\" alt=\"Agrofirma S\u0117klos, UAB\" width=\"280\" height=\"95\" \/><\/p>\n<p>K\u00e9s\u0151i fajta. A pal\u00e1nta\u00fcltet\u00e9s ut\u00e1n 145-150 napon bel\u00fcl n\u0151. A fejek kerekek, nagyon kem\u00e9nyek, nem hajlamosak repedezni, z\u00f6ldessz\u00fcrke sz\u00edn\u0171ek, 3-4 kg k\u00f6r\u00fcliek. Frissen, savany\u00fa k\u00e1poszt\u00e1hoz \u00e9s hosszabb t\u00e1rol\u00e1shoz haszn\u00e1lhat\u00f3. J\u00f3l termeszthet\u0151 j\u00f3l tr\u00e1gy\u00e1zott, nem savas, m\u00e9rs\u00e9kelt \u00e9s k\u00f6nny\u0171 v\u00e1lyogos talajban. A k\u00e1poszta termeszt\u00e9se el\u0151tt a savas talajt be kell meszelni. A pal\u00e1nt\u00e1k fagy\u00e1ll\u00f3ak.<br \/>\nB \u00e1rcsoport<br \/>\nKiszerel\u00e9s egy csomagban 3 g<br \/>\nMagok sz\u00e1ma grammonk\u00e9nt Kb. 250-300 mag<br \/>\nTranszplant\u00e1ci\u00f3 V<br \/>\nNapos hely Igen<br \/>\nTerm\u0151f\u00f6ld<br \/>\nElk\u00e9sz\u00edt\u00e9si m\u00f3dszerek P\u00e1col\u00e1s<br \/>\nA fajta korai megjelen\u00e9se K\u00e9s\u0151i<br \/>\nA pal\u00e1nt\u00e1k vet\u00e9si ideje IV<br \/>\nGy\u00fcm\u00f6lcs sz\u00edne Feh\u00e9r<br \/>\nGy\u00e1rt\u00f3 \u017dalia stotel\u0117<\/p>\n","protected":false},"featured_media":21701,"comment_status":"closed","ping_status":"closed","template":"","meta":[],"product_brand":[],"product_cat":[415],"product_tag":[],"class_list":{"0":"post-21700","1":"product","2":"type-product","3":"status-publish","4":"has-post-thumbnail","6":"product_cat-kaposzta-es-karfiol-vetomagok-zalia-stotele","8":"first","9":"instock","10":"taxable","11":"shipping-taxable","12":"purchasable","13":"product-type-simple"},"_links":{"self":[{"href":"https:\/\/chilimag.hu\/webshop\/wp-json\/wp\/v2\/product\/21700","targetHints":{"allow":["GET"]}}],"collection":[{"href":"https:\/\/chilimag.hu\/webshop\/wp-json\/wp\/v2\/product"}],"about":[{"href":"https:\/\/chilimag.hu\/webshop\/wp-json\/wp\/v2\/types\/product"}],"replies":[{"embeddable":true,"href":"https:\/\/chilimag.hu\/webshop\/wp-json\/wp\/v2\/comments?post=21700"}],"wp:featuredmedia":[{"embeddable":true,"href":"https:\/\/chilimag.hu\/webshop\/wp-json\/wp\/v2\/media\/21701"}],"wp:attachment":[{"href":"https:\/\/chilimag.hu\/webshop\/wp-json\/wp\/v2\/media?parent=21700"}],"wp:term":[{"taxonomy":"product_brand","embeddable":true,"href":"https:\/\/chilimag.hu\/webshop\/wp-json\/wp\/v2\/product_brand?post=21700"},{"taxonomy":"product_cat","embeddable":true,"href":"https:\/\/chilimag.hu\/webshop\/wp-json\/wp\/v2\/product_cat?post=21700"},{"taxonomy":"product_tag","embeddable":true,"href":"https:\/\/chilimag.hu\/webshop\/wp-json\/wp\/v2\/product_tag?post=21700"}],"curies":[{"name":"wp","href":"https:\/\/api.w.org\/{rel}","templated":true}]}}