{"id":21695,"date":"2023-03-04T20:01:38","date_gmt":"2023-03-04T20:01:38","guid":{"rendered":"https:\/\/chilimag.hu\/webshop\/?post_type=product&#038;p=21695"},"modified":"2026-04-28T16:15:45","modified_gmt":"2026-04-28T16:15:45","slug":"tarlorepa-golden-z-s-sl","status":"publish","type":"product","link":"https:\/\/chilimag.hu\/webshop\/termek\/tarlorepa-golden-z-s-sl\/","title":{"rendered":"Tarl\u00f3r\u00e9pa Goldana Z.S SL"},"content":{"rendered":"","protected":false},"excerpt":{"rendered":"<p><img decoding=\"async\" class=\"active-logo\" src=\"https:\/\/b2b.seklos.lt\/themes\/warehouse\/img\/logo_en.png\" alt=\"Agrofirma S\u0117klos, UAB\" width=\"280\" height=\"95\" \/><\/p>\n<p>K\u00f6z\u00e9pkorai fajta. Pal\u00e1ntak\u00e9nt \u00fcltetik, vagy k\u00f6zvetlen\u00fcl a talajba vetik. A 90 nap alatt betakar\u00edtott fajta azonban \u201eb\u00e9bi\u201d feh\u00e9rr\u00e9pa sz\u00e1m\u00e1ra termeszthet\u0151, majd a cs\u00edr\u00e1z\u00e1s ut\u00e1n 7-8 h\u00e9t m\u00falva, amikor a feh\u00e9rr\u00e9pa el\u00e9ri a teniszlabd\u00e1t. Gy\u00f6kere kerek, h\u00fasa s\u00e1rg\u00e1s, l\u00e9d\u00fas, enyhe \u00edz\u0171 \u00e9s enyh\u00e9n \u00e9des. A nyers, f\u0151tt, konzerv feh\u00e9rr\u00e9p\u00e1t \u00e9tkez\u00e9sre haszn\u00e1ljuk. Fiatal, vitaminokban \u00e9s \u00e1sv\u00e1nyi anyagokban gazdag levelek is fogyaszthat\u00f3k.<br \/>\nKiszerel\u00e9s egy csomagban 3 g<br \/>\nMagok sz\u00e1ma grammonk\u00e9nt K\u00f6r\u00fclbel\u00fcl 500 mag<br \/>\n\u00dcltet\u00e9si t\u00e1vols\u00e1gok V-VI,40&#215;15-20 cm<br \/>\nMagh\u00edrek 2020<br \/>\nTerm\u0151f\u00f6ld<br \/>\nElk\u00e9sz\u00edt\u00e9si m\u00f3dszerek Konzerv\u00e1l\u00e1s<br \/>\nA fajta korai ideje M\u00e9rs\u00e9kelten korai<br \/>\nVet\u00e9sid\u0151 a talajban IV-VI<br \/>\nA pal\u00e1nt\u00e1k vet\u00e9si ideje IV<br \/>\nGy\u00fcm\u00f6lcs sz\u00edne S\u00e1rga<br \/>\nGy\u00e1rt\u00f3 \u017dalia stotel\u0117<\/p>\n","protected":false},"featured_media":21696,"comment_status":"closed","ping_status":"closed","template":"","meta":[],"product_brand":[],"product_cat":[408],"product_tag":[],"class_list":{"0":"post-21695","1":"product","2":"type-product","3":"status-publish","4":"has-post-thumbnail","6":"product_cat-zoldseg-vetomagok-zalia-stotele","8":"first","9":"instock","10":"taxable","11":"shipping-taxable","12":"purchasable","13":"product-type-simple"},"_links":{"self":[{"href":"https:\/\/chilimag.hu\/webshop\/wp-json\/wp\/v2\/product\/21695","targetHints":{"allow":["GET"]}}],"collection":[{"href":"https:\/\/chilimag.hu\/webshop\/wp-json\/wp\/v2\/product"}],"about":[{"href":"https:\/\/chilimag.hu\/webshop\/wp-json\/wp\/v2\/types\/product"}],"replies":[{"embeddable":true,"href":"https:\/\/chilimag.hu\/webshop\/wp-json\/wp\/v2\/comments?post=21695"}],"wp:featuredmedia":[{"embeddable":true,"href":"https:\/\/chilimag.hu\/webshop\/wp-json\/wp\/v2\/media\/21696"}],"wp:attachment":[{"href":"https:\/\/chilimag.hu\/webshop\/wp-json\/wp\/v2\/media?parent=21695"}],"wp:term":[{"taxonomy":"product_brand","embeddable":true,"href":"https:\/\/chilimag.hu\/webshop\/wp-json\/wp\/v2\/product_brand?post=21695"},{"taxonomy":"product_cat","embeddable":true,"href":"https:\/\/chilimag.hu\/webshop\/wp-json\/wp\/v2\/product_cat?post=21695"},{"taxonomy":"product_tag","embeddable":true,"href":"https:\/\/chilimag.hu\/webshop\/wp-json\/wp\/v2\/product_tag?post=21695"}],"curies":[{"name":"wp","href":"https:\/\/api.w.org\/{rel}","templated":true}]}}