{"id":21669,"date":"2023-03-04T19:28:00","date_gmt":"2023-03-04T19:28:00","guid":{"rendered":"https:\/\/chilimag.hu\/webshop\/?post_type=product&#038;p=21669"},"modified":"2025-11-18T10:02:00","modified_gmt":"2025-11-18T10:02:00","slug":"cekla-rote-kugel-z-s-sl","status":"publish","type":"product","link":"https:\/\/chilimag.hu\/webshop\/termek\/cekla-rote-kugel-z-s-sl\/","title":{"rendered":"C\u00e9kla Rote Kugel Z.S SL"},"content":{"rendered":"","protected":false},"excerpt":{"rendered":"<p><img decoding=\"async\" class=\"active-logo\" src=\"https:\/\/b2b.seklos.lt\/themes\/warehouse\/img\/logo_en.png\" alt=\"Agrofirma S\u0117klos, UAB\" width=\"280\" height=\"95\" \/><\/p>\n<p>Korai fajta c\u00e9kla, amely nem hajlamos vir\u00e1gz\u00e1sra. Ny\u00e1ri \u00e9s \u0151szi betakar\u00edt\u00e1sra termesztik. A gy\u00f6kerek mechanikusan betakar\u00edthat\u00f3k. A gy\u00f6kerek g\u00f6mb alak\u00faak, nagyok, s\u00f6t\u00e9tv\u00f6r\u00f6sek, sima, kem\u00e9ny h\u00e9j\u00faak. Gy\u00fcm\u00f6lcscentrifug\u00e1l\u00e1sra, m\u00e1rciusig t\u00f6rt\u00e9n\u0151 t\u00e1rol\u00e1sra \u00e9s feldolgoz\u00e1sra alkalmas. K\u00f6z\u00e9pneh\u00e9z, m\u00e9lyen m\u0171velt, nem savas agyagos talajban n\u0151 a legjobban. Rosszul csemp\u00e9zett talajban a c\u00e9kla elt\u00e9r\u0151 id\u0151ben cs\u00edr\u00e1zik \u00e9s elv\u00e9konyodik.<br \/>\nD \u00e1rcsoport<br \/>\nMennyis\u00e9g egy csomagban 20 g<br \/>\nMagok sz\u00e1ma grammonk\u00e9nt Kb. 40-55 mag<br \/>\n\u00dcltet\u00e9si t\u00e1vols\u00e1gok V-VII, 25&#215;10 cm<br \/>\nSz\u00fcret VII\u2013IX<br \/>\nNapos hely Igen<br \/>\nA legkelend\u0151bbek k\u00f6z\u00f6tt Igen<br \/>\nT\u00edpus Rooted<br \/>\nTerm\u0151f\u00f6ld<br \/>\nElk\u00e9sz\u00edt\u00e9si m\u00f3dok L\u00e9hez, Tart\u00f3s\u00edt\u00e1s<br \/>\nA fajta korai ideje Korai<br \/>\nVet\u00e9sid\u0151 a talajban IV-VI<br \/>\nGy\u00e1rt\u00f3 \u017dalia stotel\u0117<\/p>\n","protected":false},"featured_media":21670,"comment_status":"closed","ping_status":"closed","template":"","meta":[],"product_brand":[],"product_cat":[409],"product_tag":[],"class_list":{"0":"post-21669","1":"product","2":"type-product","3":"status-publish","4":"has-post-thumbnail","6":"product_cat-zeller-karalabe-cekla-vetomagok-zalia-stotele","8":"first","9":"instock","10":"taxable","11":"shipping-taxable","12":"purchasable","13":"product-type-simple"},"_links":{"self":[{"href":"https:\/\/chilimag.hu\/webshop\/wp-json\/wp\/v2\/product\/21669","targetHints":{"allow":["GET"]}}],"collection":[{"href":"https:\/\/chilimag.hu\/webshop\/wp-json\/wp\/v2\/product"}],"about":[{"href":"https:\/\/chilimag.hu\/webshop\/wp-json\/wp\/v2\/types\/product"}],"replies":[{"embeddable":true,"href":"https:\/\/chilimag.hu\/webshop\/wp-json\/wp\/v2\/comments?post=21669"}],"wp:featuredmedia":[{"embeddable":true,"href":"https:\/\/chilimag.hu\/webshop\/wp-json\/wp\/v2\/media\/21670"}],"wp:attachment":[{"href":"https:\/\/chilimag.hu\/webshop\/wp-json\/wp\/v2\/media?parent=21669"}],"wp:term":[{"taxonomy":"product_brand","embeddable":true,"href":"https:\/\/chilimag.hu\/webshop\/wp-json\/wp\/v2\/product_brand?post=21669"},{"taxonomy":"product_cat","embeddable":true,"href":"https:\/\/chilimag.hu\/webshop\/wp-json\/wp\/v2\/product_cat?post=21669"},{"taxonomy":"product_tag","embeddable":true,"href":"https:\/\/chilimag.hu\/webshop\/wp-json\/wp\/v2\/product_tag?post=21669"}],"curies":[{"name":"wp","href":"https:\/\/api.w.org\/{rel}","templated":true}]}}