{"id":21661,"date":"2023-03-04T19:20:29","date_gmt":"2023-03-04T19:20:29","guid":{"rendered":"https:\/\/chilimag.hu\/webshop\/?post_type=product&#038;p=21661"},"modified":"2025-08-28T08:07:05","modified_gmt":"2025-08-28T08:07:05","slug":"cekla-bona-z-s-sl","status":"publish","type":"product","link":"https:\/\/chilimag.hu\/webshop\/termek\/cekla-bona-z-s-sl\/","title":{"rendered":"C\u00e9kla Bona Z.S SL"},"content":{"rendered":"","protected":false},"excerpt":{"rendered":"<p><img decoding=\"async\" class=\"active-logo\" src=\"https:\/\/b2b.seklos.lt\/themes\/warehouse\/img\/logo_en.png\" alt=\"Agrofirma S\u0117klos, UAB\" width=\"280\" height=\"95\" \/><\/p>\n<p>Magas term\u0151k\u00e9pess\u00e9g\u0171, k\u00f6z\u00e9pkorai fajta. A veget\u00e1ci\u00f3s id\u0151szak k\u00f6r\u00fclbel\u00fcl 120 nap. Gy\u00f6kerei g\u00f6mb alak\u00faak, h\u00fasa s\u00f6t\u00e9tv\u00f6r\u00f6s sz\u00edn\u0171, gy\u0171r\u0171tlen, a gy\u00f6kerek fel\u00fclete sima. A gy\u00f6k\u00e9rn\u00f6v\u00e9nyek feldolgozhat\u00f3k, \u00e9s nem vesz\u00edtik el sz\u00edn\u00fcket f\u0151z\u00e9skor. P\u00f6rk\u00f6l\u00e9sre, p\u00e1col\u00e1sra, bef\u0151z\u00e9sre alkalmas, t\u00e9len is j\u00f3l \u00e1ll. K\u00f6z\u00e9pneh\u00e9z, m\u00e9lyen m\u0171velt, nem savas agyagos talajban n\u0151 a legjobban.<br \/>\nB \u00e1rcsoport<br \/>\nMennyis\u00e9g egy csomagban 10 g<br \/>\nMagok sz\u00e1ma grammonk\u00e9nt Kb. 40-55 mag<br \/>\nTranszplant\u00e1ci\u00f3 V-VI<br \/>\n\u00dcltet\u00e9si t\u00e1vols\u00e1gok 25 x 10 cm<br \/>\nSz\u00fcret VII\u2013IX<br \/>\nNapos hely Igen<br \/>\nT\u00edpus Rooted<br \/>\nTerm\u0151f\u00f6ld<br \/>\nElk\u00e9sz\u00edt\u00e9si m\u00f3dok L\u00e9hez, Tart\u00f3s\u00edt\u00e1s<br \/>\nA fajta korai ideje M\u00e9rs\u00e9kelten korai<br \/>\nVet\u00e9sid\u0151 a talajban IV-VI<br \/>\nGy\u00e1rt\u00f3 \u017dalia stotel\u0117<\/p>\n","protected":false},"featured_media":21662,"comment_status":"closed","ping_status":"closed","template":"","meta":[],"product_brand":[],"product_cat":[409],"product_tag":[],"class_list":{"0":"post-21661","1":"product","2":"type-product","3":"status-publish","4":"has-post-thumbnail","6":"product_cat-zeller-karalabe-cekla-vetomagok-zalia-stotele","8":"first","9":"instock","10":"taxable","11":"shipping-taxable","12":"purchasable","13":"product-type-simple"},"_links":{"self":[{"href":"https:\/\/chilimag.hu\/webshop\/wp-json\/wp\/v2\/product\/21661","targetHints":{"allow":["GET"]}}],"collection":[{"href":"https:\/\/chilimag.hu\/webshop\/wp-json\/wp\/v2\/product"}],"about":[{"href":"https:\/\/chilimag.hu\/webshop\/wp-json\/wp\/v2\/types\/product"}],"replies":[{"embeddable":true,"href":"https:\/\/chilimag.hu\/webshop\/wp-json\/wp\/v2\/comments?post=21661"}],"wp:featuredmedia":[{"embeddable":true,"href":"https:\/\/chilimag.hu\/webshop\/wp-json\/wp\/v2\/media\/21662"}],"wp:attachment":[{"href":"https:\/\/chilimag.hu\/webshop\/wp-json\/wp\/v2\/media?parent=21661"}],"wp:term":[{"taxonomy":"product_brand","embeddable":true,"href":"https:\/\/chilimag.hu\/webshop\/wp-json\/wp\/v2\/product_brand?post=21661"},{"taxonomy":"product_cat","embeddable":true,"href":"https:\/\/chilimag.hu\/webshop\/wp-json\/wp\/v2\/product_cat?post=21661"},{"taxonomy":"product_tag","embeddable":true,"href":"https:\/\/chilimag.hu\/webshop\/wp-json\/wp\/v2\/product_tag?post=21661"}],"curies":[{"name":"wp","href":"https:\/\/api.w.org\/{rel}","templated":true}]}}