{"id":21657,"date":"2023-03-04T19:15:55","date_gmt":"2023-03-04T19:15:55","guid":{"rendered":"https:\/\/chilimag.hu\/webshop\/?post_type=product&#038;p=21657"},"modified":"2025-08-28T08:09:16","modified_gmt":"2025-08-28T08:09:16","slug":"cekla-pablo-z-s-sl","status":"publish","type":"product","link":"https:\/\/chilimag.hu\/webshop\/termek\/cekla-pablo-z-s-sl\/","title":{"rendered":"C\u00e9kla Pablo Hibrid Z.S SL"},"content":{"rendered":"","protected":false},"excerpt":{"rendered":"<p><img decoding=\"async\" class=\"active-logo\" src=\"https:\/\/b2b.seklos.lt\/themes\/warehouse\/img\/logo_en.png\" alt=\"Agrofirma S\u0117klos, UAB\" width=\"280\" height=\"95\" \/><\/p>\n<p>Magas hozam\u00fa, k\u00f6z\u00e9pkorai hibrid. Friss felhaszn\u00e1l\u00e1sra, bef\u0151z\u00e9sre, t\u00e1rol\u00e1sra alkalmas. A magvak cs\u00edr\u00e1z\u00e1sa ut\u00e1n 115 napon bel\u00fcl betakar\u00edtj\u00e1k. A gy\u00f6kerek homog\u00e9nek, simaak, a p\u00e9p s\u00f6t\u00e9tv\u00f6r\u00f6s, cs\u00edkok n\u00e9lk\u00fcl, l\u00e9d\u00fas. K\u00f6z\u00e9pneh\u00e9z, m\u00e9lyen m\u0171velt, nem savas agyagos talajban n\u0151 a legjobban. A gabonaf\u00e9l\u00e9k, uborka, p\u00f3r\u00e9hagyma, paradicsom, hagyma j\u00f3 el\u0151n\u00f6v\u00e9ny a c\u00e9kla sz\u00e1m\u00e1ra. A magvak kezelhet\u0151k. Ha a magvakat kezelik, a kezel\u00e9s neve a csomagol\u00e1s alj\u00e1n tal\u00e1lhat\u00f3.<br \/>\nE \u00e1rcsoport<br \/>\nKiszerel\u00e9s egy csomagban 3 g<br \/>\nMagok sz\u00e1ma grammonk\u00e9nt Kb. 40-55 mag<br \/>\nTranszplant\u00e1ci\u00f3 V-VI<br \/>\n\u00dcltet\u00e9si t\u00e1vols\u00e1gok 25 x 10 cm<br \/>\nSz\u00fcret VII\u2013IX<br \/>\nNapos hely Igen<br \/>\nProfesszion\u00e1lis haszn\u00e1latra alkalmas Igen<br \/>\nA legkelend\u0151bbek k\u00f6z\u00f6tt Igen<br \/>\nT\u00edpus Rooted<br \/>\nTerm\u0151f\u00f6ld<br \/>\nElk\u00e9sz\u00edt\u00e9si m\u00f3dok L\u00e9hez, Tart\u00f3s\u00edt\u00e1s<br \/>\nA fajta korai ideje M\u00e9rs\u00e9kelten korai<br \/>\nVet\u00e9sid\u0151 a talajban IV-VI<br \/>\nA gy\u00fcm\u00f6lcs alakja Kerek<br \/>\nGy\u00e1rt\u00f3 \u017dalia stotel\u0117<\/p>\n","protected":false},"featured_media":21658,"comment_status":"closed","ping_status":"closed","template":"","meta":[],"product_brand":[],"product_cat":[409],"product_tag":[],"class_list":{"0":"post-21657","1":"product","2":"type-product","3":"status-publish","4":"has-post-thumbnail","6":"product_cat-zeller-karalabe-cekla-vetomagok-zalia-stotele","8":"first","9":"instock","10":"taxable","11":"shipping-taxable","12":"purchasable","13":"product-type-simple"},"_links":{"self":[{"href":"https:\/\/chilimag.hu\/webshop\/wp-json\/wp\/v2\/product\/21657","targetHints":{"allow":["GET"]}}],"collection":[{"href":"https:\/\/chilimag.hu\/webshop\/wp-json\/wp\/v2\/product"}],"about":[{"href":"https:\/\/chilimag.hu\/webshop\/wp-json\/wp\/v2\/types\/product"}],"replies":[{"embeddable":true,"href":"https:\/\/chilimag.hu\/webshop\/wp-json\/wp\/v2\/comments?post=21657"}],"wp:featuredmedia":[{"embeddable":true,"href":"https:\/\/chilimag.hu\/webshop\/wp-json\/wp\/v2\/media\/21658"}],"wp:attachment":[{"href":"https:\/\/chilimag.hu\/webshop\/wp-json\/wp\/v2\/media?parent=21657"}],"wp:term":[{"taxonomy":"product_brand","embeddable":true,"href":"https:\/\/chilimag.hu\/webshop\/wp-json\/wp\/v2\/product_brand?post=21657"},{"taxonomy":"product_cat","embeddable":true,"href":"https:\/\/chilimag.hu\/webshop\/wp-json\/wp\/v2\/product_cat?post=21657"},{"taxonomy":"product_tag","embeddable":true,"href":"https:\/\/chilimag.hu\/webshop\/wp-json\/wp\/v2\/product_tag?post=21657"}],"curies":[{"name":"wp","href":"https:\/\/api.w.org\/{rel}","templated":true}]}}