{"id":21651,"date":"2023-03-04T19:07:27","date_gmt":"2023-03-04T19:07:27","guid":{"rendered":"https:\/\/chilimag.hu\/webshop\/?post_type=product&#038;p=21651"},"modified":"2025-08-22T11:31:44","modified_gmt":"2025-08-22T11:31:44","slug":"brokkoli-lucky-z-s-sl","status":"publish","type":"product","link":"https:\/\/chilimag.hu\/webshop\/termek\/brokkoli-lucky-z-s-sl\/","title":{"rendered":"Brokkoli Lucky Hibrid Z.S SL"},"content":{"rendered":"","protected":false},"excerpt":{"rendered":"<p><img decoding=\"async\" class=\"active-logo\" src=\"https:\/\/b2b.seklos.lt\/themes\/warehouse\/img\/logo_en.png\" alt=\"Agrofirma S\u0117klos, UAB\" width=\"280\" height=\"95\" \/><\/p>\n<p>Korai, nagy hozam\u00fa hibrid. A veget\u00e1ci\u00f3s id\u0151szak 70 nap. A fejek mindegyike hasonl\u00f3 m\u00e9ret\u0171, ellen\u00e1ll a vir\u00e1gz\u00e1snak. A hibrid ellen\u00e1ll a v\u00edrusos betegs\u00e9geknek. Kora ny\u00e1ri \u00e9s \u0151szi betakar\u00edt\u00e1sra termesztik. Ugyanoda a brokkolit 3-4 \u00e9v ut\u00e1n javasolt \u00fcltetni. Term\u00e9keny, humuszos &#8211; gazdag, k\u00f6zepesen neh\u00e9z, v\u00edz\u00e1tereszt\u0151 talajban n\u0151 a legjobban. Fogyaszthat\u00f3 f\u0151zve, s\u00fctve, fagyasztva \u00e9s frissen. A magvak kezelhet\u0151k. Ha a magvakat kezelik, a kezel\u00e9s neve a csomagol\u00e1s alj\u00e1n tal\u00e1lhat\u00f3.<br \/>\nD \u00e1rcsoport<br \/>\nTranszplant\u00e1ci\u00f3 V<br \/>\n\u00dcltet\u00e9si t\u00e1vols\u00e1gok 60&#215;30-40 cm<br \/>\nSz\u00fcret VI-IX<br \/>\nNapos hely Igen<br \/>\nProfesszion\u00e1lis haszn\u00e1latra alkalmas Igen<br \/>\nTerm\u0151f\u00f6ld<br \/>\nElk\u00e9sz\u00edt\u00e9si m\u00f3dszerek H\u0171t\u00e9s, Konzerv\u00e1l\u00e1s<br \/>\nA fajta korai ideje Korai<br \/>\nA pal\u00e1nt\u00e1k vet\u00e9si ideje IV<br \/>\nGy\u00fcm\u00f6lcs sz\u00edne Z\u00f6ld<br \/>\nGy\u00e1rt\u00f3 \u017dalia stotel\u0117<br \/>\nMagok sz\u00e1ma a csomagban, db. 30<br \/>\nTesztmez\u0151k Tesztmez\u0151kben bejel\u00f6lve<br \/>\nMagok sz\u00e1ma a csomagban, db. 30<\/p>\n","protected":false},"featured_media":21652,"comment_status":"closed","ping_status":"closed","template":"","meta":[],"product_brand":[],"product_cat":[415],"product_tag":[],"class_list":{"0":"post-21651","1":"product","2":"type-product","3":"status-publish","4":"has-post-thumbnail","6":"product_cat-kaposzta-es-karfiol-vetomagok-zalia-stotele","8":"first","9":"instock","10":"taxable","11":"shipping-taxable","12":"purchasable","13":"product-type-simple"},"_links":{"self":[{"href":"https:\/\/chilimag.hu\/webshop\/wp-json\/wp\/v2\/product\/21651","targetHints":{"allow":["GET"]}}],"collection":[{"href":"https:\/\/chilimag.hu\/webshop\/wp-json\/wp\/v2\/product"}],"about":[{"href":"https:\/\/chilimag.hu\/webshop\/wp-json\/wp\/v2\/types\/product"}],"replies":[{"embeddable":true,"href":"https:\/\/chilimag.hu\/webshop\/wp-json\/wp\/v2\/comments?post=21651"}],"wp:featuredmedia":[{"embeddable":true,"href":"https:\/\/chilimag.hu\/webshop\/wp-json\/wp\/v2\/media\/21652"}],"wp:attachment":[{"href":"https:\/\/chilimag.hu\/webshop\/wp-json\/wp\/v2\/media?parent=21651"}],"wp:term":[{"taxonomy":"product_brand","embeddable":true,"href":"https:\/\/chilimag.hu\/webshop\/wp-json\/wp\/v2\/product_brand?post=21651"},{"taxonomy":"product_cat","embeddable":true,"href":"https:\/\/chilimag.hu\/webshop\/wp-json\/wp\/v2\/product_cat?post=21651"},{"taxonomy":"product_tag","embeddable":true,"href":"https:\/\/chilimag.hu\/webshop\/wp-json\/wp\/v2\/product_tag?post=21651"}],"curies":[{"name":"wp","href":"https:\/\/api.w.org\/{rel}","templated":true}]}}