{"id":21646,"date":"2023-03-04T19:02:34","date_gmt":"2023-03-04T19:02:34","guid":{"rendered":"https:\/\/chilimag.hu\/webshop\/?post_type=product&#038;p=21646"},"modified":"2026-02-20T16:27:58","modified_gmt":"2026-02-20T16:27:58","slug":"padlizsan-giralda-z-s-sl","status":"publish","type":"product","link":"https:\/\/chilimag.hu\/webshop\/termek\/padlizsan-giralda-z-s-sl\/","title":{"rendered":"Padlizs\u00e1n Giralda Hibrid  Z.S SL"},"content":{"rendered":"","protected":false},"excerpt":{"rendered":"<p><img decoding=\"async\" class=\"active-logo\" src=\"https:\/\/b2b.seklos.lt\/themes\/warehouse\/img\/logo_en.png\" alt=\"Agrofirma S\u0117klos, UAB\" width=\"280\" height=\"95\" \/><\/p>\n<p>Korai hibrid fajta. Gy\u00fcm\u00f6lcsei nagyok, 23 cm hossz\u00faak, feket\u00e9k, f\u00e9nyesek, s\u00falyuk ak\u00e1r 210 gramm is lehet. A p\u00e9p kem\u00e9ny, feh\u00e9r. \u00dcvegh\u00e1zakban termesztik. A p\u00e1ratartalomhoz hasonl\u00f3an meleg v\u00edzzel \u00f6nt\u00f6zz\u00fck a nap els\u0151 fel\u00e9ben. A padlizs\u00e1n alacsony kal\u00f3riatartalm\u00fa. 93,2% vizet, 3% cukrot, legfeljebb 1,2% rostot, k\u00e1liumot \u00e9s egy\u00e9b s\u00f3kat tartalmaznak. Tov\u00e1bb\u00e1 kis mennyis\u00e9g\u0171 B-vitamint, C-vitamint \u00e9s karotint. Haszn\u00e1lt s\u00fctve, p\u00e1rolva, tart\u00f3s\u00edthat\u00f3.<br \/>\nH \u00e1rcsoport<br \/>\nMennyis\u00e9g egy csomagban 0,1g<br \/>\nMagok sz\u00e1ma grammonk\u00e9nt K\u00f6r\u00fclbel\u00fcl 200-220 mag<br \/>\nTranszplant\u00e1ci\u00f3 V-VI<br \/>\n\u00dcltet\u00e9si t\u00e1vols\u00e1gok 75&#215;40-50 cm<br \/>\nSz\u00fcret VII\u2013IX<br \/>\nNapos hely Igen<br \/>\nTermeszt\u00e9si hely \u00dcvegh\u00e1zban<br \/>\nA fajta korai ideje Korai<br \/>\nA pal\u00e1nt\u00e1k vet\u00e9si ideje III-IV<br \/>\nA gy\u00fcm\u00f6lcs alakja El\u00e9g hossz\u00fa<br \/>\nGy\u00e1rt\u00f3 \u017dalia stotel\u0117<\/p>\n","protected":false},"featured_media":21647,"comment_status":"closed","ping_status":"closed","template":"","meta":[],"product_brand":[],"product_cat":[411],"product_tag":[],"class_list":{"0":"post-21646","1":"product","2":"type-product","3":"status-publish","4":"has-post-thumbnail","6":"product_cat-uborka-es-padlizsan-vetomagok-zalia-stotele","8":"first","9":"instock","10":"taxable","11":"shipping-taxable","12":"purchasable","13":"product-type-simple"},"_links":{"self":[{"href":"https:\/\/chilimag.hu\/webshop\/wp-json\/wp\/v2\/product\/21646","targetHints":{"allow":["GET"]}}],"collection":[{"href":"https:\/\/chilimag.hu\/webshop\/wp-json\/wp\/v2\/product"}],"about":[{"href":"https:\/\/chilimag.hu\/webshop\/wp-json\/wp\/v2\/types\/product"}],"replies":[{"embeddable":true,"href":"https:\/\/chilimag.hu\/webshop\/wp-json\/wp\/v2\/comments?post=21646"}],"wp:featuredmedia":[{"embeddable":true,"href":"https:\/\/chilimag.hu\/webshop\/wp-json\/wp\/v2\/media\/21647"}],"wp:attachment":[{"href":"https:\/\/chilimag.hu\/webshop\/wp-json\/wp\/v2\/media?parent=21646"}],"wp:term":[{"taxonomy":"product_brand","embeddable":true,"href":"https:\/\/chilimag.hu\/webshop\/wp-json\/wp\/v2\/product_brand?post=21646"},{"taxonomy":"product_cat","embeddable":true,"href":"https:\/\/chilimag.hu\/webshop\/wp-json\/wp\/v2\/product_cat?post=21646"},{"taxonomy":"product_tag","embeddable":true,"href":"https:\/\/chilimag.hu\/webshop\/wp-json\/wp\/v2\/product_tag?post=21646"}],"curies":[{"name":"wp","href":"https:\/\/api.w.org\/{rel}","templated":true}]}}