{"id":21642,"date":"2023-03-04T18:57:54","date_gmt":"2023-03-04T18:57:54","guid":{"rendered":"https:\/\/chilimag.hu\/webshop\/?post_type=product&#038;p=21642"},"modified":"2026-02-26T07:55:22","modified_gmt":"2026-02-26T07:55:22","slug":"padlizsan-black-beauty-z-s-sl","status":"publish","type":"product","link":"https:\/\/chilimag.hu\/webshop\/termek\/padlizsan-black-beauty-z-s-sl\/","title":{"rendered":"Padlizs\u00e1n Black Beauty Z.S SL"},"content":{"rendered":"","protected":false},"excerpt":{"rendered":"<p><img decoding=\"async\" class=\"active-logo\" src=\"https:\/\/b2b.seklos.lt\/themes\/warehouse\/img\/logo_en.png\" alt=\"Agrofirma S\u0117klos, UAB\" width=\"280\" height=\"95\" \/><\/p>\n<p>K\u00f6z\u00e9pkorai fajta. Gy\u00fcm\u00f6lcsei nagyok, s\u00f6t\u00e9tlila h\u00e9j\u00faak. A h\u00fas kem\u00e9ny \u00e9s feh\u00e9r. A gy\u00fcm\u00f6lcs\u00f6t akkor sz\u00fcretelik, amikor a h\u00e9ja f\u00e9nyes: k\u00e9s\u0151bb keser\u0171v\u00e9 v\u00e1lhat.<br \/>\nB \u00e1rcsoport<br \/>\nMennyis\u00e9g kiszerel\u00e9sben 0,5g<br \/>\nMagok sz\u00e1ma grammonk\u00e9nt K\u00f6r\u00fclbel\u00fcl 200-220 mag<br \/>\nTranszplant\u00e1ci\u00f3 V-VI<br \/>\n\u00dcltet\u00e9si t\u00e1vols\u00e1gok 75&#215;40-50 cm<br \/>\nSz\u00fcret VI-IX<br \/>\nTermeszt\u00e9si hely \u00dcvegh\u00e1zban<br \/>\nA fajta korai ideje M\u00e9rs\u00e9kelten korai<br \/>\nA pal\u00e1nt\u00e1k vet\u00e9si ideje III-IV<br \/>\nA gy\u00fcm\u00f6lcs alakja Kerek<br \/>\nGy\u00e1rt\u00f3 \u017dalia stotel\u0117<\/p>\n","protected":false},"featured_media":21643,"comment_status":"closed","ping_status":"closed","template":"","meta":[],"product_brand":[],"product_cat":[411],"product_tag":[],"class_list":{"0":"post-21642","1":"product","2":"type-product","3":"status-publish","4":"has-post-thumbnail","6":"product_cat-uborka-es-padlizsan-vetomagok-zalia-stotele","8":"first","9":"instock","10":"taxable","11":"shipping-taxable","12":"purchasable","13":"product-type-simple"},"_links":{"self":[{"href":"https:\/\/chilimag.hu\/webshop\/wp-json\/wp\/v2\/product\/21642","targetHints":{"allow":["GET"]}}],"collection":[{"href":"https:\/\/chilimag.hu\/webshop\/wp-json\/wp\/v2\/product"}],"about":[{"href":"https:\/\/chilimag.hu\/webshop\/wp-json\/wp\/v2\/types\/product"}],"replies":[{"embeddable":true,"href":"https:\/\/chilimag.hu\/webshop\/wp-json\/wp\/v2\/comments?post=21642"}],"wp:featuredmedia":[{"embeddable":true,"href":"https:\/\/chilimag.hu\/webshop\/wp-json\/wp\/v2\/media\/21643"}],"wp:attachment":[{"href":"https:\/\/chilimag.hu\/webshop\/wp-json\/wp\/v2\/media?parent=21642"}],"wp:term":[{"taxonomy":"product_brand","embeddable":true,"href":"https:\/\/chilimag.hu\/webshop\/wp-json\/wp\/v2\/product_brand?post=21642"},{"taxonomy":"product_cat","embeddable":true,"href":"https:\/\/chilimag.hu\/webshop\/wp-json\/wp\/v2\/product_cat?post=21642"},{"taxonomy":"product_tag","embeddable":true,"href":"https:\/\/chilimag.hu\/webshop\/wp-json\/wp\/v2\/product_tag?post=21642"}],"curies":[{"name":"wp","href":"https:\/\/api.w.org\/{rel}","templated":true}]}}